{"id":16017,"date":"2020-05-06T11:47:20","date_gmt":"2020-05-06T10:47:20","guid":{"rendered":"https:\/\/www.ateti.pt\/loja\/?post_type=product&#038;p=16017"},"modified":"2026-01-02T19:12:13","modified_gmt":"2026-01-02T19:12:13","slug":"vinagre-balsamico-sp-25cl-paladin","status":"publish","type":"product","link":"https:\/\/www.ateti.pt\/loja\/produto\/vinagre-balsamico-sp-25cl-paladin\/","title":{"rendered":"Vinagre B\u00e1lsamico Spray Paladin 250mL"},"content":{"rendered":"<h5>Vinagre B\u00e1lsamico Paladin<\/h5>\n<p>Quantidade: 250mL<\/p>\n<p><strong>Ingredientes:<\/strong> Vinagre de vinho, mosto de uva concentrado, corante(caramelo sulfitico de am\u00f3nia). Cont\u00e9m sulfitos.<\/p>\n<p><strong>Valores nutricionais: <\/strong>Energia: 360kj\/84kcal; L\u00edpidos: 0g, dos quais saturados: 0g; Hidratos de carbono: 15.9g, dos quais a\u00e7\u00facares: 15.3g; Prote\u00ednas:0.7g; Sal: 0.05g.<\/p>\n<p>Sugest\u00e3o de receita<\/p>\n<h5>Salm\u00e3o no forno com mel e vinagre bals\u00e2mico<\/h5>\n<p><strong>Ingredientes:<\/strong><\/p>\n<ul>\n<li>1 emb. de\u00a0Medalh\u00f5es de Salm\u00e3o Pescanova<\/li>\n<li>\u00a0Pur\u00e9 de Batata<\/li>\n<li><span class=\"bull\">\u2022<\/span>3 c. de sopa de mel<\/li>\n<li><span class=\"bull\">\u2022<\/span>2 c. de sopa de vinagre bals\u00e2mico Paladin<\/li>\n<li><span class=\"bull\">\u2022<\/span>azeite, sal, gengibre e pimenta q.b.<\/li>\n<\/ul>\n<p>Cobertura:<\/p>\n<ul>\n<li><span class=\"bull\">\u2022<\/span>1 cebola roxa; 1 talo de aipo<\/li>\n<li><span class=\"bull\">\u2022<\/span>1 ma\u00e7\u00e3<\/li>\n<li><span class=\"bull\">\u2022<\/span>sal e sementes de s\u00e9samo q.b.<\/li>\n<li><span class=\"bull\">\u2022<\/span>2 c. de sopa de vinagre de sidra<\/li>\n<\/ul>\n<p><strong>Prepara\u00e7\u00e3o:<\/strong><\/p>\n<div class=\"product-detail recipe-detail\">\n<div class=\"outer-container\">\n<div class=\"inner-container\">\n<div class=\"product-right\">\n<div class=\"product-right-container\">\n<div class=\"recipe-preparation\">\n<div class=\"details\">\n<p>1. Deixe descongelar o salm\u00e3o, tempere com sal e pimenta. Junte o vinagre bals\u00e2mico, o azeite e o mel e pincele o salm\u00e3o com este preparado. Leve ao forno a 220\u00ba aprox. 10 min.<\/p>\n<p>2. Cozinhe o pur\u00e9. Aromatize com gengibre ralado.<\/p>\n<p>3. Entretanto prepare a cobertura. Corte a cebola em 1\/2 luas, a ma\u00e7\u00e3 em juliana e o aipo laminado. Tempere com sal, vinagre de sidra, junte as sementes de s\u00e9samo e envolva.<\/p>\n<p>4. Sirva o salm\u00e3o com o pur\u00e9 e a cobertura.<\/p>\n<\/div>\n<\/div>\n<\/div>\n<\/div>\n<\/div>\n<\/div>\n<\/div>\n<div class=\"product-sliders\">\n<div class=\"inner-container\">\n<div class=\"product-slider for-products\">\n<div class=\"top\">Bom apetite!<\/div>\n<\/div>\n<\/div>\n<\/div>\n<p>Veja mais em <a href=\"https:\/\/www.ateti.pt\/loja\/categoria\/mercearia\/temperos-e-molhos\/\">Temperos e Molhos<\/a><\/p>\n","protected":false},"excerpt":{"rendered":"<p>8.76\u20ac\/LT<\/p>\n","protected":false},"featured_media":60694,"comment_status":"closed","ping_status":"closed","template":"","meta":{"_themeisle_gutenberg_block_has_review":false},"product_brand":[],"product_cat":[132,174],"product_tag":[],"woo-feed-brand":[],"class_list":{"0":"post-16017","1":"product","2":"type-product","3":"status-publish","4":"has-post-thumbnail","6":"product_cat-mercearia","7":"product_cat-temperos-e-molhos","8":"ts_product_brand-paladin","10":"first","11":"instock","12":"taxable","13":"shipping-taxable","14":"purchasable","15":"product-type-simple"},"_links":{"self":[{"href":"https:\/\/www.ateti.pt\/loja\/wp-json\/wp\/v2\/product\/16017","targetHints":{"allow":["GET"]}}],"collection":[{"href":"https:\/\/www.ateti.pt\/loja\/wp-json\/wp\/v2\/product"}],"about":[{"href":"https:\/\/www.ateti.pt\/loja\/wp-json\/wp\/v2\/types\/product"}],"replies":[{"embeddable":true,"href":"https:\/\/www.ateti.pt\/loja\/wp-json\/wp\/v2\/comments?post=16017"}],"wp:featuredmedia":[{"embeddable":true,"href":"https:\/\/www.ateti.pt\/loja\/wp-json\/wp\/v2\/media\/60694"}],"wp:attachment":[{"href":"https:\/\/www.ateti.pt\/loja\/wp-json\/wp\/v2\/media?parent=16017"}],"wp:term":[{"taxonomy":"product_brand","embeddable":true,"href":"https:\/\/www.ateti.pt\/loja\/wp-json\/wp\/v2\/product_brand?post=16017"},{"taxonomy":"product_cat","embeddable":true,"href":"https:\/\/www.ateti.pt\/loja\/wp-json\/wp\/v2\/product_cat?post=16017"},{"taxonomy":"product_tag","embeddable":true,"href":"https:\/\/www.ateti.pt\/loja\/wp-json\/wp\/v2\/product_tag?post=16017"},{"taxonomy":"woo-feed-brand","embeddable":true,"href":"https:\/\/www.ateti.pt\/loja\/wp-json\/wp\/v2\/woo-feed-brand?post=16017"}],"curies":[{"name":"wp","href":"https:\/\/api.w.org\/{rel}","templated":true}]}}