{"id":16001,"date":"2020-05-06T10:54:56","date_gmt":"2020-05-06T09:54:56","guid":{"rendered":"https:\/\/www.ateti.pt\/loja\/?post_type=product&#038;p=16001"},"modified":"2026-01-19T08:44:34","modified_gmt":"2026-01-19T08:44:34","slug":"pensos-hig-normal-alas-16-evax","status":"publish","type":"product","link":"https:\/\/www.ateti.pt\/loja\/produto\/pensos-hig-normal-alas-16-evax\/","title":{"rendered":"Pensos Higi\u00e9nicos Normal c\/Alas Evax 16un."},"content":{"rendered":"<h5>Pensos Higi\u00e9nicos Normal c\/Alas Evax<\/h5>\n<p>Quantidade: 16un.<\/p>\n<p>Experimenta os pensos higi\u00e9nicos EVAX Cottonlike e nem te vais lembrar que os est\u00e1s a usar. Gra\u00e7as ao sistema duplo da EVAX com p\u00e9rolas neutralizadoras do odor e ao seu n\u00facleo que proporciona uma absor\u00e7\u00e3o instant\u00e2nea, estes pensos s\u00e3o superabsorventes e mant\u00eam-te 100% limpa, confiante e sem odor. Com abas que fixam o penso \u00e0s tuas cuequinhas e uma cobertura cottonlike que te proporciona um conforto duradouro.<\/p>\n<p>Os pensos higi\u00e9nicos EVAX est\u00e3o dispon\u00edveis em diferentes n\u00edveis de absor\u00e7\u00e3o. Experimenta os pensos EVAX Cottonlike Normal com abas para os dias de menor fluxo e fluxo regular.<\/p>\n<p><strong>R\u00e1pida absor\u00e7\u00e3o<\/strong><\/p>\n<p>Prote\u00e7\u00e3o duradoura durante todo o dia, gra\u00e7as \u00e0 sua r\u00e1pida absor\u00e7\u00e3o.<\/p>\n<p><strong>Sistema duplo para controlo do odor e absor\u00e7\u00e3o instant\u00e2nea<\/strong><\/p>\n<p>O Sistema Duplo EVAX Cottonlike possui p\u00e9rolas que neutralizam e combatem o odor e o seu n\u00facleo absorvente proporciona uma absor\u00e7\u00e3o instant\u00e2nea.<\/p>\n<p><strong>Cobertura Cottonlike para maior conforto<\/strong><\/p>\n<p>A cobertura cottonlike proporciona conforto e suavidade duradouros.<\/p>\n<p><strong>Dermatologicamente testado para peles delicadas<\/strong><\/p>\n<p>Os pensos EVAX s\u00e3o dermatologicamente testados, garantindo uma prote\u00e7\u00e3o delicada.<\/p>\n<p>Vejo mais em <a href=\"https:\/\/www.ateti.pt\/loja\/categoria\/higiene-e-limpeza\/higiene\/higiene-feminina\/\">Higiene Feminina<\/a><\/p>\n","protected":false},"excerpt":{"rendered":"<p>0.16\u20ac\/UNID<\/p>\n","protected":false},"featured_media":60727,"comment_status":"closed","ping_status":"closed","template":"","meta":{"_themeisle_gutenberg_block_has_review":false},"product_brand":[],"product_cat":[203,190,230],"product_tag":[],"woo-feed-brand":[],"class_list":{"0":"post-16001","1":"product","2":"type-product","3":"status-publish","4":"has-post-thumbnail","6":"product_cat-beleza-e-higiene","7":"product_cat-desinfetantes-e-limpeza","8":"product_cat-higiene-feminina","9":"ts_product_brand-evax","11":"first","12":"instock","13":"taxable","14":"shipping-taxable","15":"purchasable","16":"product-type-simple"},"_links":{"self":[{"href":"https:\/\/www.ateti.pt\/loja\/wp-json\/wp\/v2\/product\/16001","targetHints":{"allow":["GET"]}}],"collection":[{"href":"https:\/\/www.ateti.pt\/loja\/wp-json\/wp\/v2\/product"}],"about":[{"href":"https:\/\/www.ateti.pt\/loja\/wp-json\/wp\/v2\/types\/product"}],"replies":[{"embeddable":true,"href":"https:\/\/www.ateti.pt\/loja\/wp-json\/wp\/v2\/comments?post=16001"}],"wp:featuredmedia":[{"embeddable":true,"href":"https:\/\/www.ateti.pt\/loja\/wp-json\/wp\/v2\/media\/60727"}],"wp:attachment":[{"href":"https:\/\/www.ateti.pt\/loja\/wp-json\/wp\/v2\/media?parent=16001"}],"wp:term":[{"taxonomy":"product_brand","embeddable":true,"href":"https:\/\/www.ateti.pt\/loja\/wp-json\/wp\/v2\/product_brand?post=16001"},{"taxonomy":"product_cat","embeddable":true,"href":"https:\/\/www.ateti.pt\/loja\/wp-json\/wp\/v2\/product_cat?post=16001"},{"taxonomy":"product_tag","embeddable":true,"href":"https:\/\/www.ateti.pt\/loja\/wp-json\/wp\/v2\/product_tag?post=16001"},{"taxonomy":"woo-feed-brand","embeddable":true,"href":"https:\/\/www.ateti.pt\/loja\/wp-json\/wp\/v2\/woo-feed-brand?post=16001"}],"curies":[{"name":"wp","href":"https:\/\/api.w.org\/{rel}","templated":true}]}}