{"id":15981,"date":"2020-05-05T16:35:37","date_gmt":"2020-05-05T15:35:37","guid":{"rendered":"https:\/\/www.ateti.pt\/loja\/?post_type=product&#038;p=15981"},"modified":"2026-02-24T10:01:41","modified_gmt":"2026-02-24T10:01:41","slug":"oregaos-folha-4gr-margao","status":"publish","type":"product","link":"https:\/\/www.ateti.pt\/loja\/produto\/oregaos-folha-4gr-margao\/","title":{"rendered":"Oreg\u00e3os Folha Marg\u00e3o 4g"},"content":{"rendered":"<p><strong>Oreg\u00e3os Folha Marg\u00e3o<\/strong><\/p>\n<p>Quantidade: 4g<\/p>\n<p>O cheiro e o sabor dos or\u00e9g\u00e3os s\u00e3o provocados pelos \u00f3leos essenciais. Quanto mais sol apanharem, melhor ser\u00e1 o aroma.\u00a0O sabor dos or\u00e9g\u00e3os \u00e9 condimentado, um pouco adocicado e muito refrescante. T\u00eam um cheiro intenso.<\/p>\n<p>Seco cuidadosamente para ajudar a preservar a cor, o sabor e o aroma natural.<\/p>\n<p>Ideal para caldeiradas, carac\u00f3is e pizzas.<\/p>\n<p>Indispens\u00e1vel para aromatizar gaspachos, pizzas, saladas de tomate, recheios de carne, caldeiradas e grelhados.<\/p>\n<p>Conservar ao abrigo da lux, do calor e da humidade.<\/p>\n<h4>Sugest\u00e3o de receita<\/h4>\n<h5><strong>Pizza de Frango<\/strong><\/h5>\n<p><strong>Ingredientes:<\/strong><\/p>\n<p>2 metades de peito de frango sem pele<\/p>\n<p>2 colheres de sopa de molho barbecue<\/p>\n<p>1 pacote de molho de tomate<\/p>\n<p>1 embalagem de queijo ralado mozzarella<\/p>\n<p>2 tomates fatiados<\/p>\n<p>1\/2 cebola roxa em fatias finas<\/p>\n<p>1 colher de ch\u00e1\u00a0Segredos Aves<\/p>\n<p>1 colher de sopa de azeite<\/p>\n<p>1 colher de ch\u00e1\u00a0Or\u00e9g\u00e3os Folhas<\/p>\n<p>1 base para piza<\/p>\n<p><strong>Prepara\u00e7\u00e3o:<\/strong><\/p>\n<div class=\"col-xs-12 col-md-12 step-content\">\n<p>1-Polvilhe ambos os lados do frango com Segredos Aves Marg\u00e3o e com o azeite. De seguida grelhe 5 a 7 minutos de cada lado ou at\u00e9 que o frango esteja cozinhado.<\/p>\n<\/div>\n<div class=\"col-xs-12 col-md-12 step-content\">\n<p>2-Corte em tiras e coloque numa tigela, misturando com o molho barbecue.<\/p>\n<\/div>\n<div class=\"col-xs-12 col-md-12 step-content\">\n<p>3-Pincele o topo da base com \u00f3leo e coloque o lado oleado no tabuleiro.<\/p>\n<\/div>\n<div class=\"col-xs-12 col-md-12 step-content\">\n<p>4-Coloque duas colheres de sopa do molho de tomate no topo da piza e espalhe o frango. De seguida coloque o tomate, a cebola e o queijo.<\/p>\n<\/div>\n<div class=\"col-xs-12 col-md-12 step-content\">\n<p>5-Leve ao forno at\u00e9 ficar cozinhada.<\/p>\n<\/div>\n<div class=\"col-xs-12 col-md-12 step-content\">\n<p>6-Retire do forno e polvilhe com or\u00e9g\u00e3os.<\/p>\n<p>Bom apetite!<\/p>\n<p>Veja mais em <a href=\"https:\/\/www.ateti.pt\/loja\/categoria\/mercearia\/temperos-e-molhos\/\">Temperos e Molhos<\/a><\/p>\n<\/div>\n","protected":false},"excerpt":{"rendered":"<p>172.50\u20ac\/KG<\/p>\n","protected":false},"featured_media":62647,"comment_status":"closed","ping_status":"closed","template":"","meta":{"_themeisle_gutenberg_block_has_review":false},"product_brand":[],"product_cat":[132,174],"product_tag":[],"woo-feed-brand":[],"class_list":{"0":"post-15981","1":"product","2":"type-product","3":"status-publish","4":"has-post-thumbnail","6":"product_cat-mercearia","7":"product_cat-temperos-e-molhos","8":"ts_product_brand-margao","10":"first","11":"outofstock","12":"taxable","13":"shipping-taxable","14":"purchasable","15":"product-type-simple"},"_links":{"self":[{"href":"https:\/\/www.ateti.pt\/loja\/wp-json\/wp\/v2\/product\/15981","targetHints":{"allow":["GET"]}}],"collection":[{"href":"https:\/\/www.ateti.pt\/loja\/wp-json\/wp\/v2\/product"}],"about":[{"href":"https:\/\/www.ateti.pt\/loja\/wp-json\/wp\/v2\/types\/product"}],"replies":[{"embeddable":true,"href":"https:\/\/www.ateti.pt\/loja\/wp-json\/wp\/v2\/comments?post=15981"}],"wp:featuredmedia":[{"embeddable":true,"href":"https:\/\/www.ateti.pt\/loja\/wp-json\/wp\/v2\/media\/62647"}],"wp:attachment":[{"href":"https:\/\/www.ateti.pt\/loja\/wp-json\/wp\/v2\/media?parent=15981"}],"wp:term":[{"taxonomy":"product_brand","embeddable":true,"href":"https:\/\/www.ateti.pt\/loja\/wp-json\/wp\/v2\/product_brand?post=15981"},{"taxonomy":"product_cat","embeddable":true,"href":"https:\/\/www.ateti.pt\/loja\/wp-json\/wp\/v2\/product_cat?post=15981"},{"taxonomy":"product_tag","embeddable":true,"href":"https:\/\/www.ateti.pt\/loja\/wp-json\/wp\/v2\/product_tag?post=15981"},{"taxonomy":"woo-feed-brand","embeddable":true,"href":"https:\/\/www.ateti.pt\/loja\/wp-json\/wp\/v2\/woo-feed-brand?post=15981"}],"curies":[{"name":"wp","href":"https:\/\/api.w.org\/{rel}","templated":true}]}}