{"id":15948,"date":"2025-01-15T11:42:56","date_gmt":"2025-01-15T11:42:56","guid":{"rendered":"https:\/\/www.ateti.pt\/loja\/?post_type=product&#038;p=15948"},"modified":"2025-08-01T11:52:49","modified_gmt":"2025-08-01T10:52:49","slug":"cafe-nicola-rossio-em-grao-1kg","status":"publish","type":"product","link":"https:\/\/www.ateti.pt\/loja\/produto\/cafe-nicola-rossio-em-grao-1kg\/","title":{"rendered":"Caf\u00e9 em Gr\u00e3o Rossio 1Kg Nicola"},"content":{"rendered":"<h5>Caf\u00e9 Nicola Rossio em Gr\u00e3o<\/h5>\n<p>Quantidade: 1Kg<\/p>\n<p><strong>Descri\u00e7\u00e3o:\u00a0<\/strong>O encontro perfeito entre um aroma intenso e uma bebida encorpada. Um lote perfeito para quem marca presen\u00e7a.<\/p>\n<p><strong>Intensidade:<\/strong>\u00a010<\/p>\n<p>Conservar em local fresco e seco.<\/p>\n<p>Veja mais em <a href=\"https:\/\/www.ateti.pt\/loja\/categoria\/cafe-moido-em-grao-e-soluvel\/\">Caf\u00e9 mo\u00eddo, em gr\u00e3o e sol\u00favel<\/a><\/p>\n","protected":false},"excerpt":{"rendered":"<p>14.59\u20ac\/kg<\/p>\n","protected":false},"featured_media":31946,"comment_status":"closed","ping_status":"closed","template":"","meta":{"_themeisle_gutenberg_block_has_review":false},"product_brand":[],"product_cat":[250,692,170,695,24,132],"product_tag":[],"woo-feed-brand":[],"class_list":{"0":"post-15948","1":"product","2":"type-product","3":"status-publish","4":"has-post-thumbnail","6":"product_cat-ate-ti-negocios","7":"product_cat-cafe","8":"product_cat-cafe-em-grao","9":"product_cat-cafe-grao","10":"product_cat-cafe-moido-em-grao-e-soluvel","11":"product_cat-mercearia","12":"ts_product_brand-nicola","14":"first","15":"instock","16":"sale","17":"taxable","18":"shipping-taxable","19":"purchasable","20":"product-type-simple"},"_links":{"self":[{"href":"https:\/\/www.ateti.pt\/loja\/wp-json\/wp\/v2\/product\/15948","targetHints":{"allow":["GET"]}}],"collection":[{"href":"https:\/\/www.ateti.pt\/loja\/wp-json\/wp\/v2\/product"}],"about":[{"href":"https:\/\/www.ateti.pt\/loja\/wp-json\/wp\/v2\/types\/product"}],"replies":[{"embeddable":true,"href":"https:\/\/www.ateti.pt\/loja\/wp-json\/wp\/v2\/comments?post=15948"}],"wp:featuredmedia":[{"embeddable":true,"href":"https:\/\/www.ateti.pt\/loja\/wp-json\/wp\/v2\/media\/31946"}],"wp:attachment":[{"href":"https:\/\/www.ateti.pt\/loja\/wp-json\/wp\/v2\/media?parent=15948"}],"wp:term":[{"taxonomy":"product_brand","embeddable":true,"href":"https:\/\/www.ateti.pt\/loja\/wp-json\/wp\/v2\/product_brand?post=15948"},{"taxonomy":"product_cat","embeddable":true,"href":"https:\/\/www.ateti.pt\/loja\/wp-json\/wp\/v2\/product_cat?post=15948"},{"taxonomy":"product_tag","embeddable":true,"href":"https:\/\/www.ateti.pt\/loja\/wp-json\/wp\/v2\/product_tag?post=15948"},{"taxonomy":"woo-feed-brand","embeddable":true,"href":"https:\/\/www.ateti.pt\/loja\/wp-json\/wp\/v2\/woo-feed-brand?post=15948"}],"curies":[{"name":"wp","href":"https:\/\/api.w.org\/{rel}","templated":true}]}}