{"id":15929,"date":"2025-12-07T09:40:16","date_gmt":"2025-12-07T09:40:16","guid":{"rendered":"https:\/\/www.ateti.pt\/loja\/?post_type=product&#038;p=15929"},"modified":"2026-02-13T16:01:34","modified_gmt":"2026-02-13T16:01:34","slug":"banzai-noodles-sabor-galinha-cigala-67g","status":"publish","type":"product","link":"https:\/\/www.ateti.pt\/loja\/produto\/banzai-noodles-sabor-galinha-cigala-67g\/","title":{"rendered":"Banzai Noodles sabor Galinha Cigala 67g"},"content":{"rendered":"<p><strong>Banzai Noodles sabor Galinha Cigala<\/strong><\/p>\n<p>Cigala Banzai Noodle s\u00e3o massas orientais cheias de sabor. \u00c9 uma alternativa r\u00e1pida e pr\u00e1tica que se adapta \u00e0s v\u00e1rias situa\u00e7\u00f5es no dia-a-dia.<\/p>\n<p><strong>Modo de prepara\u00e7\u00e3o:\u00a0<\/strong><\/p>\n<p>1. Abra um pouco da tampa da embalagem<\/p>\n<p>2. Encha com \u00e1gua a ferver<\/p>\n<p>3. Volte a fechar a embalagem e deixe repousar durante 3 minutos<\/p>\n<p>4. Retire a tampa por completo, misture bem e est\u00e1 pronto<\/p>\n<h4>Ingredientes<\/h4>\n<div class=\"form_field-label\">MASSA CHINESA [FARINHA DE TRIGO, \u00d3LEO VEGETAL DE PALMA, SAL, INTENSIFICADOR DE SABOR E 621, AGENTE DE TRATAMENTO DA FARINHA (E 500, E 451), ANTIOXIDANTE E 306, REGULADOR DE ACIDEZ: \u00c1CIDO C\u00cdTRICO] (90%), sal, cenoura, a\u00e7\u00facar, intensificadores de sabor (E 621, E 627, E 631), cebola verde, maltodextrina, ESPECIARIAS (AIPO), \u00f3leo vegetal de colza, aroma de galinha (0.1%), salsa, regulador de acidez: \u00e1cido c\u00edtrico, xarope de glicose, \u00f3leo vegetal de palma, PROTE\u00cdNAS DO LEITE.<\/div>\n<div><\/div>\n<div><strong>Valor para 100g<\/strong><\/div>\n<div><\/div>\n<div>Quantidade Unidade<br \/>\nDR \/ VRN<br \/>\nvalor energ\u00e9tico<br \/>\n1872 kJ<br \/>\nvalor energ\u00e9tico<br \/>\n447 Kcal<br \/>\ngrasas<br \/>\n20.2 g<br \/>\n\u00e1cidos grasos saturados<br \/>\n10.8 g<br \/>\nhidratos de carbono<br \/>\n54.4 g<br \/>\naz\u00facares<br \/>\n3.7 g<br \/>\nfibra alimentaria<br \/>\n5.5 g<br \/>\nprote\u00ednas<br \/>\n9.3 g<br \/>\nsal<br \/>\n7.8 g<\/div>\n<div><\/div>\n<div>Veja mais em <a href=\"https:\/\/www.ateti.pt\/loja\/categoria\/mercearia\/arrozemassas\/\">Arroz e Massas<\/a><\/div>\n","protected":false},"excerpt":{"rendered":"<p>16.27\u20ac\/kg<\/p>\n","protected":false},"featured_media":57165,"comment_status":"closed","ping_status":"closed","template":"","meta":{"_themeisle_gutenberg_block_has_review":false},"product_brand":[],"product_cat":[187,132],"product_tag":[],"woo-feed-brand":[],"class_list":{"0":"post-15929","1":"product","2":"type-product","3":"status-publish","4":"has-post-thumbnail","6":"product_cat-arrozemassas","7":"product_cat-mercearia","8":"ts_product_brand-cigala","10":"first","11":"instock","12":"taxable","13":"shipping-taxable","14":"purchasable","15":"product-type-simple"},"_links":{"self":[{"href":"https:\/\/www.ateti.pt\/loja\/wp-json\/wp\/v2\/product\/15929","targetHints":{"allow":["GET"]}}],"collection":[{"href":"https:\/\/www.ateti.pt\/loja\/wp-json\/wp\/v2\/product"}],"about":[{"href":"https:\/\/www.ateti.pt\/loja\/wp-json\/wp\/v2\/types\/product"}],"replies":[{"embeddable":true,"href":"https:\/\/www.ateti.pt\/loja\/wp-json\/wp\/v2\/comments?post=15929"}],"wp:featuredmedia":[{"embeddable":true,"href":"https:\/\/www.ateti.pt\/loja\/wp-json\/wp\/v2\/media\/57165"}],"wp:attachment":[{"href":"https:\/\/www.ateti.pt\/loja\/wp-json\/wp\/v2\/media?parent=15929"}],"wp:term":[{"taxonomy":"product_brand","embeddable":true,"href":"https:\/\/www.ateti.pt\/loja\/wp-json\/wp\/v2\/product_brand?post=15929"},{"taxonomy":"product_cat","embeddable":true,"href":"https:\/\/www.ateti.pt\/loja\/wp-json\/wp\/v2\/product_cat?post=15929"},{"taxonomy":"product_tag","embeddable":true,"href":"https:\/\/www.ateti.pt\/loja\/wp-json\/wp\/v2\/product_tag?post=15929"},{"taxonomy":"woo-feed-brand","embeddable":true,"href":"https:\/\/www.ateti.pt\/loja\/wp-json\/wp\/v2\/woo-feed-brand?post=15929"}],"curies":[{"name":"wp","href":"https:\/\/api.w.org\/{rel}","templated":true}]}}