{"id":15878,"date":"2023-06-22T11:20:30","date_gmt":"2023-06-22T10:20:30","guid":{"rendered":"https:\/\/www.ateti.pt\/loja\/?post_type=product&#038;p=15878"},"modified":"2026-03-26T16:19:29","modified_gmt":"2026-03-26T16:19:29","slug":"migas-de-paloco-demolhadas-congeladas-neutura-1kg","status":"publish","type":"product","link":"https:\/\/www.ateti.pt\/loja\/produto\/migas-de-paloco-demolhadas-congeladas-neutura-1kg\/","title":{"rendered":"Paloco Desfiado Demolhado Congelado Neutura 1Kg"},"content":{"rendered":"<h5>Migas de Paloco Demolhadas Congeladas Neutura<\/h5>\n<p>Quantidade: 1Kg<\/p>\n<p>&nbsp;<\/p>\n<p>Nome cient\u00edfico: Theragra chalcogramma.<\/p>\n<p>Capturado no Pac\u00edfico Noroeste FAO61<\/p>\n<p>Ingredientes: Paloco, \u00e1gua e sal.<\/p>\n<p>Declara\u00e7\u00e3o Nutricional: Energia: 265kj\/62kcal; L\u00edpidos:&lt;0,5g; dos quais \u00e1cidos gordos saturados: &lt;0,02g; Hidratos de Carbono: &lt;0,5g; dos quais a\u00e7ucares: &lt;0,5g; Prote\u00ednas: 15,6g; Sal: 1,04g.<\/p>\n<p>Pode conter espinhas e vest\u00edgios de moluscos.<\/p>\n<p>Como preparar Migas de Paloco<\/p>\n<p>Sugest\u00e3o de receita<\/p>\n<h5>Migas de Paloco gratinadas com del\u00edcias do mar<\/h5>\n<p><strong>Ingredientes:<\/strong><\/p>\n<ul class=\"wpurp-recipe-ingredient-container\">\n<li class=\"wpurp-recipe-ingredient\"><span class=\"wpurp-recipe-ingredient-quantity\" data-normalized=\"500\" data-fraction=\"\" data-original=\"500\">500<\/span>\u00a0<span class=\"wpurp-recipe-ingredient-unit\" data-original=\"g\">g<\/span>\u00a0<span class=\"wpurp-recipe-ingredient-name\"><a href=\"https:\/\/www.ateti.pt\/loja\/categoria\/congelados\/peixeemarisco\/\">de migas de paloco<\/a><\/span><\/li>\n<li class=\"wpurp-recipe-ingredient\"><span class=\"wpurp-recipe-ingredient-quantity\" data-normalized=\"120\" data-fraction=\"\" data-original=\"120\">120<\/span>\u00a0<span class=\"wpurp-recipe-ingredient-unit\" data-original=\"g\">g<\/span>\u00a0<span class=\"wpurp-recipe-ingredient-name\"><a href=\"https:\/\/www.ateti.pt\/loja\/categoria\/congelados\/peixeemarisco\/\">de del\u00edcias do mar<\/a><\/span><\/li>\n<li class=\"wpurp-recipe-ingredient\"><span class=\"wpurp-recipe-ingredient-quantity\" data-normalized=\"800\" data-fraction=\"\" data-original=\"800\">800<\/span>\u00a0<span class=\"wpurp-recipe-ingredient-unit\" data-original=\"g\">g<\/span>\u00a0<span class=\"wpurp-recipe-ingredient-name\"><a href=\"https:\/\/www.ateti.pt\/loja\/categoria\/frutas-e-legumes\/legumes-frescos\/\">de pur\u00e9 de batata<\/a><\/span><\/li>\n<li class=\"wpurp-recipe-ingredient\"><span class=\"wpurp-recipe-ingredient-quantity\" data-normalized=\"1\" data-fraction=\"\" data-original=\"1\">1<\/span>\u00a0<span class=\"wpurp-recipe-ingredient-name\"><a href=\"https:\/\/www.ateti.pt\/loja\/categoria\/frutas-e-legumes\/legumes-frescos\/\">alho-franc\u00eas<\/a><\/span><\/li>\n<li class=\"wpurp-recipe-ingredient\"><span class=\"wpurp-recipe-ingredient-quantity\" data-normalized=\"1\" data-fraction=\"\" data-original=\"1\">1<\/span>\u00a0<span class=\"wpurp-recipe-ingredient-name\"><a href=\"https:\/\/www.ateti.pt\/loja\/categoria\/frutas-e-legumes\/legumes-frescos\/\">cenoura<\/a><\/span><\/li>\n<li class=\"wpurp-recipe-ingredient\"><span class=\"wpurp-recipe-ingredient-quantity\" data-normalized=\"2\" data-fraction=\"\" data-original=\"2\">2<\/span>\u00a0<span class=\"wpurp-recipe-ingredient-name\"><a href=\"https:\/\/www.ateti.pt\/loja\/categoria\/frutas-e-legumes\/legumes-frescos\/\">cebolas<\/a><\/span><\/li>\n<li class=\"wpurp-recipe-ingredient\"><span class=\"wpurp-recipe-ingredient-quantity\" data-normalized=\"2\" data-fraction=\"\" data-original=\"2\">2<\/span>\u00a0<span class=\"wpurp-recipe-ingredient-name\"><a href=\"https:\/\/www.ateti.pt\/loja\/categoria\/frutas-e-legumes\/legumes-frescos\/\">dentes de alho<\/a><\/span><\/li>\n<li class=\"wpurp-recipe-ingredient\"><span class=\"wpurp-recipe-ingredient-quantity\" data-normalized=\"50\" data-fraction=\"\" data-original=\"50\">50<\/span>\u00a0<span class=\"wpurp-recipe-ingredient-unit\" data-original=\"ml\">ml<\/span>\u00a0<span class=\"wpurp-recipe-ingredient-name\"><a href=\"https:\/\/www.ateti.pt\/loja\/categoria\/mercearia\/azeiteseoleos\/\">de\u00a0azeite<\/a><\/span><\/li>\n<li class=\"wpurp-recipe-ingredient\"><span class=\"wpurp-recipe-ingredient-quantity\" data-normalized=\"2\" data-fraction=\"\" data-original=\"2\">2<\/span>\u00a0<span class=\"wpurp-recipe-ingredient-unit\" data-original=\"colheres (sopa)\">colheres (sopa)<\/span>\u00a0<span class=\"wpurp-recipe-ingredient-name\">de salsa picada<\/span><\/li>\n<li class=\"wpurp-recipe-ingredient\"><span class=\"wpurp-recipe-ingredient-name\"><a href=\"https:\/\/www.ateti.pt\/loja\/categoria\/mercearia\/temperos-e-molhos\/\">Sal e pimenta q.b.<\/a><\/span><\/li>\n<li class=\"wpurp-recipe-ingredient\"><span class=\"wpurp-recipe-ingredient-name\">Ovo batido para pincelar<\/span><\/li>\n<\/ul>\n<p><strong>Prepara\u00e7\u00e3o:<\/strong><\/p>\n<div class=\"wpurp-rows-row\">\n<div class=\"wpurp-rows\">\n<div class=\"wpurp-rows-row\">\n<div class=\"wpurp-recipe-instructions\">\n<div class=\"wpurp-recipe-instruction-group-container wpurp-recipe-instruction-group-container-\">\n<div class=\"wpurp-rows\">\n<div class=\"wpurp-rows-row\">\n<ol class=\"wpurp-recipe-instruction-container\">\n<li class=\"wpurp-recipe-instruction\">\n<div class=\"wpurp-rows\">\n<div class=\"wpurp-rows-row\"><span class=\"wpurp-recipe-instruction-text\">Descasque as cebolas, corte-as em meias-luas e aloure-as num tacho com o azeite. Adicione os alhos picados, refogue-os ligeiramente, depois junte a cenoura ralada e o alho-franc\u00eas, cortado em rodelas finas, e misture.<\/span><\/div>\n<div><\/div>\n<\/div>\n<\/li>\n<li class=\"wpurp-recipe-instruction\">\n<div class=\"wpurp-rows\">\n<div class=\"wpurp-rows-row\"><span class=\"wpurp-recipe-instruction-text\">Cozinhe mais um pouco, acrescente as migas, envolva e deixe cozinhar. Por fim, junte as del\u00edcias do mar, cortadas em peda\u00e7os, e a salsa picada. Tempere com sal e pimenta, mexa e retire do lume, quando estiver apuradinho.<\/span><\/div>\n<div><\/div>\n<\/div>\n<\/li>\n<li class=\"wpurp-recipe-instruction\">\n<div class=\"wpurp-rows\">\n<div class=\"wpurp-rows-row\"><span class=\"wpurp-recipe-instruction-text\">Coloque metade do pur\u00e9 numa travessa de forno e espalhe-o at\u00e9 cobrir o fundo. Disponha o preparado de peixe por cima, espalhe novamente e cubra com o restante pur\u00e9. Pincele toda a superf\u00edcie com ovo batido e leve ao forno, pr\u00e9-aquecido a 180\u00bac, por cerca de 10 minutos. Sirva quente.<\/span><\/div>\n<\/div>\n<\/li>\n<\/ol>\n<\/div>\n<\/div>\n<\/div>\n<\/div>\n<\/div>\n<\/div>\n<\/div>\n<div class=\"wpurp-rows-row\">\n<div class=\"wpurp-rows\">\n<div class=\"wpurp-rows-row\">\n<div class=\"wpurp-rows\">\n<div class=\"wpurp-rows-row\">Bom apetite!<\/div>\n<div><\/div>\n<\/div>\n<\/div>\n<div>Veja mais em <a href=\"https:\/\/neutura.pt\/\">Neutura<\/a><\/div>\n<div><\/div>\n<div>Veja mais em <a href=\"https:\/\/www.ateti.pt\/loja\/categoria\/congelados\/peixeemarisco\/\">Peixe e Marisco Congelado<\/a><\/div>\n<\/div>\n<\/div>\n","protected":false},"excerpt":{"rendered":"<p>6.29\u20ac\/KG<\/p>\n","protected":false},"featured_media":56729,"comment_status":"closed","ping_status":"closed","template":"","meta":{"_themeisle_gutenberg_block_has_review":false},"product_brand":[],"product_cat":[589,177,181],"product_tag":[],"woo-feed-brand":[],"class_list":{"0":"post-15878","1":"product","2":"type-product","3":"status-publish","4":"has-post-thumbnail","6":"product_cat-bacalhau-congelado","7":"product_cat-congelados","8":"product_cat-peixeemarisco","9":"ts_product_brand-neutura","11":"first","12":"instock","13":"taxable","14":"shipping-taxable","15":"purchasable","16":"product-type-simple"},"_links":{"self":[{"href":"https:\/\/www.ateti.pt\/loja\/wp-json\/wp\/v2\/product\/15878","targetHints":{"allow":["GET"]}}],"collection":[{"href":"https:\/\/www.ateti.pt\/loja\/wp-json\/wp\/v2\/product"}],"about":[{"href":"https:\/\/www.ateti.pt\/loja\/wp-json\/wp\/v2\/types\/product"}],"replies":[{"embeddable":true,"href":"https:\/\/www.ateti.pt\/loja\/wp-json\/wp\/v2\/comments?post=15878"}],"wp:featuredmedia":[{"embeddable":true,"href":"https:\/\/www.ateti.pt\/loja\/wp-json\/wp\/v2\/media\/56729"}],"wp:attachment":[{"href":"https:\/\/www.ateti.pt\/loja\/wp-json\/wp\/v2\/media?parent=15878"}],"wp:term":[{"taxonomy":"product_brand","embeddable":true,"href":"https:\/\/www.ateti.pt\/loja\/wp-json\/wp\/v2\/product_brand?post=15878"},{"taxonomy":"product_cat","embeddable":true,"href":"https:\/\/www.ateti.pt\/loja\/wp-json\/wp\/v2\/product_cat?post=15878"},{"taxonomy":"product_tag","embeddable":true,"href":"https:\/\/www.ateti.pt\/loja\/wp-json\/wp\/v2\/product_tag?post=15878"},{"taxonomy":"woo-feed-brand","embeddable":true,"href":"https:\/\/www.ateti.pt\/loja\/wp-json\/wp\/v2\/woo-feed-brand?post=15878"}],"curies":[{"name":"wp","href":"https:\/\/api.w.org\/{rel}","templated":true}]}}