{"id":15851,"date":"2020-01-01T15:11:22","date_gmt":"2020-01-01T15:11:22","guid":{"rendered":"https:\/\/www.ateti.pt\/loja\/?post_type=product&#038;p=15851"},"modified":"2026-03-06T11:41:43","modified_gmt":"2026-03-06T11:41:43","slug":"cha-verde-salutem-50g","status":"publish","type":"product","link":"https:\/\/www.ateti.pt\/loja\/produto\/cha-verde-salutem-50g\/","title":{"rendered":"Ch\u00e1 Verde Salutem 50g"},"content":{"rendered":"<p><strong>Ch\u00e1 Verde Salutem <\/strong><\/p>\n<p><strong>Quantidade:<\/strong> 50g<\/p>\n<p><em>O Ch\u00e1 Verde Salutem \u00e9 feito das folhas da Camellia sinensis, planta de origem chinesa, o seu ch\u00e1 aumenta o metabolismo basal favorecendo a queima de calorias, interv\u00e9m na oxida\u00e7\u00e3o das gorduras e \u00e9 desintoxicante, o que facilita o emagrecimento. Por isso, \u00e9 muito recomendado em dietas.<\/em><\/p>\n<p><em>Mas os benef\u00edcios do ch\u00e1 verde n\u00e3o ficam por aqui. Al\u00e9m de ajudar na perda de peso, apresenta vitaminas antioxidantes, C e E, respons\u00e1veis pela preven\u00e7\u00e3o do envelhecimento precoce, de problemas cardiovasculares e inflama\u00e7\u00f5es nas gengivas, fortalece o sistema imunit\u00e1rio (contribuindo para aumentar as nossas defesas naturais contra v\u00e1rias doen\u00e7as, como por exemplo a gripe), previne diversas formas de cancro, melhora a mem\u00f3ria e ajuda a diminuir as taxas do mau colesterol (LDL) e a aumentar as do bom colesterol (HDL).<\/em><\/p>\n<p><em>V\u00e1rios estudos cient\u00edficos referem ainda como benef\u00edcios a preven\u00e7\u00e3o na forma\u00e7\u00e3o de pedras na ves\u00edcula e nos rins, normaliza\u00e7\u00e3o da gl\u00e2ndula da tiroide, regenera\u00e7\u00e3o da pele, manuten\u00e7\u00e3o da densidade \u00f3ssea, diminui\u00e7\u00e3o da fadiga, diminui\u00e7\u00e3o do risco de c\u00e1ries dent\u00e1rias e facilidade de digest\u00e3o.<\/em><\/p>\n<p><strong>Ingredientes<\/strong><br \/>\nCh\u00e1 Verde (Camelia sinensis), folhas.<\/p>\n<p>V\u00ea mais produtos em\u00a0<a href=\"https:\/\/www.ateti.pt\/loja\/categoria\/bio-saudavel\/\">Bio &amp; Saud\u00e1vel<\/a><\/p>\n","protected":false},"excerpt":{"rendered":"<p>37.80\u20ac\/kg<\/p>\n","protected":false},"featured_media":31373,"comment_status":"closed","ping_status":"closed","template":"","meta":{"_themeisle_gutenberg_block_has_review":false},"product_brand":[],"product_cat":[207,220,26,132,265],"product_tag":[],"woo-feed-brand":[],"class_list":{"0":"post-15851","1":"product","2":"type-product","3":"status-publish","4":"has-post-thumbnail","6":"product_cat-bio-saudavel","7":"product_cat-chas-funcionais","8":"product_cat-chas","9":"product_cat-mercearia","10":"product_cat-promocoes-outlet-ate-50-desconto-supermercado-online-ate-ti","11":"ts_product_brand-salutem","13":"first","14":"outofstock","15":"sale","16":"taxable","17":"shipping-taxable","18":"purchasable","19":"product-type-simple"},"_links":{"self":[{"href":"https:\/\/www.ateti.pt\/loja\/wp-json\/wp\/v2\/product\/15851","targetHints":{"allow":["GET"]}}],"collection":[{"href":"https:\/\/www.ateti.pt\/loja\/wp-json\/wp\/v2\/product"}],"about":[{"href":"https:\/\/www.ateti.pt\/loja\/wp-json\/wp\/v2\/types\/product"}],"replies":[{"embeddable":true,"href":"https:\/\/www.ateti.pt\/loja\/wp-json\/wp\/v2\/comments?post=15851"}],"wp:featuredmedia":[{"embeddable":true,"href":"https:\/\/www.ateti.pt\/loja\/wp-json\/wp\/v2\/media\/31373"}],"wp:attachment":[{"href":"https:\/\/www.ateti.pt\/loja\/wp-json\/wp\/v2\/media?parent=15851"}],"wp:term":[{"taxonomy":"product_brand","embeddable":true,"href":"https:\/\/www.ateti.pt\/loja\/wp-json\/wp\/v2\/product_brand?post=15851"},{"taxonomy":"product_cat","embeddable":true,"href":"https:\/\/www.ateti.pt\/loja\/wp-json\/wp\/v2\/product_cat?post=15851"},{"taxonomy":"product_tag","embeddable":true,"href":"https:\/\/www.ateti.pt\/loja\/wp-json\/wp\/v2\/product_tag?post=15851"},{"taxonomy":"woo-feed-brand","embeddable":true,"href":"https:\/\/www.ateti.pt\/loja\/wp-json\/wp\/v2\/woo-feed-brand?post=15851"}],"curies":[{"name":"wp","href":"https:\/\/api.w.org\/{rel}","templated":true}]}}