{"id":15843,"date":"2020-01-01T15:00:59","date_gmt":"2020-01-01T15:00:59","guid":{"rendered":"https:\/\/www.ateti.pt\/loja\/?post_type=product&#038;p=15843"},"modified":"2026-03-10T13:03:51","modified_gmt":"2026-03-10T13:03:51","slug":"cha-de-barbas-de-milho-salutem-20g","status":"publish","type":"product","link":"https:\/\/www.ateti.pt\/loja\/produto\/cha-de-barbas-de-milho-salutem-20g\/","title":{"rendered":"Ch\u00e1 de Barbas de Milho Salutem 20g"},"content":{"rendered":"<p><strong>Ch\u00e1 de Barbas de Milho Salutem 20g<\/strong><\/p>\n<p><strong>Quantidade:<\/strong> 20g<\/p>\n<p><em>O ch\u00e1 de barbas de milho apresenta marcadas propriedades diur\u00e9ticas (pode triplicar a quantidade de urina eliminada) e raramente irrita o aparelho urin\u00e1rio. Por isso pode ser ingerido sempre que se deseje, mas por ser uma bebida muito diur\u00e9tica deve ter-se aten\u00e7\u00e3o e controlar a press\u00e3o arterial, assim como a glicemia (o a\u00e7\u00facar no sangue). Utiliza-se em casos de nefrites, c\u00e1lculos renais, infe\u00e7\u00f5es dos rins, cistites e em problemas de reten\u00e7\u00e3o de l\u00edquidos.<\/em><\/p>\n<p><em>Ajuda tamb\u00e9m a acalmar as dores reum\u00e1ticas e artr\u00edticas pela presen\u00e7a de \u00e1cido salic\u00edlico. E por conter vitamina K e outros componentes torna-se num anti-hemorr\u00e1gico, sendo igualmente um bom regulador do sistema circulat\u00f3rio.<\/em><\/p>\n<p><strong>Ingredientes: <\/strong>Barbas d<em>e <\/em>Milho (Zea mays), estigma.<\/p>\n<p>V\u00ea mais produtos em\u00a0<a href=\"https:\/\/www.ateti.pt\/loja\/categoria\/bio-saudavel\/\">Bio &amp; Saud\u00e1vel<\/a><\/p>\n","protected":false},"excerpt":{"rendered":"<p>59.50\u20ac\/kg<\/p>\n","protected":false},"featured_media":31377,"comment_status":"closed","ping_status":"closed","template":"","meta":{"_themeisle_gutenberg_block_has_review":false},"product_brand":[],"product_cat":[207,26,220,132,265],"product_tag":[],"woo-feed-brand":[],"class_list":{"0":"post-15843","1":"product","2":"type-product","3":"status-publish","4":"has-post-thumbnail","6":"product_cat-bio-saudavel","7":"product_cat-chas","8":"product_cat-chas-funcionais","9":"product_cat-mercearia","10":"product_cat-promocoes-outlet-ate-50-desconto-supermercado-online-ate-ti","11":"ts_product_brand-salutem","13":"first","14":"instock","15":"sale","16":"taxable","17":"shipping-taxable","18":"purchasable","19":"product-type-simple"},"_links":{"self":[{"href":"https:\/\/www.ateti.pt\/loja\/wp-json\/wp\/v2\/product\/15843","targetHints":{"allow":["GET"]}}],"collection":[{"href":"https:\/\/www.ateti.pt\/loja\/wp-json\/wp\/v2\/product"}],"about":[{"href":"https:\/\/www.ateti.pt\/loja\/wp-json\/wp\/v2\/types\/product"}],"replies":[{"embeddable":true,"href":"https:\/\/www.ateti.pt\/loja\/wp-json\/wp\/v2\/comments?post=15843"}],"wp:featuredmedia":[{"embeddable":true,"href":"https:\/\/www.ateti.pt\/loja\/wp-json\/wp\/v2\/media\/31377"}],"wp:attachment":[{"href":"https:\/\/www.ateti.pt\/loja\/wp-json\/wp\/v2\/media?parent=15843"}],"wp:term":[{"taxonomy":"product_brand","embeddable":true,"href":"https:\/\/www.ateti.pt\/loja\/wp-json\/wp\/v2\/product_brand?post=15843"},{"taxonomy":"product_cat","embeddable":true,"href":"https:\/\/www.ateti.pt\/loja\/wp-json\/wp\/v2\/product_cat?post=15843"},{"taxonomy":"product_tag","embeddable":true,"href":"https:\/\/www.ateti.pt\/loja\/wp-json\/wp\/v2\/product_tag?post=15843"},{"taxonomy":"woo-feed-brand","embeddable":true,"href":"https:\/\/www.ateti.pt\/loja\/wp-json\/wp\/v2\/woo-feed-brand?post=15843"}],"curies":[{"name":"wp","href":"https:\/\/api.w.org\/{rel}","templated":true}]}}