{"id":15812,"date":"2020-01-01T14:47:32","date_gmt":"2020-01-01T14:47:32","guid":{"rendered":"https:\/\/www.ateti.pt\/loja\/?post_type=product&#038;p=15812"},"modified":"2026-03-25T16:50:03","modified_gmt":"2026-03-25T16:50:03","slug":"cha-de-sena-folhas-salutem-50g","status":"publish","type":"product","link":"https:\/\/www.ateti.pt\/loja\/produto\/cha-de-sena-folhas-salutem-50g\/","title":{"rendered":"Ch\u00e1 de Sene Folhas Salutem 50g"},"content":{"rendered":"<p><strong>Ch\u00e1 de Sene Folhas Salutem<\/strong><\/p>\n<p><strong>Quantidade:<\/strong> 50g<\/p>\n<p><em>O ch\u00e1 de sene folhas tem confirmado, ao longo dos anos, o efeito laxante e depurativo desta planta, sendo vulgarmente utilizada em casos de obstipa\u00e7\u00e3o e como coadjuvante em regimes de emagrecimento.<\/em><\/p>\n<p><em>O ch\u00e1 das folhas de sene apresenta propriedades purgativas, laxativas, depurativas e febr\u00edfugas. Esta bebida aumenta os movimentos perist\u00e1lticos do intestino e o efeito \u00e9 obtido poucas horas ap\u00f3s a ingest\u00e3o.<\/em><\/p>\n<p><em>A ingest\u00e3o do ch\u00e1 de sene por um per\u00edodo superior a uma ou duas semanas dever\u00e1 ocorrer somente sob orienta\u00e7\u00e3o e supervis\u00e3o m\u00e9dica e\/ou nutricional, devido aos problemas de sa\u00fade que podem da\u00ed advir. Os principais sintomas da sobredosagem s\u00e3o dores abdominais, espasmos, n\u00e1useas, c\u00f3licas e diarreias severas, com a consequente perda excessiva de fluidos e eletr\u00f3litos.<\/em><\/p>\n<p><strong>Ingredientes<\/strong><br \/>\nSene (Cassia angustifolia), folhas.<\/p>\n<p>V\u00ea mais produtos em\u00a0<a href=\"https:\/\/www.ateti.pt\/loja\/categoria\/bio-saudavel\/\">Bio &amp; Saud\u00e1vel<\/a><\/p>\n","protected":false},"excerpt":{"rendered":"<p>29.80\u20ac\/kg<\/p>\n","protected":false},"featured_media":31393,"comment_status":"closed","ping_status":"closed","template":"","meta":{"_themeisle_gutenberg_block_has_review":false},"product_brand":[],"product_cat":[207,26,220,132,265],"product_tag":[],"woo-feed-brand":[],"class_list":{"0":"post-15812","1":"product","2":"type-product","3":"status-publish","4":"has-post-thumbnail","6":"product_cat-bio-saudavel","7":"product_cat-chas","8":"product_cat-chas-funcionais","9":"product_cat-mercearia","10":"product_cat-promocoes-outlet-ate-50-desconto-supermercado-online-ate-ti","11":"ts_product_brand-salutem","13":"first","14":"instock","15":"sale","16":"taxable","17":"shipping-taxable","18":"purchasable","19":"product-type-simple"},"_links":{"self":[{"href":"https:\/\/www.ateti.pt\/loja\/wp-json\/wp\/v2\/product\/15812","targetHints":{"allow":["GET"]}}],"collection":[{"href":"https:\/\/www.ateti.pt\/loja\/wp-json\/wp\/v2\/product"}],"about":[{"href":"https:\/\/www.ateti.pt\/loja\/wp-json\/wp\/v2\/types\/product"}],"replies":[{"embeddable":true,"href":"https:\/\/www.ateti.pt\/loja\/wp-json\/wp\/v2\/comments?post=15812"}],"wp:featuredmedia":[{"embeddable":true,"href":"https:\/\/www.ateti.pt\/loja\/wp-json\/wp\/v2\/media\/31393"}],"wp:attachment":[{"href":"https:\/\/www.ateti.pt\/loja\/wp-json\/wp\/v2\/media?parent=15812"}],"wp:term":[{"taxonomy":"product_brand","embeddable":true,"href":"https:\/\/www.ateti.pt\/loja\/wp-json\/wp\/v2\/product_brand?post=15812"},{"taxonomy":"product_cat","embeddable":true,"href":"https:\/\/www.ateti.pt\/loja\/wp-json\/wp\/v2\/product_cat?post=15812"},{"taxonomy":"product_tag","embeddable":true,"href":"https:\/\/www.ateti.pt\/loja\/wp-json\/wp\/v2\/product_tag?post=15812"},{"taxonomy":"woo-feed-brand","embeddable":true,"href":"https:\/\/www.ateti.pt\/loja\/wp-json\/wp\/v2\/woo-feed-brand?post=15812"}],"curies":[{"name":"wp","href":"https:\/\/api.w.org\/{rel}","templated":true}]}}