{"id":15807,"date":"2025-05-01T14:42:56","date_gmt":"2025-05-01T13:42:56","guid":{"rendered":"https:\/\/www.ateti.pt\/loja\/?post_type=product&#038;p=15807"},"modified":"2026-03-10T13:00:35","modified_gmt":"2026-03-10T13:00:35","slug":"cha-de-sene-foliculos-salutem-50-gr","status":"publish","type":"product","link":"https:\/\/www.ateti.pt\/loja\/produto\/cha-de-sene-foliculos-salutem-50-gr\/","title":{"rendered":"Ch\u00e1 de Sene Fol\u00edculos Salutem 50g (31-05-2026)"},"content":{"rendered":"<p><strong>Ch\u00e1 de Sene (Fol\u00edculos) Salutem <\/strong><\/p>\n<p><strong>Quantidade: <\/strong>50g<\/p>\n<p><em>O sene possui propriedades laxativas, purgativas,\u00a0depurativas e verm\u00edfugas e, por essa raz\u00e3o \u00e9 muito utilizado para tratar problemas gastrointestinais, especialmente a pris\u00e3o de ventre. No entanto, uma vez que deixa as fezes mais moles, tamb\u00e9m pode ser usado para aliviar o desconforto da defeca\u00e7\u00e3o\u00a0em pessoas com fissura anal e hemorroidas.<\/em><\/p>\n<p><em>Apesar de seus benef\u00edcios, o sene deve ser utilizado com cautela e sob orienta\u00e7\u00e3o m\u00e9dica, pois seu uso constante pode causar altera\u00e7\u00f5es da microbiota intestinal,\u00a0c\u00f3licas muito fortes e at\u00e9 mesmo predispor ao c\u00e2ncer de colo retal.<\/em><\/p>\n<p>&nbsp;<\/p>\n<p>V\u00ea mais em <a href=\"https:\/\/www.ateti.pt\/loja\/categoria\/bio-saudavel\/\">Bio&amp;Saud\u00e1vel<\/a><\/p>\n","protected":false},"excerpt":{"rendered":"<p>37,25\u20ac\/kg<\/p>\n","protected":false},"featured_media":31397,"comment_status":"closed","ping_status":"closed","template":"","meta":{"_themeisle_gutenberg_block_has_review":false},"product_brand":[],"product_cat":[207,220,265],"product_tag":[],"woo-feed-brand":[],"class_list":{"0":"post-15807","1":"product","2":"type-product","3":"status-publish","4":"has-post-thumbnail","6":"product_cat-bio-saudavel","7":"product_cat-chas-funcionais","8":"product_cat-promocoes-outlet-ate-50-desconto-supermercado-online-ate-ti","9":"ts_product_brand-salutem","11":"first","12":"instock","13":"sale","14":"taxable","15":"shipping-taxable","16":"purchasable","17":"product-type-simple"},"_links":{"self":[{"href":"https:\/\/www.ateti.pt\/loja\/wp-json\/wp\/v2\/product\/15807","targetHints":{"allow":["GET"]}}],"collection":[{"href":"https:\/\/www.ateti.pt\/loja\/wp-json\/wp\/v2\/product"}],"about":[{"href":"https:\/\/www.ateti.pt\/loja\/wp-json\/wp\/v2\/types\/product"}],"replies":[{"embeddable":true,"href":"https:\/\/www.ateti.pt\/loja\/wp-json\/wp\/v2\/comments?post=15807"}],"wp:featuredmedia":[{"embeddable":true,"href":"https:\/\/www.ateti.pt\/loja\/wp-json\/wp\/v2\/media\/31397"}],"wp:attachment":[{"href":"https:\/\/www.ateti.pt\/loja\/wp-json\/wp\/v2\/media?parent=15807"}],"wp:term":[{"taxonomy":"product_brand","embeddable":true,"href":"https:\/\/www.ateti.pt\/loja\/wp-json\/wp\/v2\/product_brand?post=15807"},{"taxonomy":"product_cat","embeddable":true,"href":"https:\/\/www.ateti.pt\/loja\/wp-json\/wp\/v2\/product_cat?post=15807"},{"taxonomy":"product_tag","embeddable":true,"href":"https:\/\/www.ateti.pt\/loja\/wp-json\/wp\/v2\/product_tag?post=15807"},{"taxonomy":"woo-feed-brand","embeddable":true,"href":"https:\/\/www.ateti.pt\/loja\/wp-json\/wp\/v2\/woo-feed-brand?post=15807"}],"curies":[{"name":"wp","href":"https:\/\/api.w.org\/{rel}","templated":true}]}}