{"id":15806,"date":"2020-05-01T14:45:04","date_gmt":"2020-05-01T13:45:04","guid":{"rendered":"https:\/\/www.ateti.pt\/loja\/?post_type=product&#038;p=15806"},"modified":"2026-03-10T13:04:59","modified_gmt":"2026-03-10T13:04:59","slug":"cha-de-tilia-salutem-20g","status":"publish","type":"product","link":"https:\/\/www.ateti.pt\/loja\/produto\/cha-de-tilia-salutem-20g\/","title":{"rendered":"Ch\u00e1 de T\u00edlia 20g Salutem (31-12-2026)"},"content":{"rendered":"<p><strong>Ch\u00e1 de T\u00edlia Salutem<\/strong><\/p>\n<p>Quantidade: 20g<\/p>\n<p>A\u00a0 infus\u00e3o\u00a0 de\u00a0<strong>\u00a0t\u00edlia\u00a0<\/strong>\u00a0continua\u00a0 a \u00a0ser\u00a0 muito utilizada entre n\u00f3s, devido ao seu sabor suave e \u00e0s suas propriedades ligeiramente sedativas\/relaxantes, diur\u00e9ticas, sudor\u00edficas ansiol\u00edticas, antiespasm\u00f3dicas, vasodilatadoras, emolientes e anti-inflamat\u00f3rias.<\/p>\n<p>Uma ch\u00e1vena de Ch\u00e1 de T\u00edlia Salutem 50g bem quente constitui um excelente sudor\u00edfico muito recomendado em estados febris, gripes e catarros, especialmente em crian\u00e7as, devido tamb\u00e9m \u00e0 sua ac\u00e3o levemente calmante e ao seu sabor agrad\u00e1vel e adocicado.<\/p>\n<p>Este ch\u00e1 est\u00e1 indicado para as perturba\u00e7\u00f5es do sono (ins\u00f3nias) e do sistema nervoso (excita\u00e7\u00e3o nervosa, ang\u00fastia e ansiedade), enxaquecas, altera\u00e7\u00f5es intestinais e vesiculares, para a regula\u00e7\u00e3o da secre\u00e7\u00e3o biliar e em algumas afe\u00e7\u00f5es respirat\u00f3rias e card\u00edacas.<\/p>\n<p>V\u00ea mais em <a href=\"https:\/\/www.ateti.pt\/loja\/categoria\/chas\/\">Ch\u00e1s<\/a><\/p>\n","protected":false},"excerpt":{"rendered":"<p>84,50\u20ac\/kg<\/p>\n","protected":false},"featured_media":31396,"comment_status":"closed","ping_status":"closed","template":"","meta":{"_themeisle_gutenberg_block_has_review":false},"product_brand":[],"product_cat":[207,220,26,132,265],"product_tag":[],"woo-feed-brand":[],"class_list":{"0":"post-15806","1":"product","2":"type-product","3":"status-publish","4":"has-post-thumbnail","6":"product_cat-bio-saudavel","7":"product_cat-chas-funcionais","8":"product_cat-chas","9":"product_cat-mercearia","10":"product_cat-promocoes-outlet-ate-50-desconto-supermercado-online-ate-ti","11":"ts_product_brand-salutem","13":"first","14":"instock","15":"sale","16":"taxable","17":"shipping-taxable","18":"purchasable","19":"product-type-simple"},"_links":{"self":[{"href":"https:\/\/www.ateti.pt\/loja\/wp-json\/wp\/v2\/product\/15806","targetHints":{"allow":["GET"]}}],"collection":[{"href":"https:\/\/www.ateti.pt\/loja\/wp-json\/wp\/v2\/product"}],"about":[{"href":"https:\/\/www.ateti.pt\/loja\/wp-json\/wp\/v2\/types\/product"}],"replies":[{"embeddable":true,"href":"https:\/\/www.ateti.pt\/loja\/wp-json\/wp\/v2\/comments?post=15806"}],"wp:featuredmedia":[{"embeddable":true,"href":"https:\/\/www.ateti.pt\/loja\/wp-json\/wp\/v2\/media\/31396"}],"wp:attachment":[{"href":"https:\/\/www.ateti.pt\/loja\/wp-json\/wp\/v2\/media?parent=15806"}],"wp:term":[{"taxonomy":"product_brand","embeddable":true,"href":"https:\/\/www.ateti.pt\/loja\/wp-json\/wp\/v2\/product_brand?post=15806"},{"taxonomy":"product_cat","embeddable":true,"href":"https:\/\/www.ateti.pt\/loja\/wp-json\/wp\/v2\/product_cat?post=15806"},{"taxonomy":"product_tag","embeddable":true,"href":"https:\/\/www.ateti.pt\/loja\/wp-json\/wp\/v2\/product_tag?post=15806"},{"taxonomy":"woo-feed-brand","embeddable":true,"href":"https:\/\/www.ateti.pt\/loja\/wp-json\/wp\/v2\/woo-feed-brand?post=15806"}],"curies":[{"name":"wp","href":"https:\/\/api.w.org\/{rel}","templated":true}]}}