{"id":15798,"date":"2020-05-01T14:37:56","date_gmt":"2020-05-01T13:37:56","guid":{"rendered":"https:\/\/www.ateti.pt\/loja\/?post_type=product&#038;p=15798"},"modified":"2024-11-05T10:05:32","modified_gmt":"2024-11-05T10:05:32","slug":"cha-n-o-4-proacucar-salutem-10-un","status":"publish","type":"product","link":"https:\/\/www.ateti.pt\/loja\/produto\/cha-n-o-4-proacucar-salutem-10-un\/","title":{"rendered":"Ch\u00e1 Infus\u00e3o N.\u00ba 4 Proa\u00e7\u00facar Saquetas Salutem 10 un"},"content":{"rendered":"<p>Ch\u00e1 N.\u00ba 4 Proa\u00e7\u00facar Salutem 10 un<\/p>\n<p>Quantidade: 10 saquetas de ch\u00e1<\/p>\n<p>A diabetes \u00e9 uma doen\u00e7a cr\u00f3nica caracterizada pela incapacidade de o organismo produzir ou utilizar adequadamente a insulina e pela presen\u00e7a de concentra\u00e7\u00f5es elevadas de glucose (a\u00e7\u00facar) no sangue. A insulina \u00e9 a hormona que ajuda na entrada da glucose para as c\u00e9lulas. Se faltar a insulina, a glucose permanece no sangue em vez de fornecer energia \u00e0s c\u00e9lulas. Nesta infus\u00e3o combina-se um conjunto de plantas indicadas para combater a diabetes e diminuir as concentra\u00e7\u00f5es de glucose no sangue como a canela, cavalinha, feijoeiro, eucalipto.<\/p>\n<p>Benef\u00edcios do Ch\u00e1 N.\u00ba 4 Proa\u00e7\u00facar Salutem 10 un:<\/p>\n<p>Mistura de plantas selecionadas.<br \/>\n100% natural.<br \/>\nAroma e sabor particular.<br \/>\nPurificante e diur\u00e9tico.<br \/>\nRegulariza o n\u00edvel de a\u00e7\u00facar no sangue.<br \/>\nRecomendado para diab\u00e9ticos.<\/p>\n<p>N\u00e3o se esque\u00e7a que os ch\u00e1s\/infus\u00f5es s\u00f3 garantem os seus benef\u00edcios quando adotada uma alimenta\u00e7\u00e3o equilibrada e adequada e estilos de vida saud\u00e1veis.<\/p>\n<p>Nota: \u00c9 aconselh\u00e1vel a consulta de um m\u00e9dico ou nutricionista sempre que tiver d\u00favidas sobre o consumo deste produto.<\/p>\n<p>Ingredientes do Ch\u00e1 N.\u00ba 4 Proa\u00e7\u00facar Salutem 10 un<br \/>\nCANELA (Cinnamonum cassia), casca; CAVALINHA (Equisetum arvense), planta; FEIJOEIRO (Phaseolus vulgaris), planta; EUCALIPTO (Eucalyptus globulus), folha.<\/p>\n<p>PODE CONTER VEST\u00cdGIOS DE GL\u00daTEN.<\/p>\n<p>&nbsp;<\/p>\n","protected":false},"excerpt":{"rendered":"<p>0,13\u20ac\/unidade<\/p>\n","protected":false},"featured_media":60754,"comment_status":"closed","ping_status":"closed","template":"","meta":{"_themeisle_gutenberg_block_has_review":false},"product_brand":[],"product_cat":[207,220],"product_tag":[],"woo-feed-brand":[752],"class_list":{"0":"post-15798","1":"product","2":"type-product","3":"status-publish","4":"has-post-thumbnail","6":"product_cat-bio-saudavel","7":"product_cat-chas-funcionais","8":"ts_product_brand-salutem","9":"woo-feed-brand-salutem","11":"first","12":"instock","13":"taxable","14":"shipping-taxable","15":"purchasable","16":"product-type-simple"},"_links":{"self":[{"href":"https:\/\/www.ateti.pt\/loja\/wp-json\/wp\/v2\/product\/15798","targetHints":{"allow":["GET"]}}],"collection":[{"href":"https:\/\/www.ateti.pt\/loja\/wp-json\/wp\/v2\/product"}],"about":[{"href":"https:\/\/www.ateti.pt\/loja\/wp-json\/wp\/v2\/types\/product"}],"replies":[{"embeddable":true,"href":"https:\/\/www.ateti.pt\/loja\/wp-json\/wp\/v2\/comments?post=15798"}],"wp:featuredmedia":[{"embeddable":true,"href":"https:\/\/www.ateti.pt\/loja\/wp-json\/wp\/v2\/media\/60754"}],"wp:attachment":[{"href":"https:\/\/www.ateti.pt\/loja\/wp-json\/wp\/v2\/media?parent=15798"}],"wp:term":[{"taxonomy":"product_brand","embeddable":true,"href":"https:\/\/www.ateti.pt\/loja\/wp-json\/wp\/v2\/product_brand?post=15798"},{"taxonomy":"product_cat","embeddable":true,"href":"https:\/\/www.ateti.pt\/loja\/wp-json\/wp\/v2\/product_cat?post=15798"},{"taxonomy":"product_tag","embeddable":true,"href":"https:\/\/www.ateti.pt\/loja\/wp-json\/wp\/v2\/product_tag?post=15798"},{"taxonomy":"woo-feed-brand","embeddable":true,"href":"https:\/\/www.ateti.pt\/loja\/wp-json\/wp\/v2\/woo-feed-brand?post=15798"}],"curies":[{"name":"wp","href":"https:\/\/api.w.org\/{rel}","templated":true}]}}