{"id":15786,"date":"2022-04-01T12:57:37","date_gmt":"2022-04-01T11:57:37","guid":{"rendered":"https:\/\/www.ateti.pt\/loja\/?post_type=product&#038;p=15786"},"modified":"2026-04-21T12:12:44","modified_gmt":"2026-04-21T11:12:44","slug":"farinha-de-centeio-salutem-500g","status":"publish","type":"product","link":"https:\/\/www.ateti.pt\/loja\/produto\/farinha-de-centeio-salutem-500g\/","title":{"rendered":"Farinha de Centeio 500g Salutem"},"content":{"rendered":"<p><strong>Farinha de Centeio 500g Salutem<\/strong><\/p>\n<p><strong>Quantidade:<\/strong> 500g<\/p>\n<p><strong>Declara\u00e7\u00e3o Nutricional (por 100g):<\/strong><\/p>\n<p>Energia: 1429kj\/338kcal; L\u00edpidos:1,4g; dos quais Saturados: 0,5g; Hidratos de Carbono: 69,2g; dos quais A\u00e7ucares: 5,0g; Fibra: 8,3g; Prote\u00ednas: 7,9g; Sal: &lt;0,1g.<\/p>\n<p><strong>Ingredientes:<\/strong> Farinha de centeio.<\/p>\n<p>Cont\u00e9m gl\u00faten. Pode conter vest\u00edgios de soja.<\/p>\n<p>V\u00ea mais produtos em\u00a0<a href=\"https:\/\/www.ateti.pt\/loja\/categoria\/bio-saudavel\/\">Bio &amp; Saud\u00e1vel<\/a><\/p>\n","protected":false},"excerpt":{"rendered":"<p>3.38\u20ac\/kg<\/p>\n","protected":false},"featured_media":61038,"comment_status":"closed","ping_status":"closed","template":"","meta":{"_themeisle_gutenberg_block_has_review":false},"product_brand":[],"product_cat":[207,223],"product_tag":[],"woo-feed-brand":[],"class_list":{"0":"post-15786","1":"product","2":"type-product","3":"status-publish","4":"has-post-thumbnail","6":"product_cat-bio-saudavel","7":"product_cat-mercearia-saudavel","8":"ts_product_brand-salutem","10":"first","11":"instock","12":"taxable","13":"shipping-taxable","14":"purchasable","15":"product-type-simple"},"_links":{"self":[{"href":"https:\/\/www.ateti.pt\/loja\/wp-json\/wp\/v2\/product\/15786","targetHints":{"allow":["GET"]}}],"collection":[{"href":"https:\/\/www.ateti.pt\/loja\/wp-json\/wp\/v2\/product"}],"about":[{"href":"https:\/\/www.ateti.pt\/loja\/wp-json\/wp\/v2\/types\/product"}],"replies":[{"embeddable":true,"href":"https:\/\/www.ateti.pt\/loja\/wp-json\/wp\/v2\/comments?post=15786"}],"wp:featuredmedia":[{"embeddable":true,"href":"https:\/\/www.ateti.pt\/loja\/wp-json\/wp\/v2\/media\/61038"}],"wp:attachment":[{"href":"https:\/\/www.ateti.pt\/loja\/wp-json\/wp\/v2\/media?parent=15786"}],"wp:term":[{"taxonomy":"product_brand","embeddable":true,"href":"https:\/\/www.ateti.pt\/loja\/wp-json\/wp\/v2\/product_brand?post=15786"},{"taxonomy":"product_cat","embeddable":true,"href":"https:\/\/www.ateti.pt\/loja\/wp-json\/wp\/v2\/product_cat?post=15786"},{"taxonomy":"product_tag","embeddable":true,"href":"https:\/\/www.ateti.pt\/loja\/wp-json\/wp\/v2\/product_tag?post=15786"},{"taxonomy":"woo-feed-brand","embeddable":true,"href":"https:\/\/www.ateti.pt\/loja\/wp-json\/wp\/v2\/woo-feed-brand?post=15786"}],"curies":[{"name":"wp","href":"https:\/\/api.w.org\/{rel}","templated":true}]}}