{"id":15784,"date":"2022-04-01T12:56:04","date_gmt":"2022-04-01T11:56:04","guid":{"rendered":"https:\/\/www.ateti.pt\/loja\/?post_type=product&#038;p=15784"},"modified":"2026-02-25T17:25:57","modified_gmt":"2026-02-25T17:25:57","slug":"granola-superior-salutem-500g","status":"publish","type":"product","link":"https:\/\/www.ateti.pt\/loja\/produto\/granola-superior-salutem-500g\/","title":{"rendered":"Granola Superior 500g Salutem"},"content":{"rendered":"<p><strong>Granola Superior Salutem<\/strong><\/p>\n<p><strong>Quantidade:<\/strong> 500g<\/p>\n<blockquote><p>A\u00a0granola superior \u00e9 constitu\u00edda por cereais, frutos secos e sementes. Esta pode ser consumida como\u00a0<em>topping<\/em>\u00a0de papas, panquecas, iogurtes, leite ou batidos, sem necessitar de prepara\u00e7\u00e3o. Por conter v\u00e1rios tipos de alimentos, dos quais 34% s\u00e3o frutos secos e sementes, \u00e9 nutritiva, uma vez que cont\u00e9m hidratos de carbono, prote\u00edna e gordura, assim como, um alto teor de fibra. Deve ser mantido um regime alimentar variado e equilibrado e um modo de vida saud\u00e1vel.<\/p><\/blockquote>\n<p><strong>Ingredientes<\/strong><br \/>\nFlocos de Aveia Integral (41%), AVEL\u00c3S (9%), Pevides de Ab\u00f3bora (8%), A\u00e7\u00facar, Sementes de Girassol (6%), AM\u00caNDOAS (6%), Arroz Tufado (arroz [6%], a\u00e7\u00facar, gl\u00faten de TRIGO, farinha maltada de CEVADA e TRIGO e sal), \u00d3leo Vegetal de Palma, Mel, NOZES PECAN (3%), Sementes de Linha\u00e7a (2%), Farinha de TRIGO, LEITE em p\u00f3 desengordurado e Sal.<\/p>\n<p>Cont\u00e9m gl\u00faten, frutos de casca rija e leite. Pode conter vest\u00edgios de soja, s\u00e9samo e mostarda.<\/p>\n<p>V\u00ea mais produtos em\u00a0<a href=\"https:\/\/www.ateti.pt\/loja\/categoria\/bio-saudavel\/\">Bio &amp; Saud\u00e1vel<\/a><\/p>\n","protected":false},"excerpt":{"rendered":"<p>11.58\u20ac\/kg<\/p>\n","protected":false},"featured_media":31307,"comment_status":"closed","ping_status":"closed","template":"","meta":{"_themeisle_gutenberg_block_has_review":false},"product_brand":[],"product_cat":[207,223],"product_tag":[],"woo-feed-brand":[],"class_list":{"0":"post-15784","1":"product","2":"type-product","3":"status-publish","4":"has-post-thumbnail","6":"product_cat-bio-saudavel","7":"product_cat-mercearia-saudavel","8":"ts_product_brand-salutem","10":"first","11":"instock","12":"taxable","13":"shipping-taxable","14":"purchasable","15":"product-type-simple"},"_links":{"self":[{"href":"https:\/\/www.ateti.pt\/loja\/wp-json\/wp\/v2\/product\/15784","targetHints":{"allow":["GET"]}}],"collection":[{"href":"https:\/\/www.ateti.pt\/loja\/wp-json\/wp\/v2\/product"}],"about":[{"href":"https:\/\/www.ateti.pt\/loja\/wp-json\/wp\/v2\/types\/product"}],"replies":[{"embeddable":true,"href":"https:\/\/www.ateti.pt\/loja\/wp-json\/wp\/v2\/comments?post=15784"}],"wp:featuredmedia":[{"embeddable":true,"href":"https:\/\/www.ateti.pt\/loja\/wp-json\/wp\/v2\/media\/31307"}],"wp:attachment":[{"href":"https:\/\/www.ateti.pt\/loja\/wp-json\/wp\/v2\/media?parent=15784"}],"wp:term":[{"taxonomy":"product_brand","embeddable":true,"href":"https:\/\/www.ateti.pt\/loja\/wp-json\/wp\/v2\/product_brand?post=15784"},{"taxonomy":"product_cat","embeddable":true,"href":"https:\/\/www.ateti.pt\/loja\/wp-json\/wp\/v2\/product_cat?post=15784"},{"taxonomy":"product_tag","embeddable":true,"href":"https:\/\/www.ateti.pt\/loja\/wp-json\/wp\/v2\/product_tag?post=15784"},{"taxonomy":"woo-feed-brand","embeddable":true,"href":"https:\/\/www.ateti.pt\/loja\/wp-json\/wp\/v2\/woo-feed-brand?post=15784"}],"curies":[{"name":"wp","href":"https:\/\/api.w.org\/{rel}","templated":true}]}}