{"id":15766,"date":"2020-05-01T12:35:24","date_gmt":"2020-05-01T12:35:24","guid":{"rendered":"https:\/\/www.ateti.pt\/loja\/?post_type=product&#038;p=15766"},"modified":"2025-09-29T10:54:12","modified_gmt":"2025-09-29T09:54:12","slug":"farelo-de-trigo-salutem-400g","status":"publish","type":"product","link":"https:\/\/www.ateti.pt\/loja\/produto\/farelo-de-trigo-salutem-400g\/","title":{"rendered":"Farelo de Trigo Salutem 400g"},"content":{"rendered":"<h5>Farelo de Trigo Salutem<\/h5>\n<p>Quantidade: 400g<\/p>\n<p>Ingredientes: Farelo de trigo.<\/p>\n<p>Cont\u00e9m gl\u00faten. Pode conter vest\u00edgios de derivados de soja, frutos de casca rija e s\u00e9samo.<\/p>\n<h5>Declara\u00e7\u00e3o Nutricional (por 100g):<\/h5>\n<p>Energia: 1085kj\/262kcal; L\u00edpidos: 4,1g; dos quais Saturados: 0,7g; Hidratos de Carbono: 18g; dos quais A\u00e7ucares: 6,6g; Fibra: 47g; Prote\u00ednas: 15g; Sal: 0,08g; Vitamina B1 (tiamina) 0,27mg (25%VRN); Vitamina B3 (niacina) 30mg (188%VRN).<\/p>\n","protected":false},"excerpt":{"rendered":"<p>3.73\u20ac\/kg<\/p>\n","protected":false},"featured_media":31318,"comment_status":"closed","ping_status":"closed","template":"","meta":{"_themeisle_gutenberg_block_has_review":false},"product_brand":[],"product_cat":[207,223],"product_tag":[],"woo-feed-brand":[752],"class_list":{"0":"post-15766","1":"product","2":"type-product","3":"status-publish","4":"has-post-thumbnail","6":"product_cat-bio-saudavel","7":"product_cat-mercearia-saudavel","8":"ts_product_brand-salutem","9":"woo-feed-brand-salutem","11":"first","12":"instock","13":"taxable","14":"shipping-taxable","15":"purchasable","16":"product-type-simple"},"_links":{"self":[{"href":"https:\/\/www.ateti.pt\/loja\/wp-json\/wp\/v2\/product\/15766","targetHints":{"allow":["GET"]}}],"collection":[{"href":"https:\/\/www.ateti.pt\/loja\/wp-json\/wp\/v2\/product"}],"about":[{"href":"https:\/\/www.ateti.pt\/loja\/wp-json\/wp\/v2\/types\/product"}],"replies":[{"embeddable":true,"href":"https:\/\/www.ateti.pt\/loja\/wp-json\/wp\/v2\/comments?post=15766"}],"wp:featuredmedia":[{"embeddable":true,"href":"https:\/\/www.ateti.pt\/loja\/wp-json\/wp\/v2\/media\/31318"}],"wp:attachment":[{"href":"https:\/\/www.ateti.pt\/loja\/wp-json\/wp\/v2\/media?parent=15766"}],"wp:term":[{"taxonomy":"product_brand","embeddable":true,"href":"https:\/\/www.ateti.pt\/loja\/wp-json\/wp\/v2\/product_brand?post=15766"},{"taxonomy":"product_cat","embeddable":true,"href":"https:\/\/www.ateti.pt\/loja\/wp-json\/wp\/v2\/product_cat?post=15766"},{"taxonomy":"product_tag","embeddable":true,"href":"https:\/\/www.ateti.pt\/loja\/wp-json\/wp\/v2\/product_tag?post=15766"},{"taxonomy":"woo-feed-brand","embeddable":true,"href":"https:\/\/www.ateti.pt\/loja\/wp-json\/wp\/v2\/woo-feed-brand?post=15766"}],"curies":[{"name":"wp","href":"https:\/\/api.w.org\/{rel}","templated":true}]}}