{"id":15752,"date":"2026-04-22T12:11:44","date_gmt":"2026-04-22T11:11:44","guid":{"rendered":"https:\/\/www.ateti.pt\/loja\/?post_type=product&#038;p=15752"},"modified":"2026-04-22T17:59:26","modified_gmt":"2026-04-22T16:59:26","slug":"quinoa-salutem-250g","status":"publish","type":"product","link":"https:\/\/www.ateti.pt\/loja\/produto\/quinoa-salutem-250g\/","title":{"rendered":"Quinoa 250g Salutem"},"content":{"rendered":"<h5>Quinoa Salutem<\/h5>\n<p>Quantidade: 250g<\/p>\n<p>Ingredientes: Sementes de Quinoa (Chenopodium quinoa- Variedade Royal).<\/p>\n<p>Pode conter vest\u00edgios derivados de soja, gl\u00faten, frutos de casca rija e s\u00e9samo.<\/p>\n<h5>Declara\u00e7\u00e3o nutricional (por 100g):<\/h5>\n<p>Energia: 1405kj\/333kcal; L\u00edpidos: 4.4g, dos quais saturados: &lt;0.1g; Hidratos de carbono: 55.6g, dos quais a\u00e7\u00facares: 2.2g; Fibra: 8.9g; Prote\u00ednas: 13.3g; Sal: 0.03g.<\/p>\n","protected":false},"excerpt":{"rendered":"<p>9.16\u20ac\/kg<\/p>\n","protected":false},"featured_media":80205,"comment_status":"closed","ping_status":"closed","template":"","meta":{"_themeisle_gutenberg_block_has_review":false},"product_brand":[],"product_cat":[207,223],"product_tag":[],"woo-feed-brand":[752],"class_list":{"0":"post-15752","1":"product","2":"type-product","3":"status-publish","4":"has-post-thumbnail","6":"product_cat-bio-saudavel","7":"product_cat-mercearia-saudavel","8":"ts_product_brand-salutem","9":"woo-feed-brand-salutem","11":"first","12":"instock","13":"taxable","14":"shipping-taxable","15":"purchasable","16":"product-type-simple"},"_links":{"self":[{"href":"https:\/\/www.ateti.pt\/loja\/wp-json\/wp\/v2\/product\/15752","targetHints":{"allow":["GET"]}}],"collection":[{"href":"https:\/\/www.ateti.pt\/loja\/wp-json\/wp\/v2\/product"}],"about":[{"href":"https:\/\/www.ateti.pt\/loja\/wp-json\/wp\/v2\/types\/product"}],"replies":[{"embeddable":true,"href":"https:\/\/www.ateti.pt\/loja\/wp-json\/wp\/v2\/comments?post=15752"}],"wp:featuredmedia":[{"embeddable":true,"href":"https:\/\/www.ateti.pt\/loja\/wp-json\/wp\/v2\/media\/80205"}],"wp:attachment":[{"href":"https:\/\/www.ateti.pt\/loja\/wp-json\/wp\/v2\/media?parent=15752"}],"wp:term":[{"taxonomy":"product_brand","embeddable":true,"href":"https:\/\/www.ateti.pt\/loja\/wp-json\/wp\/v2\/product_brand?post=15752"},{"taxonomy":"product_cat","embeddable":true,"href":"https:\/\/www.ateti.pt\/loja\/wp-json\/wp\/v2\/product_cat?post=15752"},{"taxonomy":"product_tag","embeddable":true,"href":"https:\/\/www.ateti.pt\/loja\/wp-json\/wp\/v2\/product_tag?post=15752"},{"taxonomy":"woo-feed-brand","embeddable":true,"href":"https:\/\/www.ateti.pt\/loja\/wp-json\/wp\/v2\/woo-feed-brand?post=15752"}],"curies":[{"name":"wp","href":"https:\/\/api.w.org\/{rel}","templated":true}]}}