{"id":15750,"date":"2020-05-01T12:09:31","date_gmt":"2020-05-01T12:09:31","guid":{"rendered":"https:\/\/www.ateti.pt\/loja\/?post_type=product&#038;p=15750"},"modified":"2024-02-12T11:03:50","modified_gmt":"2024-02-12T11:03:50","slug":"farinha-de-linhaca-amarela-salutem-200g","status":"publish","type":"product","link":"https:\/\/www.ateti.pt\/loja\/produto\/farinha-de-linhaca-amarela-salutem-200g\/","title":{"rendered":"Farinha de Linha\u00e7a Dourada Salutem 200g"},"content":{"rendered":"<h5>Farinha de Linha\u00e7a Amarela Salutem 200g<\/h5>\n<p>Quantidade: 200g<\/p>\n<h5>Declara\u00e7\u00e3o Nutricional m\u00e9dia (por 100g):<\/h5>\n<p>Energia: 493,9kcal\/2041,2kj; L\u00edpidos: 36,7; dos quais Saturados: 3,5g; Omega 3 (ALA):20,5; Omega 6 (LA):6,9; Hidratos de Carbono:7,7g; dos quais A\u00e7ucares: 2,2g; Fibra: 24,0g; Prote\u00ednas: 21,2g; Sal: 0,05g; Ferro: 5mg (35,7%VRN); Vitamina B1: 1,5mg (136%VRN); Zinco: 4,8mg (48%VRN).<\/p>\n<p>Pode conter vest\u00edgios de avel\u00e3s, sementes de s\u00e9samo, gl\u00faten, di\u00f3xido de enxofre e soja.<\/p>\n","protected":false},"excerpt":{"rendered":"<p>10.45\u20ac\/kg<\/p>\n","protected":false},"featured_media":31324,"comment_status":"closed","ping_status":"closed","template":"","meta":{"_themeisle_gutenberg_block_has_review":false},"product_brand":[],"product_cat":[207,223],"product_tag":[],"woo-feed-brand":[752],"class_list":{"0":"post-15750","1":"product","2":"type-product","3":"status-publish","4":"has-post-thumbnail","6":"product_cat-bio-saudavel","7":"product_cat-mercearia-saudavel","8":"ts_product_brand-salutem","9":"woo-feed-brand-salutem","11":"first","12":"instock","13":"taxable","14":"shipping-taxable","15":"purchasable","16":"product-type-simple"},"_links":{"self":[{"href":"https:\/\/www.ateti.pt\/loja\/wp-json\/wp\/v2\/product\/15750","targetHints":{"allow":["GET"]}}],"collection":[{"href":"https:\/\/www.ateti.pt\/loja\/wp-json\/wp\/v2\/product"}],"about":[{"href":"https:\/\/www.ateti.pt\/loja\/wp-json\/wp\/v2\/types\/product"}],"replies":[{"embeddable":true,"href":"https:\/\/www.ateti.pt\/loja\/wp-json\/wp\/v2\/comments?post=15750"}],"wp:featuredmedia":[{"embeddable":true,"href":"https:\/\/www.ateti.pt\/loja\/wp-json\/wp\/v2\/media\/31324"}],"wp:attachment":[{"href":"https:\/\/www.ateti.pt\/loja\/wp-json\/wp\/v2\/media?parent=15750"}],"wp:term":[{"taxonomy":"product_brand","embeddable":true,"href":"https:\/\/www.ateti.pt\/loja\/wp-json\/wp\/v2\/product_brand?post=15750"},{"taxonomy":"product_cat","embeddable":true,"href":"https:\/\/www.ateti.pt\/loja\/wp-json\/wp\/v2\/product_cat?post=15750"},{"taxonomy":"product_tag","embeddable":true,"href":"https:\/\/www.ateti.pt\/loja\/wp-json\/wp\/v2\/product_tag?post=15750"},{"taxonomy":"woo-feed-brand","embeddable":true,"href":"https:\/\/www.ateti.pt\/loja\/wp-json\/wp\/v2\/woo-feed-brand?post=15750"}],"curies":[{"name":"wp","href":"https:\/\/api.w.org\/{rel}","templated":true}]}}