{"id":15744,"date":"2020-05-01T12:03:09","date_gmt":"2020-05-01T11:03:09","guid":{"rendered":"https:\/\/www.ateti.pt\/loja\/?post_type=product&#038;p=15744"},"modified":"2023-02-06T17:17:05","modified_gmt":"2023-02-06T16:17:05","slug":"farinha-de-linhaca-castanha-salutem-200g","status":"publish","type":"product","link":"https:\/\/www.ateti.pt\/loja\/produto\/farinha-de-linhaca-castanha-salutem-200g\/","title":{"rendered":"Farinha de Linha\u00e7a Castanha Salutem 200g"},"content":{"rendered":"<h5>Farinha de Linha\u00e7a Castanha Salutem<\/h5>\n<p>Quantidade: 100g<\/p>\n<h5>Declara\u00e7\u00e3o nutricional (por 100g):<\/h5>\n<p>Energia: 2131kj\/516kcal; L\u00edpidos:40.0g, dos quais saturados: 4.0g, Omega3(ALA): 23.0g, Omega6(LA): 5.8g; Hidratos de carbono: 6.0g, dos quais a\u00e7\u00facares: 1.6g; Fibra: 24.0g; Prote\u00ednas: 21.0g; Sal: 0.05g; Vitamina B1 1,62mg(147% VRN); Ferro 4mg (28,5% VRN); Zinco 32mg (320% VRN).<\/p>\n<p>Pode conter vest\u00edgios de avel\u00e3s, sementes de s\u00e9samo, gl\u00faten, dioxido de enxofre e soja.<\/p>\n","protected":false},"excerpt":{"rendered":"<p>8.45\u20ac\/kg<\/p>\n","protected":false},"featured_media":31327,"comment_status":"closed","ping_status":"closed","template":"","meta":{"_themeisle_gutenberg_block_has_review":false},"product_brand":[],"product_cat":[207,223],"product_tag":[],"woo-feed-brand":[752],"class_list":{"0":"post-15744","1":"product","2":"type-product","3":"status-publish","4":"has-post-thumbnail","6":"product_cat-bio-saudavel","7":"product_cat-mercearia-saudavel","8":"ts_product_brand-salutem","9":"woo-feed-brand-salutem","11":"first","12":"instock","13":"taxable","14":"shipping-taxable","15":"purchasable","16":"product-type-simple"},"_links":{"self":[{"href":"https:\/\/www.ateti.pt\/loja\/wp-json\/wp\/v2\/product\/15744","targetHints":{"allow":["GET"]}}],"collection":[{"href":"https:\/\/www.ateti.pt\/loja\/wp-json\/wp\/v2\/product"}],"about":[{"href":"https:\/\/www.ateti.pt\/loja\/wp-json\/wp\/v2\/types\/product"}],"replies":[{"embeddable":true,"href":"https:\/\/www.ateti.pt\/loja\/wp-json\/wp\/v2\/comments?post=15744"}],"wp:featuredmedia":[{"embeddable":true,"href":"https:\/\/www.ateti.pt\/loja\/wp-json\/wp\/v2\/media\/31327"}],"wp:attachment":[{"href":"https:\/\/www.ateti.pt\/loja\/wp-json\/wp\/v2\/media?parent=15744"}],"wp:term":[{"taxonomy":"product_brand","embeddable":true,"href":"https:\/\/www.ateti.pt\/loja\/wp-json\/wp\/v2\/product_brand?post=15744"},{"taxonomy":"product_cat","embeddable":true,"href":"https:\/\/www.ateti.pt\/loja\/wp-json\/wp\/v2\/product_cat?post=15744"},{"taxonomy":"product_tag","embeddable":true,"href":"https:\/\/www.ateti.pt\/loja\/wp-json\/wp\/v2\/product_tag?post=15744"},{"taxonomy":"woo-feed-brand","embeddable":true,"href":"https:\/\/www.ateti.pt\/loja\/wp-json\/wp\/v2\/woo-feed-brand?post=15744"}],"curies":[{"name":"wp","href":"https:\/\/api.w.org\/{rel}","templated":true}]}}