{"id":15719,"date":"2023-11-08T01:25:44","date_gmt":"2023-11-08T00:25:44","guid":{"rendered":"https:\/\/www.ateti.pt\/loja\/?post_type=product&#038;p=15719"},"modified":"2024-09-04T11:13:27","modified_gmt":"2024-09-04T10:13:27","slug":"flocos-de-aveia-grossos-salutem-375g","status":"publish","type":"product","link":"https:\/\/www.ateti.pt\/loja\/produto\/flocos-de-aveia-grossos-salutem-375g\/","title":{"rendered":"Flocos de Aveia Grossos 375g Salutem"},"content":{"rendered":"<p><strong>Flocos de Aveia Grossos Salutem<\/strong><\/p>\n<p><strong>Quantidade:<\/strong> 375g<\/p>\n<p><strong>Ingredientes:<\/strong> 100% aveia.<\/p>\n<p><strong>Declara\u00e7\u00e3o nutricional (por 100g):<\/strong><\/p>\n<p>Energia: 1566kj\/372kcal; L\u00edpidos:7.0g, dos quais saturados: 1,3g; Hidratos de carbono: 58,7g, dos quais a\u00e7\u00facares: 0.7g; Fibra: 10g; Prote\u00ednas: 13.5g; Sal: 0.02g; Beta-glucanos: 3.6g.<\/p>\n<p>Cont\u00e9m gl\u00faten. Pode conter vest\u00edgios de soja, frutos de casca rija e s\u00e9samo.<\/p>\n<p>V\u00ea mais produtos em\u00a0<a href=\"https:\/\/www.ateti.pt\/loja\/categoria\/bio-saudavel\/\">Bio &amp; Saud\u00e1vel<\/a><\/p>\n","protected":false},"excerpt":{"rendered":"<p>3.17\u20ac\/kg<\/p>\n","protected":false},"featured_media":66443,"comment_status":"closed","ping_status":"closed","template":"","meta":{"_themeisle_gutenberg_block_has_review":false},"product_brand":[],"product_cat":[207,223],"product_tag":[],"woo-feed-brand":[],"class_list":{"0":"post-15719","1":"product","2":"type-product","3":"status-publish","4":"has-post-thumbnail","6":"product_cat-bio-saudavel","7":"product_cat-mercearia-saudavel","8":"ts_product_brand-salutem","10":"first","11":"instock","12":"taxable","13":"shipping-taxable","14":"purchasable","15":"product-type-simple"},"_links":{"self":[{"href":"https:\/\/www.ateti.pt\/loja\/wp-json\/wp\/v2\/product\/15719","targetHints":{"allow":["GET"]}}],"collection":[{"href":"https:\/\/www.ateti.pt\/loja\/wp-json\/wp\/v2\/product"}],"about":[{"href":"https:\/\/www.ateti.pt\/loja\/wp-json\/wp\/v2\/types\/product"}],"replies":[{"embeddable":true,"href":"https:\/\/www.ateti.pt\/loja\/wp-json\/wp\/v2\/comments?post=15719"}],"wp:featuredmedia":[{"embeddable":true,"href":"https:\/\/www.ateti.pt\/loja\/wp-json\/wp\/v2\/media\/66443"}],"wp:attachment":[{"href":"https:\/\/www.ateti.pt\/loja\/wp-json\/wp\/v2\/media?parent=15719"}],"wp:term":[{"taxonomy":"product_brand","embeddable":true,"href":"https:\/\/www.ateti.pt\/loja\/wp-json\/wp\/v2\/product_brand?post=15719"},{"taxonomy":"product_cat","embeddable":true,"href":"https:\/\/www.ateti.pt\/loja\/wp-json\/wp\/v2\/product_cat?post=15719"},{"taxonomy":"product_tag","embeddable":true,"href":"https:\/\/www.ateti.pt\/loja\/wp-json\/wp\/v2\/product_tag?post=15719"},{"taxonomy":"woo-feed-brand","embeddable":true,"href":"https:\/\/www.ateti.pt\/loja\/wp-json\/wp\/v2\/woo-feed-brand?post=15719"}],"curies":[{"name":"wp","href":"https:\/\/api.w.org\/{rel}","templated":true}]}}