{"id":15672,"date":"2024-02-23T10:20:18","date_gmt":"2024-02-23T10:20:18","guid":{"rendered":"https:\/\/www.ateti.pt\/loja\/?post_type=product&#038;p=15672"},"modified":"2026-02-25T12:19:09","modified_gmt":"2026-02-25T12:19:09","slug":"mini-galete-integral-de-arroz-salutem-200g","status":"publish","type":"product","link":"https:\/\/www.ateti.pt\/loja\/produto\/mini-galete-integral-de-arroz-salutem-200g\/","title":{"rendered":"Mini Galetes Integral de Arroz 120g Salutem"},"content":{"rendered":"<p><strong>Mini Galetes Integral de Arroz Salutem<\/strong><\/p>\n<p><strong>Quantidade:<\/strong> 120g<\/p>\n<p><em>Como \u00e9 que as Galetes Salutem podem contribuir para saciar o apetite?<\/em><\/p>\n<p><em>Coma algumas Mini Galetes um pouco antes da hora do almo\u00e7o ou do jantar. Adotando este h\u00e1bito passar\u00e1 a ter uma maior facilidade em controlar o apetite \u00e0 hora da refei\u00e7\u00e3o, evitando o excesso de alimentos.<\/em><\/p>\n<p><em>As Mini Galetes Salutem podem substituir o p\u00e3o ou complementar um prato frugal.<\/em><\/p>\n<p><strong>Ingredientes<\/strong><br \/>\nArroz (625), Arroz integral (37%) e Sal.<\/p>\n<p>Por 100g<\/p>\n<table>\n<tbody>\n<tr>\n<td colspan=\"3\">% DR(*)<\/td>\n<\/tr>\n<tr>\n<td class=\"nutrient\">Energia<\/td>\n<td>383Kcal=1623kJ<\/td>\n<td>19,2<\/td>\n<\/tr>\n<tr>\n<td class=\"nutrient\">L\u00edpidos<\/td>\n<td>2,6g<\/td>\n<td>3,7<\/td>\n<\/tr>\n<tr>\n<td class=\"sub-nutrient\">dos quais Saturados<\/td>\n<td>0,6g<\/td>\n<td>9<\/td>\n<\/tr>\n<tr>\n<td class=\"nutrient\">Fibra<\/td>\n<td>3g<\/td>\n<td>&#8211;<\/td>\n<\/tr>\n<tr>\n<td class=\"nutrient\">Prote\u00ednas<\/td>\n<td>8,7g<\/td>\n<td>17,4<\/td>\n<\/tr>\n<tr>\n<td class=\"nutrient\">Sal<\/td>\n<td>0,7<\/td>\n<td>11,7<\/td>\n<\/tr>\n<\/tbody>\n<\/table>\n<p>V\u00ea mais produtos em\u00a0<a href=\"https:\/\/www.ateti.pt\/loja\/categoria\/bio-saudavel\/\">Bio &amp; Saud\u00e1vel<\/a><\/p>\n","protected":false},"excerpt":{"rendered":"<p>19.92\u20ac\/kg<\/p>\n","protected":false},"featured_media":69872,"comment_status":"closed","ping_status":"closed","template":"","meta":{"_themeisle_gutenberg_block_has_review":false},"product_brand":[],"product_cat":[207,222,223,216],"product_tag":[],"woo-feed-brand":[],"class_list":{"0":"post-15672","1":"product","2":"type-product","3":"status-publish","4":"has-post-thumbnail","6":"product_cat-bio-saudavel","7":"product_cat-dieta","8":"product_cat-mercearia-saudavel","9":"product_cat-sem-gluten","10":"ts_product_brand-salutem","12":"first","13":"instock","14":"taxable","15":"shipping-taxable","16":"purchasable","17":"product-type-simple"},"_links":{"self":[{"href":"https:\/\/www.ateti.pt\/loja\/wp-json\/wp\/v2\/product\/15672","targetHints":{"allow":["GET"]}}],"collection":[{"href":"https:\/\/www.ateti.pt\/loja\/wp-json\/wp\/v2\/product"}],"about":[{"href":"https:\/\/www.ateti.pt\/loja\/wp-json\/wp\/v2\/types\/product"}],"replies":[{"embeddable":true,"href":"https:\/\/www.ateti.pt\/loja\/wp-json\/wp\/v2\/comments?post=15672"}],"wp:featuredmedia":[{"embeddable":true,"href":"https:\/\/www.ateti.pt\/loja\/wp-json\/wp\/v2\/media\/69872"}],"wp:attachment":[{"href":"https:\/\/www.ateti.pt\/loja\/wp-json\/wp\/v2\/media?parent=15672"}],"wp:term":[{"taxonomy":"product_brand","embeddable":true,"href":"https:\/\/www.ateti.pt\/loja\/wp-json\/wp\/v2\/product_brand?post=15672"},{"taxonomy":"product_cat","embeddable":true,"href":"https:\/\/www.ateti.pt\/loja\/wp-json\/wp\/v2\/product_cat?post=15672"},{"taxonomy":"product_tag","embeddable":true,"href":"https:\/\/www.ateti.pt\/loja\/wp-json\/wp\/v2\/product_tag?post=15672"},{"taxonomy":"woo-feed-brand","embeddable":true,"href":"https:\/\/www.ateti.pt\/loja\/wp-json\/wp\/v2\/woo-feed-brand?post=15672"}],"curies":[{"name":"wp","href":"https:\/\/api.w.org\/{rel}","templated":true}]}}