{"id":15670,"date":"2022-04-01T10:22:08","date_gmt":"2022-04-01T09:22:08","guid":{"rendered":"https:\/\/www.ateti.pt\/loja\/?post_type=product&#038;p=15670"},"modified":"2025-01-15T17:46:13","modified_gmt":"2025-01-15T17:46:13","slug":"mini-galete-integral-de-milho-salutem-120g","status":"publish","type":"product","link":"https:\/\/www.ateti.pt\/loja\/produto\/mini-galete-integral-de-milho-salutem-120g\/","title":{"rendered":"Mini Galetes Integral de Milho 120g Salutem"},"content":{"rendered":"<p><strong>Mini Galetes Integral de Milho Salutem<\/strong><\/p>\n<p><strong>Quantidade:<\/strong> 120g<\/p>\n<p><em>Como \u00e9 que as Mini Galetes Salutem podem contribuir para saciar o seu apetite?<\/em><\/p>\n<p><em>\u00c9 muito simples, basta comer algumas Mini Galetes Salutem um pouco antes da hora do almo\u00e7o ou do jantar. Adotando este h\u00e1bito passar\u00e1 a ter muito maior facilidade em controlar o apetite \u00e0 hora da refei\u00e7\u00e3o, evitando o excesso de alimentos.<\/em><\/p>\n<p><em>As Mini Galetes Salutem tamb\u00e9m s\u00e3o uma saborosa e pr\u00e1tica alternativa para compor uma refei\u00e7\u00e3o ligeira, podendo substituir o p\u00e3o ou complementar um prato frugal.<\/em><\/p>\n<p><strong>Ingredientes<\/strong><br \/>\nMilho (89,3%), Arroz (10%) e Sal.<\/p>\n<p>Por 100g<\/p>\n<table>\n<tbody>\n<tr>\n<td colspan=\"3\">% DR(*)<\/td>\n<\/tr>\n<tr>\n<td class=\"nutrient\">Energia<\/td>\n<td>377Kcal =1601kJ<\/td>\n<td>18,9<\/td>\n<\/tr>\n<tr>\n<td class=\"nutrient\">L\u00edpidos<\/td>\n<td>1g<\/td>\n<td>1,4<\/td>\n<\/tr>\n<tr>\n<td class=\"sub-nutrient\">dos quais Saturados<\/td>\n<td>&lt;0,2g<\/td>\n<td>1<\/td>\n<\/tr>\n<tr>\n<td class=\"nutrient\">Hidratos de Carbono<\/td>\n<td>82,9g<\/td>\n<td>31,9<\/td>\n<\/tr>\n<tr>\n<td class=\"sub-nutrient\">dos quais A\u00e7\u00facares<\/td>\n<td>&lt;0,5g<\/td>\n<td>0,6<\/td>\n<\/tr>\n<tr>\n<td class=\"nutrient\">Fibra<\/td>\n<td>2,8g<\/td>\n<td>&#8211;<\/td>\n<\/tr>\n<tr>\n<td class=\"nutrient\">Prote\u00ednas<\/td>\n<td>7,8g<\/td>\n<td>15,6<\/td>\n<\/tr>\n<tr>\n<td class=\"nutrient\">Sal<\/td>\n<td>0,7g<\/td>\n<td>11,7<\/td>\n<\/tr>\n<\/tbody>\n<\/table>\n<p>V\u00ea mais produtos em\u00a0<a href=\"https:\/\/www.ateti.pt\/loja\/categoria\/bio-saudavel\/\">Bio &amp; Saud\u00e1vel<\/a><\/p>\n","protected":false},"excerpt":{"rendered":"<p>19.92\u20ac\/kg<\/p>\n","protected":false},"featured_media":69420,"comment_status":"closed","ping_status":"closed","template":"","meta":{"_themeisle_gutenberg_block_has_review":false},"product_brand":[],"product_cat":[207,222,223,216],"product_tag":[],"woo-feed-brand":[],"class_list":{"0":"post-15670","1":"product","2":"type-product","3":"status-publish","4":"has-post-thumbnail","6":"product_cat-bio-saudavel","7":"product_cat-dieta","8":"product_cat-mercearia-saudavel","9":"product_cat-sem-gluten","10":"ts_product_brand-salutem","12":"first","13":"instock","14":"taxable","15":"shipping-taxable","16":"purchasable","17":"product-type-simple"},"_links":{"self":[{"href":"https:\/\/www.ateti.pt\/loja\/wp-json\/wp\/v2\/product\/15670","targetHints":{"allow":["GET"]}}],"collection":[{"href":"https:\/\/www.ateti.pt\/loja\/wp-json\/wp\/v2\/product"}],"about":[{"href":"https:\/\/www.ateti.pt\/loja\/wp-json\/wp\/v2\/types\/product"}],"replies":[{"embeddable":true,"href":"https:\/\/www.ateti.pt\/loja\/wp-json\/wp\/v2\/comments?post=15670"}],"wp:featuredmedia":[{"embeddable":true,"href":"https:\/\/www.ateti.pt\/loja\/wp-json\/wp\/v2\/media\/69420"}],"wp:attachment":[{"href":"https:\/\/www.ateti.pt\/loja\/wp-json\/wp\/v2\/media?parent=15670"}],"wp:term":[{"taxonomy":"product_brand","embeddable":true,"href":"https:\/\/www.ateti.pt\/loja\/wp-json\/wp\/v2\/product_brand?post=15670"},{"taxonomy":"product_cat","embeddable":true,"href":"https:\/\/www.ateti.pt\/loja\/wp-json\/wp\/v2\/product_cat?post=15670"},{"taxonomy":"product_tag","embeddable":true,"href":"https:\/\/www.ateti.pt\/loja\/wp-json\/wp\/v2\/product_tag?post=15670"},{"taxonomy":"woo-feed-brand","embeddable":true,"href":"https:\/\/www.ateti.pt\/loja\/wp-json\/wp\/v2\/woo-feed-brand?post=15670"}],"curies":[{"name":"wp","href":"https:\/\/api.w.org\/{rel}","templated":true}]}}