{"id":15615,"date":"2020-04-30T16:21:39","date_gmt":"2020-04-30T15:21:39","guid":{"rendered":"https:\/\/www.ateti.pt\/loja\/?post_type=product&#038;p=15615"},"modified":"2024-02-13T17:41:30","modified_gmt":"2024-02-13T17:41:30","slug":"louro-folhas-7gr-margao","status":"publish","type":"product","link":"https:\/\/www.ateti.pt\/loja\/produto\/louro-folhas-7gr-margao\/","title":{"rendered":"Louro Folhas 6g Marg\u00e3o"},"content":{"rendered":"<p><strong>Louro Folhas Marg\u00e3o<\/strong><\/p>\n<p>As folhas de louro s\u00e3o um dos temperos mais tradicionais na cozinha portuguesa. Muito apreciado em carnes e cozidos, arroz, pratos com feij\u00e3o, molhos, sopas, peixes, caldeiradas, pratos de batatas, guisados e estufados.<\/p>\n<p>Com o louro os portugueses inventaram a vinha-d\u2019alhos (vinho, alho e ervas).<\/p>\n<h4 class=\"block-title\">Sugest\u00f5es de utiliza\u00e7\u00e3o:<\/h4>\n<p>Adicione aos seus caldos, molhos, marinadas e guisados. A for\u00e7a e o sabor do louro s\u00e3o incrementados com o tempo de cozedura.<\/p>\n<p><strong>Conserva\u00e7\u00e3o:<\/strong> Conservar a abrigo da luz, do calor e da humidade.<\/p>\n<p><strong>Denomina\u00e7\u00e3o:<\/strong> Louro folhas<\/p>\n<p><strong>Informa\u00e7\u00e3o Adicional:<\/strong> Confirmar a informa\u00e7\u00e3o no r\u00f3tulo do artigo. Devido a poss\u00edveis altera\u00e7\u00f5es de embalagens e\/ou r\u00f3tulos, dever\u00e1 considerar sempre a informa\u00e7\u00e3o que acompanha o produto que recebe.<\/p>\n<p><strong>Ingredientes:<\/strong> Louro.<\/p>\n<p><strong>Origem:<\/strong> Embalado na UE<\/p>\n<p><strong>Prepara\u00e7\u00e3o: <\/strong>Depois de aberta, consumir de prefer\u00eancia no prazo de 6 meses.<\/p>\n<p><strong>Quantidade Liquida:<\/strong> 0.006 KG<\/p>\n<p>Receitas:<\/p>\n<p><strong><em>Gin After Work<\/em><\/strong><\/p>\n<p>Um copo de gin \u00e9 a companhia ideal para depois do trabalho.<\/p>\n<p>Muito r\u00e1pido e simples de fazer, com muito sabor e que pode ser feito e bebido em casa!<\/p>\n<p>Experimente esta receita com as folhas de Louro da Marg\u00e3o.<\/p>\n<p><strong>Ingredientes:<\/strong><\/p>\n<ul class=\"recipe-about-list\">\n<li>5 cl de gin<\/li>\n<li>20 cl \u00e1gua t\u00f3nica<\/li>\n<li>1 folha de louro<\/li>\n<li>1 baga de uva branca<\/li>\n<li>gelo q.b<\/li>\n<\/ul>\n<p><strong>Modo de prepara\u00e7\u00e3o:<\/strong><\/p>\n<ul>\n<li class=\"row step\">\n<div class=\"col-xs-12 col-md-12 step-content\">\n<p>Gele o copo bal\u00e3o com cubos de gelo.<\/p>\n<\/div>\n<\/li>\n<li class=\"row step\">\n<div class=\"col-xs-12 col-md-12 step-content\">\n<p>Junte ao gelo a uva branca partida ao meio e a folha de louro.<\/p>\n<\/div>\n<\/li>\n<li class=\"row step\">\n<div class=\"col-xs-12 col-md-12 step-content\">\n<p>Adicione 5 cl de gin (Nord\u00e9s).<\/p>\n<\/div>\n<\/li>\n<li class=\"row step\">\n<div class=\"col-xs-12 col-md-12 step-content\">\n<p>Adicione 20 cl de \u00e1gua t\u00f3nica, lentamente, com uma colher de bar, de modo a n\u00e3o destruir o carbono das bolhas da \u00e1gua.<\/p>\n<\/div>\n<\/li>\n<li class=\"row step\">\n<div class=\"col-xs-12 col-md-12 step-content\">\n<p>Aten\u00e7\u00e3o: tente n\u00e3o partir a folha de louro, pois trincar os peda\u00e7os n\u00e3o \u00e9 agrad\u00e1vel.<\/p>\n<p>&nbsp;<\/p>\n<\/div>\n<\/li>\n<\/ul>\n<p><em><strong>Arroz Doce com Lim\u00e3o<\/strong><\/em><\/p>\n<p>O lim\u00e3o de conserva e as folhas de louro perfumam esta sobremesa de arroz doce e cremoso.<\/p>\n<p><strong>Ingredientes:<\/strong><\/p>\n<ul class=\"recipe-about-list\">\n<li>1\/2 lim\u00e3o<\/li>\n<li>1\/2 ch\u00e1vena de arroz de bago curto<\/li>\n<li>1 1\/2 de \u00e1gua<\/li>\n<li>1 pau de canela<\/li>\n<li>4 ch\u00e1venas de leite<\/li>\n<li>1\/2 ch\u00e1vena de a\u00e7\u00facar<\/li>\n<li>2 folhas louro<\/li>\n<\/ul>\n<p><strong>Modo de prepara\u00e7\u00e3o:<\/strong><\/p>\n<ul>\n<li class=\"row step\">\n<div class=\"col-xs-12 col-md-12 step-content\">\n<p>Retire e deite fora a polpa dos lim\u00f5es de conserva. Passe a casca por \u00e1gua de modo a eliminar o excesso de sal. Pique finamente a casca de modo a obter cerca de 2 colheres de sopa. Reserve.<\/p>\n<\/div>\n<\/li>\n<li class=\"row step\">\n<div class=\"col-xs-12 col-md-12 step-content\">\n<p>Coloque o arroz, a \u00e1gua e o pau de canela num tacho m\u00e9dio. Deixe levantar fervura em lume m\u00e9dio. Reduza para lume brando, tape e coza durante 15 minutos ou at\u00e9 que a \u00e1gua tenha sido absorvida. Entretanto, coloque o leite e o a\u00e7\u00facar num tacho grande at\u00e9 ferver, em lume m\u00e9dio.<\/p>\n<\/div>\n<\/li>\n<li class=\"row step\">\n<div class=\"col-xs-12 col-md-12 step-content\">\n<p>Adicione o arroz cozido, o pau de canela e as folhas de louro. Coza durante 45 minutos ou at\u00e9 que a mistura esteja espessa e cremosa, mexendo de vez em quando. Retire o pau de canela e as folhas de louro.<\/p>\n<\/div>\n<\/li>\n<li class=\"row step\">\n<div class=\"col-xs-12 col-md-12 step-content\">\n<p>Adicione o lim\u00e3o. Verta o arroz doce numa ta\u00e7a grande (este ir\u00e1 engrossar \u00e0 medida que arrefece). Tape a superf\u00edcie com pel\u00edcula aderente. Deixe arrefecer ligeiramente.<\/p>\n<\/div>\n<\/li>\n<li class=\"row step\">\n<div class=\"col-xs-12 col-md-12 step-content\">\n<p>Leve ao frigor\u00edfico durante 3 horas ou de um dia para o outro at\u00e9 estar bem frio. Decore cada dose com canela se assim desejar.<\/p>\n<\/div>\n<p>&nbsp;<\/li>\n<\/ul>\n<p>Veja mais em <a href=\"https:\/\/www.ateti.pt\/loja\/categoria\/mercearia\/temperos-e-molhos\/\">Temperos e Molhos<\/a><\/p>\n","protected":false},"excerpt":{"rendered":"<p>298.33\u20ac\/KG<\/p>\n","protected":false},"featured_media":61154,"comment_status":"closed","ping_status":"closed","template":"","meta":{"_themeisle_gutenberg_block_has_review":false},"product_brand":[],"product_cat":[132,174],"product_tag":[],"woo-feed-brand":[],"class_list":{"0":"post-15615","1":"product","2":"type-product","3":"status-publish","4":"has-post-thumbnail","6":"product_cat-mercearia","7":"product_cat-temperos-e-molhos","8":"ts_product_brand-margao","10":"first","11":"instock","12":"taxable","13":"shipping-taxable","14":"purchasable","15":"product-type-simple"},"_links":{"self":[{"href":"https:\/\/www.ateti.pt\/loja\/wp-json\/wp\/v2\/product\/15615","targetHints":{"allow":["GET"]}}],"collection":[{"href":"https:\/\/www.ateti.pt\/loja\/wp-json\/wp\/v2\/product"}],"about":[{"href":"https:\/\/www.ateti.pt\/loja\/wp-json\/wp\/v2\/types\/product"}],"replies":[{"embeddable":true,"href":"https:\/\/www.ateti.pt\/loja\/wp-json\/wp\/v2\/comments?post=15615"}],"wp:featuredmedia":[{"embeddable":true,"href":"https:\/\/www.ateti.pt\/loja\/wp-json\/wp\/v2\/media\/61154"}],"wp:attachment":[{"href":"https:\/\/www.ateti.pt\/loja\/wp-json\/wp\/v2\/media?parent=15615"}],"wp:term":[{"taxonomy":"product_brand","embeddable":true,"href":"https:\/\/www.ateti.pt\/loja\/wp-json\/wp\/v2\/product_brand?post=15615"},{"taxonomy":"product_cat","embeddable":true,"href":"https:\/\/www.ateti.pt\/loja\/wp-json\/wp\/v2\/product_cat?post=15615"},{"taxonomy":"product_tag","embeddable":true,"href":"https:\/\/www.ateti.pt\/loja\/wp-json\/wp\/v2\/product_tag?post=15615"},{"taxonomy":"woo-feed-brand","embeddable":true,"href":"https:\/\/www.ateti.pt\/loja\/wp-json\/wp\/v2\/woo-feed-brand?post=15615"}],"curies":[{"name":"wp","href":"https:\/\/api.w.org\/{rel}","templated":true}]}}