{"id":15611,"date":"2020-04-30T16:15:04","date_gmt":"2020-04-30T15:15:04","guid":{"rendered":"https:\/\/www.ateti.pt\/loja\/?post_type=product&#038;p=15611"},"modified":"2024-09-18T15:56:56","modified_gmt":"2024-09-18T14:56:56","slug":"lixivia-tradicional-neoblanc-1l","status":"publish","type":"product","link":"https:\/\/www.ateti.pt\/loja\/produto\/lixivia-tradicional-neoblanc-1l\/","title":{"rendered":"Lix\u00edvia Tradicional Neoblanc 1L"},"content":{"rendered":"<h5>Lix\u00edvia Tradicional Neoblanc<\/h5>\n<p>Quantidade: 1L<\/p>\n<p>NEOBLANC Tradicional garante prote\u00e7\u00e3o para a sua casa e para a sua roupa. Gra\u00e7as \u00e0 tecnologia exclusiva Protege-Fibra, envolve as fibras e protege-as durante a lavagem, ajudando a manter as pe\u00e7as como novas! Al\u00e9m disso, higieniza e remove mais de 90% dos alerg\u00e9nios de p\u00f3len, poeira, \u00e1caros e animais dom\u00e9sticos.<\/p>\n<p><strong>Modo de utiliza\u00e7\u00e3o:<\/strong><\/p>\n<div class=\"row step\">\n<div class=\"col-md-9\">\n<h4 class=\"section__step-title\">Grandes superf\u00edcies<\/h4>\n<div class=\"section__step-abstract\">\n<p>No caso de sujidade normal, dilua um copo (150 ml) de NEOBLANC Tradicional em 5 litros de \u00e1gua e limpe sem enxaguar.<\/p>\n<p>No caso de sujidade persistente, aplique NEOBLANC Tradicional diretamente sobre a sujidade e depois enxague, ou deite dois copos (300 ml) de NEOBLANC Tradicional em 5 litros de \u00e1gua e limpe sem enxaguar.<\/p>\n<\/div>\n<\/div>\n<\/div>\n<div class=\"row step\">\n<div class=\"col-md-9\">\n<h4 class=\"section__step-title\">M\u00e1quina de lavar roupa<\/h4>\n<div class=\"section__step-abstract\">\n<p>Comece por deitar o detergente no doseador e coloque-o no tambor sobre a roupa, ou deite-o no compartimento espec\u00edfico da m\u00e1quina de lavar.<\/p>\n<p>Depois adicione NEOBLANC Tradicional no compartimento espec\u00edfico da lix\u00edvia at\u00e9 o n\u00edvel indicado.<\/p>\n<p>Se n\u00e3o houver o compartimento dedicado e n\u00e3o for utilizar outros aditivos (por ex. amaciador), deite NEOBLANC Tradicional no compartimento dos aditivos at\u00e9 o n\u00edvel indicado.<\/p>\n<p>Como alternativa, acione a pr\u00e9-lavagem e, enquanto a \u00e1gua escorre, deite um copo e meio (225 ml) de NEOBLANC Tradicional no compartimento da pr\u00e9-lavagem. Por fim, inicie a lavagem.<\/p>\n<p>Para resultados excelentes, n\u00e3o deite a lix\u00edvia NEOBLANC no compartimento do detergente.<\/p>\n<\/div>\n<\/div>\n<\/div>\n<div class=\"row step\">\n<div class=\"col-md-9\">\n<h4 class=\"section__step-title\">Tratamento pr\u00e9vio<\/h4>\n<div class=\"section__step-abstract\">\n<p>No caso de manchas dif\u00edceis, deite NEOBLANC Tradicional diretamente sobre a mancha at\u00e9 cobrir completamente, deixe atuar no m\u00e1ximo 3 minutos e lave imediatamente. Teste o produto sobre uma parte escondida antes do uso. N\u00e3o deite puro sobre poss\u00edveis partes met\u00e1licas.<\/p>\n<\/div>\n<\/div>\n<\/div>\n<div class=\"row step\">\n<div class=\"col-md-9\">\n<h4 class=\"section__step-title\">\u00c0 m\u00e3o<\/h4>\n<div class=\"section__step-abstract\">\n<p>Deite um copo de NEOBLANC Tradicional\u00a0 (150 ml) em10 litros de \u00e1gua e deixe de molho durante 20\/30 minutos sem adicionar o detergente. Em seguida, enxague a roupa e lave-a como de costume. Imprima as instru\u00e7\u00f5es para mant\u00ea-las sempre ao seu alcance.<\/p>\n<\/div>\n<\/div>\n<\/div>\n<p><strong>Quantidade:<\/strong> 2L<\/p>\n<p>Veja mais em <a href=\"https:\/\/www.ateti.pt\/loja\/categoria\/higiene-e-limpeza\/limpeza\/diversos-limpeza\/\">Diversos<\/a><\/p>\n","protected":false},"excerpt":{"rendered":"<p>0.99\u20ac\/LT<\/p>\n","protected":false},"featured_media":60895,"comment_status":"closed","ping_status":"closed","template":"","meta":{"_themeisle_gutenberg_block_has_review":false},"product_brand":[],"product_cat":[190,233,204],"product_tag":[],"woo-feed-brand":[],"class_list":{"0":"post-15611","1":"product","2":"type-product","3":"status-publish","4":"has-post-thumbnail","6":"product_cat-desinfetantes-e-limpeza","7":"product_cat-diversos-limpeza","8":"product_cat-limpeza","9":"ts_product_brand-neoblanc","11":"first","12":"instock","13":"taxable","14":"shipping-taxable","15":"purchasable","16":"product-type-simple"},"_links":{"self":[{"href":"https:\/\/www.ateti.pt\/loja\/wp-json\/wp\/v2\/product\/15611","targetHints":{"allow":["GET"]}}],"collection":[{"href":"https:\/\/www.ateti.pt\/loja\/wp-json\/wp\/v2\/product"}],"about":[{"href":"https:\/\/www.ateti.pt\/loja\/wp-json\/wp\/v2\/types\/product"}],"replies":[{"embeddable":true,"href":"https:\/\/www.ateti.pt\/loja\/wp-json\/wp\/v2\/comments?post=15611"}],"wp:featuredmedia":[{"embeddable":true,"href":"https:\/\/www.ateti.pt\/loja\/wp-json\/wp\/v2\/media\/60895"}],"wp:attachment":[{"href":"https:\/\/www.ateti.pt\/loja\/wp-json\/wp\/v2\/media?parent=15611"}],"wp:term":[{"taxonomy":"product_brand","embeddable":true,"href":"https:\/\/www.ateti.pt\/loja\/wp-json\/wp\/v2\/product_brand?post=15611"},{"taxonomy":"product_cat","embeddable":true,"href":"https:\/\/www.ateti.pt\/loja\/wp-json\/wp\/v2\/product_cat?post=15611"},{"taxonomy":"product_tag","embeddable":true,"href":"https:\/\/www.ateti.pt\/loja\/wp-json\/wp\/v2\/product_tag?post=15611"},{"taxonomy":"woo-feed-brand","embeddable":true,"href":"https:\/\/www.ateti.pt\/loja\/wp-json\/wp\/v2\/woo-feed-brand?post=15611"}],"curies":[{"name":"wp","href":"https:\/\/api.w.org\/{rel}","templated":true}]}}