{"id":15591,"date":"2020-04-30T15:50:42","date_gmt":"2020-04-30T14:50:42","guid":{"rendered":"https:\/\/www.ateti.pt\/loja\/?post_type=product&#038;p=15591"},"modified":"2025-06-17T13:12:15","modified_gmt":"2025-06-17T12:12:15","slug":"lencos-de-bolso-kids-8-renova","status":"publish","type":"product","link":"https:\/\/www.ateti.pt\/loja\/produto\/lencos-de-bolso-kids-8-renova\/","title":{"rendered":"Len\u00e7os Kids Renova 8un +2 Gr\u00e1tis"},"content":{"rendered":"<p><strong>Len\u00e7os Kids Renova<\/strong><\/p>\n<p><strong>Quantidade:<\/strong> 8un<\/p>\n<p>Len\u00e7os Kids Renova super pr\u00e1ticos e engra\u00e7ados para as crian\u00e7as levarem para qualquer lado!<\/p>\n<p>Veja mais em <a href=\"https:\/\/www.ateti.pt\/loja\/categoria\/higiene-e-limpeza\/acessorios-de-cozinha-casa-de-banho\/\">Acess\u00f3rios de Cozinha\/Casa de Banho<\/a><\/p>\n<p>&nbsp;<\/p>\n","protected":false},"excerpt":{"rendered":"<p>0.16\u20ac\/UNID<\/p>\n<p>&nbsp;<\/p>\n","protected":false},"featured_media":60761,"comment_status":"closed","ping_status":"closed","template":"","meta":{"_themeisle_gutenberg_block_has_review":false},"product_brand":[],"product_cat":[192,214,190,227],"product_tag":[],"woo-feed-brand":[],"class_list":{"0":"post-15591","1":"product","2":"type-product","3":"status-publish","4":"has-post-thumbnail","6":"product_cat-acessorios-de-cozinha-casa-de-banho","7":"product_cat-bebe-crianca","8":"product_cat-desinfetantes-e-limpeza","9":"product_cat-higiene-bebe-crianca","10":"ts_product_brand-renova","12":"first","13":"instock","14":"taxable","15":"shipping-taxable","16":"purchasable","17":"product-type-simple"},"_links":{"self":[{"href":"https:\/\/www.ateti.pt\/loja\/wp-json\/wp\/v2\/product\/15591","targetHints":{"allow":["GET"]}}],"collection":[{"href":"https:\/\/www.ateti.pt\/loja\/wp-json\/wp\/v2\/product"}],"about":[{"href":"https:\/\/www.ateti.pt\/loja\/wp-json\/wp\/v2\/types\/product"}],"replies":[{"embeddable":true,"href":"https:\/\/www.ateti.pt\/loja\/wp-json\/wp\/v2\/comments?post=15591"}],"wp:featuredmedia":[{"embeddable":true,"href":"https:\/\/www.ateti.pt\/loja\/wp-json\/wp\/v2\/media\/60761"}],"wp:attachment":[{"href":"https:\/\/www.ateti.pt\/loja\/wp-json\/wp\/v2\/media?parent=15591"}],"wp:term":[{"taxonomy":"product_brand","embeddable":true,"href":"https:\/\/www.ateti.pt\/loja\/wp-json\/wp\/v2\/product_brand?post=15591"},{"taxonomy":"product_cat","embeddable":true,"href":"https:\/\/www.ateti.pt\/loja\/wp-json\/wp\/v2\/product_cat?post=15591"},{"taxonomy":"product_tag","embeddable":true,"href":"https:\/\/www.ateti.pt\/loja\/wp-json\/wp\/v2\/product_tag?post=15591"},{"taxonomy":"woo-feed-brand","embeddable":true,"href":"https:\/\/www.ateti.pt\/loja\/wp-json\/wp\/v2\/woo-feed-brand?post=15591"}],"curies":[{"name":"wp","href":"https:\/\/api.w.org\/{rel}","templated":true}]}}