{"id":15575,"date":"2021-07-04T10:51:11","date_gmt":"2021-07-04T10:51:11","guid":{"rendered":"https:\/\/www.ateti.pt\/loja\/?post_type=product&#038;p=15575"},"modified":"2026-02-18T15:30:36","modified_gmt":"2026-02-18T15:30:36","slug":"lava-chao-p-madeira-750ml33-gratis-pronto","status":"publish","type":"product","link":"https:\/\/www.ateti.pt\/loja\/produto\/lava-chao-p-madeira-750ml33-gratis-pronto\/","title":{"rendered":"Lava Ch\u00e3o Madeira Pronto 750ml+33% Gr\u00e1tis"},"content":{"rendered":"<h5>Lava Ch\u00e3o Madeira Pronto<\/h5>\n<p><strong>Para que o seu ch\u00e3o fique mais brilhante utilize:<\/strong><\/p>\n<h5>Lava Ch\u00e3o Madeira Pronto<\/h5>\n<ul>\n<li class=\"txtDesc oddRow\"><b><b>O <\/b><\/b><strong>Lava Ch\u00e3o Madeira Pronto <\/strong><b>nutre e protege a madeira, garantindo m\u00e1xima limpeza dos seus m\u00f3veis.<\/b><\/li>\n<li class=\"txtDesc \">Mantenha os seus soalhos limpos, brilhantes e cuidados com o detergente para madeira 5 em 1 da Pronto. O detergente limpa, remove o p\u00f3, hidratada a madeira, perfuma e cuida do seu ch\u00e3o para que se mantenha limpo e cuidado durante mais tempo.<\/li>\n<li class=\"txtDesc oddRow\">Tipo: Detergente para madeiras<\/li>\n<li class=\"txtDesc oddRow\">Nutre e trata a madeira<\/li>\n<li class=\"txtDesc \">Remove o p\u00f3 com efic\u00e1cia<\/li>\n<\/ul>\n<p><strong>Dica:<\/strong> Para \u00e1reas grandes diluir 2 tampas meio balde de \u00e1gua morna. Para n\u00f3doas dif\u00edceis, aplique directamente com uma esponja, sem diluir. N\u00e3o \u00e9 necess\u00e1rio enxaguar, nem secar com um pano. N\u00e3o \u00e9 aconselh\u00e1vel a utiliza\u00e7\u00e3o em madeiras nobres, ou n\u00e3o tratadas.<\/p>\n<p>Quantidade: 750ml+33% (250mL) Gr\u00e1tis<\/p>\n<h6>Ingredientes: <strong>\u00c1gua<\/strong>(Fornece uma base l\u00edquida para um produto), <strong>Ethoxylated Alcohol<\/strong> (Ethoxylated Alcohol \u00e9 um agente de limpeza, ou \u201csurfactante\u201d, que tamb\u00e9m pode ser encontrado em produtos de limpeza dom\u00e9sticos, como produtos de limpeza para todos os fins e limpeza de autom\u00f3veis. Us\u00e1mo-lo nos nossos produtos para remover a sujidade e dep\u00f3sitos envolvendo as part\u00edculas de p\u00f3 para libert\u00e1-las da superf\u00edcie a que est\u00e3o agarradas de forma a poderem ser eliminadas. Ethoxylated alcohol tamb\u00e9m pode ser utilizado como um emulsificador. Ajuda a unir os ingredientes e a impedir a separa\u00e7\u00e3o de uma f\u00f3rmula. Ao longo do tempo, \u00e9 poss\u00edvel separar f\u00f3rmulas num produto. Adicionamos emulsionante aos nossos produtos quando necess\u00e1rio para garantir que os nossos produtos fornecem o mesmo desempenho a cada utiliza\u00e7\u00e3o), <strong>PPG-2 Methyl Ether<\/strong>(PPG-2 Methyl Ether \u00e9 um formador de pel\u00edcula que pode ser encontrado em acabamentos de piso. Ajuda os ingredientes a distribu\u00edrem-se de maneira uniforme num produto e a criar um revestimento protetor e suave sobre a superf\u00edcie em que \u00e9 aplicado. PPG-2 Methyl Ether tamb\u00e9m pode ser um agente hidratante, ajuda a impedir que um produto ou uma superf\u00edcie, como a pele, sequem ajudando a manter a humidade. Tamb\u00e9m ajuda a mant\u00ea-lo mais suave e male\u00e1vel), <strong>Potassium tallate<\/strong>(Potassium tallate \u00e9 um agente de limpeza, ou &#8220;surfactante,&#8221; que \u00e9 derivado de um tipo de \u00e1cido gordo que \u00e9 usado em sabonetes l\u00edquidos, detergentes e outros produtos de limpeza dom\u00e9sticos. Usamos potassium tallate nos nossos produtos para remover a sujidade e dep\u00f3sitos envolvendo as part\u00edculas de p\u00f3 para libert\u00e1-las da superf\u00edcie a que est\u00e3o agarradas de forma a poderem ser eliminadas), <strong>Cellulose Gum<\/strong>(Cellulose gum \u00e9 um espessante que tamb\u00e9m pode ser encontrado em produtos alimentares e em produtos dom\u00e9sticos como pasta dos dentes e detergentes. Us\u00e1mo-lo para melhorar a textura de um produto), <strong>Fragr\u00e2ncia<\/strong>((s)-p-mentha-1,8-diene*; 2,6-dimethyl-7-octen-2-ol; 3,7-dimethyloct-6-enenitrile; benzyl acetate; benzyl salicylate*; citrus aurantium dulcis (orange) peel oil*; dipropylene glycol; geraniol*; limonene*; linalool*; terpineol acetate), <strong>Potassium Hydroxide<\/strong>(Potassium hydroxide \u00e9 um construtor que tamb\u00e9m pode ser encontrado em produtos de banho, limpeza, maquilhagem e champ\u00f4s. Utilizamos o mesmo para fazer com que a f\u00f3rmula de um produto limpe mais afetando as mol\u00e9culas na f\u00f3rmula para que funcionem melhor. Potassium hydroxide tamb\u00e9m pode ser utilizado como um ajustador de pH nos nossos produtos. Como um ajustador de pH, ajuda a alterar o pH de um produto para melhorar a estabilidade da f\u00f3rmula ao longo do tempo), <strong>Kathon<sup>\u2122<\/sup> (Methylchloroisothiazolinone &amp; Methylisothiazolinone)<\/strong>(Kathon (methylchloroisothiazolinone &amp; methylisothiazolinone) \u00e9 um conservante. Ajuda a manter a qualidade e desempenho do produto ao longo do tempo. Algumas pessoas manifestam preocupa\u00e7\u00f5es relativamente aos conservantes, porque alguns indiv\u00edduos t\u00eam alergias aos mesmos, assim como algumas pessoas t\u00eam alergia \u00e0s nozes ou \u00e0s abelhas. Mas os conservantes desempenham um papel muito importante nos alimentos, cosm\u00e9tica e produtos dom\u00e9sticos. Sem os conservantes, muitos produtos n\u00e3o durariam mais de uma semana ou duas antes de serem contaminados por bact\u00e9rias, mofo e leveduras. Deste modo, achamos que a melhor op\u00e7\u00e3o \u00e9 adicionar conservantes na menor quantidade eficaz para proteger os nossos produtos, mas listar estes conservantes nas nossas f\u00f3rmulas de forma a que as pessoas na fam\u00edlia que tiverem alergias possam fazer escolhas informadas),<strong> Optilan Golden Yellow MF-RL p<\/strong>(Optilan Golden Yellow MF-RL p \u00e9 um corante ou tinta. Adicionamos corantes aos produtos por v\u00e1rias raz\u00f5es incluindo ajud\u00e1-lo a ver onde aplicou o produto, quando um produto foi consumido, ou por motivos est\u00e9ticos).<\/h6>\n<p>Veja mais em <a href=\"https:\/\/www.ateti.pt\/loja\/categoria\/higiene-e-limpeza\/limpeza\/lava-tudo\/\">Lava Tudo<\/a><\/p>\n","protected":false},"excerpt":{"rendered":"<p>3.99\u20ac\/LT<\/p>\n<p>O Lava Ch\u00e3o Madeira Pronto nutre e protege a madeira, garantindo m\u00e1xima limpeza dos seus m\u00f3veis.<\/p>\n","protected":false},"featured_media":31871,"comment_status":"closed","ping_status":"closed","template":"","meta":{"_themeisle_gutenberg_block_has_review":false},"product_brand":[],"product_cat":[190,232,204],"product_tag":[],"woo-feed-brand":[],"class_list":{"0":"post-15575","1":"product","2":"type-product","3":"status-publish","4":"has-post-thumbnail","6":"product_cat-desinfetantes-e-limpeza","7":"product_cat-lava-tudo","8":"product_cat-limpeza","9":"ts_product_brand-pronto","11":"first","12":"instock","13":"taxable","14":"shipping-taxable","15":"purchasable","16":"product-type-simple"},"_links":{"self":[{"href":"https:\/\/www.ateti.pt\/loja\/wp-json\/wp\/v2\/product\/15575","targetHints":{"allow":["GET"]}}],"collection":[{"href":"https:\/\/www.ateti.pt\/loja\/wp-json\/wp\/v2\/product"}],"about":[{"href":"https:\/\/www.ateti.pt\/loja\/wp-json\/wp\/v2\/types\/product"}],"replies":[{"embeddable":true,"href":"https:\/\/www.ateti.pt\/loja\/wp-json\/wp\/v2\/comments?post=15575"}],"wp:featuredmedia":[{"embeddable":true,"href":"https:\/\/www.ateti.pt\/loja\/wp-json\/wp\/v2\/media\/31871"}],"wp:attachment":[{"href":"https:\/\/www.ateti.pt\/loja\/wp-json\/wp\/v2\/media?parent=15575"}],"wp:term":[{"taxonomy":"product_brand","embeddable":true,"href":"https:\/\/www.ateti.pt\/loja\/wp-json\/wp\/v2\/product_brand?post=15575"},{"taxonomy":"product_cat","embeddable":true,"href":"https:\/\/www.ateti.pt\/loja\/wp-json\/wp\/v2\/product_cat?post=15575"},{"taxonomy":"product_tag","embeddable":true,"href":"https:\/\/www.ateti.pt\/loja\/wp-json\/wp\/v2\/product_tag?post=15575"},{"taxonomy":"woo-feed-brand","embeddable":true,"href":"https:\/\/www.ateti.pt\/loja\/wp-json\/wp\/v2\/woo-feed-brand?post=15575"}],"curies":[{"name":"wp","href":"https:\/\/api.w.org\/{rel}","templated":true}]}}