{"id":15561,"date":"2021-12-13T10:03:57","date_gmt":"2021-12-13T09:03:57","guid":{"rendered":"https:\/\/www.ateti.pt\/loja\/?post_type=product&#038;p=15561"},"modified":"2023-11-30T13:54:16","modified_gmt":"2023-11-30T12:54:16","slug":"folhas-de-gelatina-jerominos","status":"publish","type":"product","link":"https:\/\/www.ateti.pt\/loja\/produto\/folhas-de-gelatina-jerominos\/","title":{"rendered":"Folhas de Gelatina 5un Jer\u00f3nimos"},"content":{"rendered":"<p><strong>Folhas de Gelatina Jer\u00f3nimos<\/strong><\/p>\n<p><strong>Quantidade:<\/strong> 5un<\/p>\n<p>Sugest\u00e3o de receita<\/p>\n<p>Pudim de caf\u00e9<\/p>\n<p><strong>Ingredientes:<\/strong><\/p>\n<ul class=\"wprm-recipe-ingredients\">\n<li class=\"wprm-recipe-ingredient\"><span class=\"wprm-recipe-ingredient-amount\">6<\/span>\u00a0<span class=\"wprm-recipe-ingredient-name\">folhas de Folhas de Gelatina Jer\u00f3nimos<\/span><\/li>\n<li class=\"wprm-recipe-ingredient\"><span class=\"wprm-recipe-ingredient-amount\">6<\/span>\u00a0<span class=\"wprm-recipe-ingredient-name\">ovos<\/span><\/li>\n<li class=\"wprm-recipe-ingredient\"><span class=\"wprm-recipe-ingredient-amount\">220<\/span>\u00a0<span class=\"wprm-recipe-ingredient-unit\">g<\/span>\u00a0<span class=\"wprm-recipe-ingredient-name\">de a\u00e7\u00facar<\/span><\/li>\n<li class=\"wprm-recipe-ingredient\"><span class=\"wprm-recipe-ingredient-amount\">2,5<\/span>\u00a0<span class=\"wprm-recipe-ingredient-unit\">dl<\/span>\u00a0<span class=\"wprm-recipe-ingredient-name\">de leite<\/span><\/li>\n<li class=\"wprm-recipe-ingredient\"><span class=\"wprm-recipe-ingredient-amount\">60<\/span>\u00a0<span class=\"wprm-recipe-ingredient-unit\">g<\/span>\u00a0<span class=\"wprm-recipe-ingredient-name\">de caf\u00e9 sol\u00favel<\/span><\/li>\n<li class=\"wprm-recipe-ingredient\"><span class=\"wprm-recipe-ingredient-amount\">qb<\/span>\u00a0<span class=\"wprm-recipe-ingredient-name\">caramelo<\/span><\/li>\n<\/ul>\n<p><strong>Prepara\u00e7\u00e3o:<\/strong><\/p>\n<ul class=\"wprm-recipe-instructions\">\n<li id=\"wprm-recipe-57056-step-0-0\" class=\"wprm-recipe-instruction\">\n<div class=\"wprm-recipe-instruction-text\">Hidrate as folhas de gelatina num pouco de \u00e1gua fria. Unte uma forma com caramelo e reserve.<\/div>\n<\/li>\n<li id=\"wprm-recipe-57056-step-0-1\" class=\"wprm-recipe-instruction\">\n<div class=\"wprm-recipe-instruction-text\">Separe as gemas das claras. Numa panela, misture as gemas, o leite e o a\u00e7\u00facar e leve a lume brando at\u00e9 engrossar.<\/div>\n<\/li>\n<li id=\"wprm-recipe-57056-step-0-2\" class=\"wprm-recipe-instruction\">\n<div class=\"wprm-recipe-instruction-text\">Retire do lume, verta numa tigela e junte o caf\u00e9 sol\u00favel. Mexa bem. Escorra as folhas de gelatina e junte-as \u00e0 tigela, mexendo at\u00e9 a gelatina ter dissolvido.<\/div>\n<\/li>\n<li id=\"wprm-recipe-57056-step-0-3\" class=\"wprm-recipe-instruction\">\n<div class=\"wprm-recipe-instruction-text\">Bata as claras em castelo e incorpore-as na mistura de pudim com a ajuda de uma colher de pau.<\/div>\n<\/li>\n<li id=\"wprm-recipe-57056-step-0-4\" class=\"wprm-recipe-instruction\">\n<div class=\"wprm-recipe-instruction-text\">Verta o pudim na forma e leve ao frigor\u00edfico durante umas horas, ou de um dia para o outro, antes de desenformar.<\/div>\n<\/li>\n<\/ul>\n<p>Bom apetite!<\/p>\n<p>Veja mais em <a href=\"https:\/\/www.ateti.pt\/loja\/categoria\/mercearia\/chocolates-biscoitos-e-cereais\/chocolates\/\">Chocolates e Doces<\/a><\/p>\n","protected":false},"excerpt":{"rendered":"<p>0.14\u20ac\/unidade<\/p>\n","protected":false},"featured_media":58218,"comment_status":"closed","ping_status":"closed","template":"","meta":{"_themeisle_gutenberg_block_has_review":false},"product_brand":[],"product_cat":[25,144,132,175],"product_tag":[],"woo-feed-brand":[],"class_list":{"0":"post-15561","1":"product","2":"type-product","3":"status-publish","4":"has-post-thumbnail","6":"product_cat-chocolates","7":"product_cat-chocolates-biscoitos-e-cereais","8":"product_cat-mercearia","9":"product_cat-sobremesas-mercearia","10":"ts_product_brand-jeronimos","12":"first","13":"instock","14":"taxable","15":"shipping-taxable","16":"purchasable","17":"product-type-simple"},"_links":{"self":[{"href":"https:\/\/www.ateti.pt\/loja\/wp-json\/wp\/v2\/product\/15561","targetHints":{"allow":["GET"]}}],"collection":[{"href":"https:\/\/www.ateti.pt\/loja\/wp-json\/wp\/v2\/product"}],"about":[{"href":"https:\/\/www.ateti.pt\/loja\/wp-json\/wp\/v2\/types\/product"}],"replies":[{"embeddable":true,"href":"https:\/\/www.ateti.pt\/loja\/wp-json\/wp\/v2\/comments?post=15561"}],"wp:featuredmedia":[{"embeddable":true,"href":"https:\/\/www.ateti.pt\/loja\/wp-json\/wp\/v2\/media\/58218"}],"wp:attachment":[{"href":"https:\/\/www.ateti.pt\/loja\/wp-json\/wp\/v2\/media?parent=15561"}],"wp:term":[{"taxonomy":"product_brand","embeddable":true,"href":"https:\/\/www.ateti.pt\/loja\/wp-json\/wp\/v2\/product_brand?post=15561"},{"taxonomy":"product_cat","embeddable":true,"href":"https:\/\/www.ateti.pt\/loja\/wp-json\/wp\/v2\/product_cat?post=15561"},{"taxonomy":"product_tag","embeddable":true,"href":"https:\/\/www.ateti.pt\/loja\/wp-json\/wp\/v2\/product_tag?post=15561"},{"taxonomy":"woo-feed-brand","embeddable":true,"href":"https:\/\/www.ateti.pt\/loja\/wp-json\/wp\/v2\/woo-feed-brand?post=15561"}],"curies":[{"name":"wp","href":"https:\/\/api.w.org\/{rel}","templated":true}]}}