{"id":15525,"date":"2020-04-29T16:51:55","date_gmt":"2020-04-29T15:51:55","guid":{"rendered":"https:\/\/www.ateti.pt\/loja\/?post_type=product&#038;p=15525"},"modified":"2026-03-26T16:32:40","modified_gmt":"2026-03-26T16:32:40","slug":"coco-ralado-200gr-ferbar","status":"publish","type":"product","link":"https:\/\/www.ateti.pt\/loja\/produto\/coco-ralado-200gr-ferbar\/","title":{"rendered":"C\u00f4co Ralado Ferbar 200g"},"content":{"rendered":"<p><strong>C\u00f4co Ralado Ferbar<\/strong><\/p>\n<p>Quantidade: 200g<\/p>\n<p>O C\u00f4co Ralado Ferbar \u00e9 um produto de caracter\u00edsticas \u00edmpares, com uma textura, sabor e aroma incompar\u00e1veis. A embalagem deste produto foi especialmente estudada, e concebida, de forma a garantir a completa preserva\u00e7\u00e3o destas caracter\u00edsticas, indispens\u00e1veis para a obten\u00e7\u00e3o das melhores receitas culin\u00e1rias.<\/p>\n<p><strong>Declara\u00e7\u00e3o nutricional por 100g: <\/strong>Energia: 2812kj\/683kcal; L\u00edpidos:66g, dos quais saturados: 58g; Hidratos de carbono: 8,6g, dos quais a\u00e7\u00facares: 6,6g; Fibra: 14g; Prote\u00ednas: 6,6g; Sal: 0,07g; F\u00f3sforo: 197mg(28% VRN); Magn\u00e9sio: 90mg(24%VRN).<\/p>\n<p><strong>Conserva\u00e7\u00e3o: <\/strong>Conservar em local fresco, seco e isento de odores. Proteger da luz solar.<\/p>\n<p>Sugest\u00e3o de receita<\/p>\n<p>Bolinhos de Coco<\/p>\n<p><strong>Ingredientes:<\/strong><\/p>\n<ul>\n<li class=\"ingredient-wrapper\"><span class=\"ingredient-quantity\">3<\/span>\u00a0<span class=\"ingredient-product\">ovos M<\/span><\/li>\n<li class=\"ingredient-wrapper\"><span class=\"ingredient-quantity\">150<\/span>\u00a0<span class=\"ingredient-unit\">g<\/span>\u00a0<span class=\"ingredient-product\">a\u00e7\u00facar<\/span><\/li>\n<li class=\"ingredient-wrapper\"><span class=\"ingredient-quantity\">50<\/span>\u00a0<span class=\"ingredient-unit\">g<\/span>\u00a0<span class=\"ingredient-product\">manteiga derretida<\/span><\/li>\n<li class=\"ingredient-wrapper\"><span class=\"ingredient-quantity\">1<\/span>\u00a0<span class=\"ingredient-unit\">c. de sopa\u00a0<\/span><span class=\"ingredient-product\">raspa de lim\u00e3o<\/span><\/li>\n<li class=\"ingredient-wrapper\"><span class=\"ingredient-quantity\">250<\/span>\u00a0<span class=\"ingredient-unit\">g<\/span>\u00a0<span class=\"ingredient-product\">coco ralado<\/span><\/li>\n<\/ul>\n<p><strong>Prepara\u00e7\u00e3o:<\/strong><\/p>\n<div class=\"instruction\"><span class=\"instruction-index\">1.\u00a0<\/span><span class=\"instruction-body\">Pr\u00e9-aque\u00e7a o forno a 180\u00ba C<\/span><\/div>\n<div class=\"instruction\"><span class=\"instruction-index\">2.\u00a0<\/span><span class=\"instruction-body\">Numa tigela, misture os ovos com o a\u00e7\u00facar.<\/span><\/div>\n<div class=\"instruction\"><span class=\"instruction-index\">3.\u00a0<\/span><span class=\"instruction-body\">Junte a manteiga, a raspa de lim\u00e3o e o coco.<\/span><\/div>\n<div class=\"instruction\"><span class=\"instruction-index\">4.\u00a0<\/span><span class=\"instruction-body\">Misture tudo muito bem.<\/span><\/div>\n<div class=\"instruction\"><span class=\"instruction-index\">5.\u00a0<\/span><span class=\"instruction-body\">Molde os 20 bolinhos com as massa e coloque-os forminhas de papel.<\/span><\/div>\n<div class=\"instruction\"><span class=\"instruction-index\">6.\u00a0<\/span><span class=\"instruction-body\">Leve ao forno durante 30 minutos.<\/span><\/div>\n<div class=\"instruction\"><span class=\"instruction-index\">7.\u00a0<\/span><span class=\"instruction-body\">Retire, deixe arrefecer e sirva.<\/span><\/div>\n<div><\/div>\n<div>Bom apetite!<\/div>\n<div><\/div>\n<div>Veja mais em <a href=\"https:\/\/www.ateti.pt\/loja\/categoria\/mercearia\/chocolates-biscoitos-e-cereais\/bolachas-biscoitos\/\">Chocolates e Doces<\/a><\/div>\n<p>&nbsp;<\/p>\n","protected":false},"excerpt":{"rendered":"<p>16.45\u20ac\/kg<\/p>\n","protected":false},"featured_media":57202,"comment_status":"closed","ping_status":"closed","template":"","meta":{"_themeisle_gutenberg_block_has_review":false},"product_brand":[],"product_cat":[25,144,132],"product_tag":[],"woo-feed-brand":[],"class_list":{"0":"post-15525","1":"product","2":"type-product","3":"status-publish","4":"has-post-thumbnail","6":"product_cat-chocolates","7":"product_cat-chocolates-biscoitos-e-cereais","8":"product_cat-mercearia","9":"ts_product_brand-ferbar","11":"first","12":"instock","13":"taxable","14":"shipping-taxable","15":"purchasable","16":"product-type-simple"},"_links":{"self":[{"href":"https:\/\/www.ateti.pt\/loja\/wp-json\/wp\/v2\/product\/15525","targetHints":{"allow":["GET"]}}],"collection":[{"href":"https:\/\/www.ateti.pt\/loja\/wp-json\/wp\/v2\/product"}],"about":[{"href":"https:\/\/www.ateti.pt\/loja\/wp-json\/wp\/v2\/types\/product"}],"replies":[{"embeddable":true,"href":"https:\/\/www.ateti.pt\/loja\/wp-json\/wp\/v2\/comments?post=15525"}],"wp:featuredmedia":[{"embeddable":true,"href":"https:\/\/www.ateti.pt\/loja\/wp-json\/wp\/v2\/media\/57202"}],"wp:attachment":[{"href":"https:\/\/www.ateti.pt\/loja\/wp-json\/wp\/v2\/media?parent=15525"}],"wp:term":[{"taxonomy":"product_brand","embeddable":true,"href":"https:\/\/www.ateti.pt\/loja\/wp-json\/wp\/v2\/product_brand?post=15525"},{"taxonomy":"product_cat","embeddable":true,"href":"https:\/\/www.ateti.pt\/loja\/wp-json\/wp\/v2\/product_cat?post=15525"},{"taxonomy":"product_tag","embeddable":true,"href":"https:\/\/www.ateti.pt\/loja\/wp-json\/wp\/v2\/product_tag?post=15525"},{"taxonomy":"woo-feed-brand","embeddable":true,"href":"https:\/\/www.ateti.pt\/loja\/wp-json\/wp\/v2\/woo-feed-brand?post=15525"}],"curies":[{"name":"wp","href":"https:\/\/api.w.org\/{rel}","templated":true}]}}