{"id":15519,"date":"2025-12-30T16:40:18","date_gmt":"2025-12-30T16:40:18","guid":{"rendered":"https:\/\/www.ateti.pt\/loja\/?post_type=product&#038;p=15519"},"modified":"2026-01-09T15:30:37","modified_gmt":"2026-01-09T15:30:37","slug":"milho-frito-com-sal-1kg-masterchef","status":"publish","type":"product","link":"https:\/\/www.ateti.pt\/loja\/produto\/milho-frito-com-sal-1kg-masterchef\/","title":{"rendered":"Milho Frito com Sal 1kg Masterchef"},"content":{"rendered":"<p><strong>Milho Frito com Sal<\/strong><\/p>\n<p>Milho Frito c\/Sal um aperitivo perfeito para uma tarde com amigos!<\/p>\n<p>O milho \u00e9 um tipo de cereal muito vers\u00e1til e que possui diversos benef\u00edcios para a sa\u00fade como proteger a vis\u00e3o, por ser rico nos antioxidantes lute\u00edna e zeaxantina, e melhorar a sa\u00fade intestinal, devido ao seu alto teor de fibras, principalmente insol\u00faveis.<\/p>\n<p>Este cereal pode ser consumido de diversas formas, podendo ser acrescentado em saladas e sopas, al\u00e9m de tamb\u00e9m poder ser utilizado para fazer bolos, tortas, canjica ou pamonha, por exemplo.<\/p>\n<p><strong>Benef\u00edcios:<\/strong><\/p>\n<ol>\n<li><strong>Prevenir doen\u00e7as nos olhos<\/strong>, pois protege a m\u00e1cula ocular devido \u00e0 presen\u00e7a dos antioxidantes lute\u00edna, zeaxantina e betacarotenos;<\/li>\n<li><strong>Fortalecer o sistema imunol\u00f3gico<\/strong>, por ser rico em carotenoides e vitaminas, o que ajuda a aumentar as defesas do organismo, evitando, assim, doen\u00e7as como a gripe e o resfriado, por exemplo;<\/li>\n<li><strong>Ajudar a emagrecer<\/strong>, j\u00e1 que possui fibras que ajudam a aumentar a sensa\u00e7\u00e3o de saciedade. No entanto, por ser rico em carboidratos, o consumo do milho deve fazer parte de uma alimenta\u00e7\u00e3o saud\u00e1vel e equilibrada;<\/li>\n<li><strong>Reduzir os n\u00edveis de colesterol<\/strong>, pois possui fibras insol\u00faveis que ajudam a diminuir a absor\u00e7\u00e3o da gordura presente nos alimentos e aumenta a excre\u00e7\u00e3o de \u00e1cidos biliares. Al\u00e9m disso, ao ser fermentado pelas bact\u00e9rias do intestino s\u00e3o produzidos \u00e1cidos graxos de cadeia curta, inibindo a s\u00edntese de colesterol no f\u00edgado, o que permite diminuir o risco de doen\u00e7as cardiovasculares;<\/li>\n<li><strong>Ajudar a controlar o a\u00e7\u00facar no sangue<\/strong>, pois cont\u00e9m fibras e vitaminas do complexo B, al\u00e9m de magn\u00e9sio;<\/li>\n<li><strong>Dar energia<\/strong>, por ser rico em carboidrato;<\/li>\n<li><strong>Melhorar o tr\u00e2nsito intestinal<\/strong>, pois suas fibras favorecem a forma\u00e7\u00e3o das fezes e servem de alimento para a flora intestinal. Al\u00e9m disso, n\u00e3o cont\u00e9m gl\u00faten e, por isso, pode ser consumido no caso de doen\u00e7a cel\u00edaca ou intoler\u00e2ncia ao gl\u00faten.<\/li>\n<\/ol>\n<p>Veja mais em <a href=\"https:\/\/www.ateti.pt\/loja\/categoria\/frutas-e-legumes\/frutossecos\/\">Frutos Secos<\/a><\/p>\n<p>&nbsp;<\/p>\n<p>&nbsp;<\/p>\n","protected":false},"excerpt":{"rendered":"<p>6.99\u20ac\/kg<\/p>\n","protected":false},"featured_media":77916,"comment_status":"closed","ping_status":"closed","template":"","meta":{"_themeisle_gutenberg_block_has_review":false},"product_brand":[],"product_cat":[206,197,198],"product_tag":[],"woo-feed-brand":[],"class_list":{"0":"post-15519","1":"product","2":"type-product","3":"status-publish","4":"has-post-thumbnail","6":"product_cat-aperitivos","7":"product_cat-frutossecos","8":"product_cat-granel","9":"ts_product_brand-masterchef","11":"first","12":"instock","13":"taxable","14":"shipping-taxable","15":"purchasable","16":"product-type-simple"},"_links":{"self":[{"href":"https:\/\/www.ateti.pt\/loja\/wp-json\/wp\/v2\/product\/15519","targetHints":{"allow":["GET"]}}],"collection":[{"href":"https:\/\/www.ateti.pt\/loja\/wp-json\/wp\/v2\/product"}],"about":[{"href":"https:\/\/www.ateti.pt\/loja\/wp-json\/wp\/v2\/types\/product"}],"replies":[{"embeddable":true,"href":"https:\/\/www.ateti.pt\/loja\/wp-json\/wp\/v2\/comments?post=15519"}],"wp:featuredmedia":[{"embeddable":true,"href":"https:\/\/www.ateti.pt\/loja\/wp-json\/wp\/v2\/media\/77916"}],"wp:attachment":[{"href":"https:\/\/www.ateti.pt\/loja\/wp-json\/wp\/v2\/media?parent=15519"}],"wp:term":[{"taxonomy":"product_brand","embeddable":true,"href":"https:\/\/www.ateti.pt\/loja\/wp-json\/wp\/v2\/product_brand?post=15519"},{"taxonomy":"product_cat","embeddable":true,"href":"https:\/\/www.ateti.pt\/loja\/wp-json\/wp\/v2\/product_cat?post=15519"},{"taxonomy":"product_tag","embeddable":true,"href":"https:\/\/www.ateti.pt\/loja\/wp-json\/wp\/v2\/product_tag?post=15519"},{"taxonomy":"woo-feed-brand","embeddable":true,"href":"https:\/\/www.ateti.pt\/loja\/wp-json\/wp\/v2\/woo-feed-brand?post=15519"}],"curies":[{"name":"wp","href":"https:\/\/api.w.org\/{rel}","templated":true}]}}