{"id":15502,"date":"2024-10-30T16:25:51","date_gmt":"2024-10-30T16:25:51","guid":{"rendered":"https:\/\/www.ateti.pt\/loja\/?post_type=product&#038;p=15502"},"modified":"2026-05-12T17:34:54","modified_gmt":"2026-05-12T16:34:54","slug":"amendoim-frito-com-mel-sal-1kg-masterchef","status":"publish","type":"product","link":"https:\/\/www.ateti.pt\/loja\/produto\/amendoim-frito-com-mel-sal-1kg-masterchef\/","title":{"rendered":"Amendoim Frito com Mel e Sal 1kg Masterchef (30-06-2026)"},"content":{"rendered":"<p><strong>Amendoim Frito com Mel e Sal\u00a0<\/strong><\/p>\n<p>Quantidade: 1kg<\/p>\n<p>Sabia que\u2026<\/p>\n<p>O amendoim \u00e9 uma leguminosa rica em gorduras boas, como o \u00f4mega-3, que ajudam a diminuir a inflama\u00e7\u00e3o no corpo e proteger o cora\u00e7\u00e3o, trazendo v\u00e1rios benef\u00edcios como prevenir o aparecimento de doen\u00e7as cardiovasculares, de aterosclerose e at\u00e9 de anemia.<\/p>\n<p>Apesar de ser rico em gorduras e por isso possuir muitas calorias, o amendoim tamb\u00e9m possui um elevado teor de prote\u00ednas, o que faz com que seja uma fonte saud\u00e1vel de energia. O amendoim tamb\u00e9m \u00e9 rico em vitamina do complexo B e E, e \u00e9 um antioxidante natural que ajuda, por exemplo, na preven\u00e7\u00e3o do envelhecimento precoce.<\/p>\n<p>Esta leguminosa \u00e9 bastante vers\u00e1til, podendo ser utilizada em diversas prepara\u00e7\u00f5es culin\u00e1rias, como saladas, sobremesas, lanches, barras de cereais, bolos e chocolates, sendo f\u00e1cil de ser encontrada em supermercados, pequenas mercearias e lojas de produtos alimentares.<\/p>\n<p><strong>Benef\u00edcios do amendoim:<\/strong><\/p>\n<p>-Protege contra doen\u00e7as card\u00edacas<\/p>\n<p>-Ajuda na preven\u00e7\u00e3o da aterosclerose<\/p>\n<p>-Combate a anemia<\/p>\n<p>-Previne o aparecimento da diabetes do tipo 2<\/p>\n<p>-Ajuda na perda de peso<\/p>\n<p>-Evita o envelhecimento precoce<\/p>\n<p>-Garante a sa\u00fade dos m\u00fasculos<\/p>\n<p>-Diminui o risco de malforma\u00e7\u00f5es no beb\u00ea<\/p>\n<p>-Melhora o humor<\/p>\n<p>Veja mais em\u00a0 <a href=\"https:\/\/www.ateti.pt\/loja\/categoria\/frutas-e-legumes\/frutossecos\/\">Frutos Secos<\/a><\/p>\n","protected":false},"excerpt":{"rendered":"<p>10.19\u20ac\/kg<\/p>\n","protected":false},"featured_media":77921,"comment_status":"closed","ping_status":"closed","template":"","meta":{"_themeisle_gutenberg_block_has_review":false},"product_brand":[],"product_cat":[206,197,198,265],"product_tag":[],"woo-feed-brand":[],"class_list":{"0":"post-15502","1":"product","2":"type-product","3":"status-publish","4":"has-post-thumbnail","6":"product_cat-aperitivos","7":"product_cat-frutossecos","8":"product_cat-granel","9":"product_cat-promocoes-outlet-ate-50-desconto-supermercado-online-ate-ti","10":"ts_product_brand-masterchef","12":"first","13":"instock","14":"sale","15":"taxable","16":"shipping-taxable","17":"purchasable","18":"product-type-simple"},"_links":{"self":[{"href":"https:\/\/www.ateti.pt\/loja\/wp-json\/wp\/v2\/product\/15502","targetHints":{"allow":["GET"]}}],"collection":[{"href":"https:\/\/www.ateti.pt\/loja\/wp-json\/wp\/v2\/product"}],"about":[{"href":"https:\/\/www.ateti.pt\/loja\/wp-json\/wp\/v2\/types\/product"}],"replies":[{"embeddable":true,"href":"https:\/\/www.ateti.pt\/loja\/wp-json\/wp\/v2\/comments?post=15502"}],"wp:featuredmedia":[{"embeddable":true,"href":"https:\/\/www.ateti.pt\/loja\/wp-json\/wp\/v2\/media\/77921"}],"wp:attachment":[{"href":"https:\/\/www.ateti.pt\/loja\/wp-json\/wp\/v2\/media?parent=15502"}],"wp:term":[{"taxonomy":"product_brand","embeddable":true,"href":"https:\/\/www.ateti.pt\/loja\/wp-json\/wp\/v2\/product_brand?post=15502"},{"taxonomy":"product_cat","embeddable":true,"href":"https:\/\/www.ateti.pt\/loja\/wp-json\/wp\/v2\/product_cat?post=15502"},{"taxonomy":"product_tag","embeddable":true,"href":"https:\/\/www.ateti.pt\/loja\/wp-json\/wp\/v2\/product_tag?post=15502"},{"taxonomy":"woo-feed-brand","embeddable":true,"href":"https:\/\/www.ateti.pt\/loja\/wp-json\/wp\/v2\/woo-feed-brand?post=15502"}],"curies":[{"name":"wp","href":"https:\/\/api.w.org\/{rel}","templated":true}]}}