{"id":15488,"date":"2022-05-20T07:20:56","date_gmt":"2022-05-20T06:20:56","guid":{"rendered":"https:\/\/www.ateti.pt\/loja\/?post_type=product&#038;p=15488"},"modified":"2025-11-20T13:05:01","modified_gmt":"2025-11-20T13:05:01","slug":"desinfetante-desengordurante-cozinha-mistolin-545ml","status":"publish","type":"product","link":"https:\/\/www.ateti.pt\/loja\/produto\/desinfetante-desengordurante-cozinha-mistolin-545ml\/","title":{"rendered":"Spray Desinfetante\/Desengordurante Cozinha 545ml Mistolin"},"content":{"rendered":"<p><strong>Desinfetante\/Desengordurante Cozinha Mistolin<\/strong><\/p>\n<p><strong>Quantidade:<\/strong> 545mL<\/p>\n<p><b>Descri\u00e7\u00e3o:<\/b><\/p>\n<p>Desinfetante\/Desengordurante Cozinha Mistolin \u00e9 uma marca portuguesa, pensada para simplificar e ajudar nas tarefas dif\u00edceis de limpeza da casa. A sua f\u00f3rmula \u00e9 \u00fanica e imbat\u00edvel na limpeza de gorduras e sujidades mais dif\u00edceis. Indicado para a limpeza de todo o tipo de pe\u00e7as e superf\u00edcies gordurosas, manchas dif\u00edceis, sujidades incrustadas e carbonizadas. Desinfetante\/Desengordurante Cozinha Mistolin desinfeta e remove 99,9% das bacte\u0301rias, vi\u0301rus e fungos, incluindo salmonelas, deixando um agrada\u0301vel perfume fresco.<\/p>\n<p><b>Benef\u00edcios:<\/b><\/p>\n<p>\u2022 Desengordurante de alto rendimento e efic\u00e1cia;<\/p>\n<p>\u2022 Implaca\u0301vel contra a gordura;<\/p>\n<p>\u2022 Perfume fresco;<\/p>\n<p>\u2022 Elimina 99,9% das bacte\u0301rias.<\/p>\n<p><b>Modo de utiliza\u00e7\u00e3o:<\/b><\/p>\n<p>Especialmente eficaz na limpeza de bicos de g\u00e1s, grelhas, azulejos, exaustores, panelas, frigideiras, fog\u00f5es, fornos, bancadas, grades, entre outros. Real\u00e7a o brilho do a\u00e7o inoxid\u00e1vel. Para a limpeza de utens\u00edlios dom\u00e9sticos, pulverizar as superf\u00edcies a limpar com o Desinfetante\/Desengordurante Cozinha Mistolin, deixar actuar durante 2-3 minutos, enxaguando de seguida.<\/p>\n<p><b>Precau\u00e7\u00f5es:<\/b><\/p>\n<p>Nas superfi\u0301cies sensi\u0301veis teste primeiro o produto numa a\u0301rea mais reservada. Consulte sempre as indicac\u0327o\u0303es de seguranc\u0327a no contra-ro\u0301tulo.<\/p>\n<p>Veja mais em <a href=\"https:\/\/www.ateti.pt\/loja\/categoria\/higiene-e-limpeza\/limpeza\/\">Limpeza<\/a><\/p>\n","protected":false},"excerpt":{"rendered":"<p>6.77\u20ac\/l<\/p>\n","protected":false},"featured_media":56751,"comment_status":"closed","ping_status":"closed","template":"","meta":{"_themeisle_gutenberg_block_has_review":false},"product_brand":[],"product_cat":[210,209,224,190,204],"product_tag":[],"woo-feed-brand":[],"class_list":{"0":"post-15488","1":"product","2":"type-product","3":"status-publish","4":"has-post-thumbnail","6":"product_cat-casa-de-banho","7":"product_cat-cozinha","8":"product_cat-desinfetantes","9":"product_cat-desinfetantes-e-limpeza","10":"product_cat-limpeza","11":"ts_product_brand-mistolin","13":"first","14":"instock","15":"taxable","16":"shipping-taxable","17":"purchasable","18":"product-type-simple"},"_links":{"self":[{"href":"https:\/\/www.ateti.pt\/loja\/wp-json\/wp\/v2\/product\/15488","targetHints":{"allow":["GET"]}}],"collection":[{"href":"https:\/\/www.ateti.pt\/loja\/wp-json\/wp\/v2\/product"}],"about":[{"href":"https:\/\/www.ateti.pt\/loja\/wp-json\/wp\/v2\/types\/product"}],"replies":[{"embeddable":true,"href":"https:\/\/www.ateti.pt\/loja\/wp-json\/wp\/v2\/comments?post=15488"}],"wp:featuredmedia":[{"embeddable":true,"href":"https:\/\/www.ateti.pt\/loja\/wp-json\/wp\/v2\/media\/56751"}],"wp:attachment":[{"href":"https:\/\/www.ateti.pt\/loja\/wp-json\/wp\/v2\/media?parent=15488"}],"wp:term":[{"taxonomy":"product_brand","embeddable":true,"href":"https:\/\/www.ateti.pt\/loja\/wp-json\/wp\/v2\/product_brand?post=15488"},{"taxonomy":"product_cat","embeddable":true,"href":"https:\/\/www.ateti.pt\/loja\/wp-json\/wp\/v2\/product_cat?post=15488"},{"taxonomy":"product_tag","embeddable":true,"href":"https:\/\/www.ateti.pt\/loja\/wp-json\/wp\/v2\/product_tag?post=15488"},{"taxonomy":"woo-feed-brand","embeddable":true,"href":"https:\/\/www.ateti.pt\/loja\/wp-json\/wp\/v2\/woo-feed-brand?post=15488"}],"curies":[{"name":"wp","href":"https:\/\/api.w.org\/{rel}","templated":true}]}}