{"id":15485,"date":"2020-04-29T16:10:37","date_gmt":"2020-04-29T15:10:37","guid":{"rendered":"https:\/\/www.ateti.pt\/loja\/?post_type=product&#038;p=15485"},"modified":"2025-03-27T17:40:46","modified_gmt":"2025-03-27T17:40:46","slug":"chocolate-culinario-200gr-pantagruel","status":"publish","type":"product","link":"https:\/\/www.ateti.pt\/loja\/produto\/chocolate-culinario-200gr-pantagruel\/","title":{"rendered":"Chocolate Culin\u00e1rio Pantagruel 200g"},"content":{"rendered":"<p><strong>Chocolate Culin\u00e1rio Pantagruel<\/strong><\/p>\n<p><strong>Quantidade:<\/strong> 200g<\/p>\n<div id=\"ingredientStatement\"><span id=\"ingredientStatement\"><strong>Ingredientes:<\/strong> A\u00e7\u00facar, pasta de cacau, manteiga de cacau, soro de LEITE em p\u00f3, emulsionante (lecitina de SOJA) e aroma. Cacau: 43% m\u00ednimo. Pode conter vest\u00edgios de AMENDOIM, FRUTOS DE CASCA RIJA E CEREAIS QUE CONT\u00caM GL\u00daTEN.<\/span><\/div>\n<div><\/div>\n<div class=\"allergenStatement\"><strong><span class=\"label\">Alerg\u00e9nios: <\/span><\/strong><span id=\"allergenStatement\">Cont\u00e9m Leite, Soja. Pode conter vest\u00edgios de Amendoins, Frutos de casca rija, Cereais que cont\u00eam gl\u00faten.<\/span><\/div>\n<div><\/div>\n<div><strong><strong>Valores nutricionais: <\/strong><\/strong>Energia: 2124kj\/508kcal; L\u00edpidos: 27g, dos quais \u00e1cidos gordos saturados:16g; Hidratos de carbono: 57g, dos quais a\u00e7\u00facares 51g; Fibras: 6g; Prote\u00ednas: 6g; Sal: 0,1g.<\/div>\n<div><\/div>\n<div><strong>Sugest\u00e3o de Receita<\/strong>\u00a0<strong>Mousse de chocolate<\/strong><\/div>\n<p><strong>Ingredientes:<\/strong><\/p>\n<p>200g chocolate de culin\u00e1ria<\/p>\n<p>6 ovos<\/p>\n<p>8 colheres de sopa de a\u00e7\u00facar<\/p>\n<p>1 colher de sobremesa de manteiga<\/p>\n<p><strong>Prepara\u00e7\u00e3o:<\/strong><\/p>\n<p>Pique a tablete de chocolate em peda\u00e7os pequeninos e coloque numa ta\u00e7a de pirex. Leve a derreter em banho-maria o chocolate com a manteiga.<\/p>\n<p>Para o\u00a0banho-maria\u00a0proceda da seguinte forma: num tacho, coloque um pouco de \u00e1gua e leve ao lume para que ferva. Coloque a ta\u00e7a de pirex dentro do tacho onde j\u00e1 tem a \u00e1gua fervente. Com uma colher, mexa o chocolate, em movimentos circulares, at\u00e9 este derreter completamente. Reserve.<\/p>\n<p>\u00c0 parte, numa batedeira, bata as gemas com o a\u00e7\u00facar at\u00e9 obter uma mistura cremosa. Incorpore o chocolate que reservou.<\/p>\n<p>Bata as claras em castelo e envolva manualmente no preparado anterior, at\u00e9 que fique um creme homog\u00e9neo.<\/p>\n<p>Distribua por ta\u00e7as e leve ao frigor\u00edfico at\u00e9 solidificar.<\/p>\n<p>Posto isto, est\u00e1 pronto a servir.<\/p>\n<p>Bom apetite!<\/p>\n<div>Veja mais em <a href=\"https:\/\/www.ateti.pt\/loja\/categoria\/mercearia\/chocolates-biscoitos-e-cereais\/chocolates\/\">Chocolates e Doces<\/a><\/div>\n","protected":false},"excerpt":{"rendered":"<p>10.95\u20ac\/Kg<\/p>\n","protected":false},"featured_media":57211,"comment_status":"closed","ping_status":"closed","template":"","meta":{"_themeisle_gutenberg_block_has_review":false},"product_brand":[],"product_cat":[25,144,132],"product_tag":[],"woo-feed-brand":[],"class_list":{"0":"post-15485","1":"product","2":"type-product","3":"status-publish","4":"has-post-thumbnail","6":"product_cat-chocolates","7":"product_cat-chocolates-biscoitos-e-cereais","8":"product_cat-mercearia","9":"ts_product_brand-pantagruel","11":"first","12":"instock","13":"sale","14":"taxable","15":"shipping-taxable","16":"purchasable","17":"product-type-simple"},"_links":{"self":[{"href":"https:\/\/www.ateti.pt\/loja\/wp-json\/wp\/v2\/product\/15485","targetHints":{"allow":["GET"]}}],"collection":[{"href":"https:\/\/www.ateti.pt\/loja\/wp-json\/wp\/v2\/product"}],"about":[{"href":"https:\/\/www.ateti.pt\/loja\/wp-json\/wp\/v2\/types\/product"}],"replies":[{"embeddable":true,"href":"https:\/\/www.ateti.pt\/loja\/wp-json\/wp\/v2\/comments?post=15485"}],"wp:featuredmedia":[{"embeddable":true,"href":"https:\/\/www.ateti.pt\/loja\/wp-json\/wp\/v2\/media\/57211"}],"wp:attachment":[{"href":"https:\/\/www.ateti.pt\/loja\/wp-json\/wp\/v2\/media?parent=15485"}],"wp:term":[{"taxonomy":"product_brand","embeddable":true,"href":"https:\/\/www.ateti.pt\/loja\/wp-json\/wp\/v2\/product_brand?post=15485"},{"taxonomy":"product_cat","embeddable":true,"href":"https:\/\/www.ateti.pt\/loja\/wp-json\/wp\/v2\/product_cat?post=15485"},{"taxonomy":"product_tag","embeddable":true,"href":"https:\/\/www.ateti.pt\/loja\/wp-json\/wp\/v2\/product_tag?post=15485"},{"taxonomy":"woo-feed-brand","embeddable":true,"href":"https:\/\/www.ateti.pt\/loja\/wp-json\/wp\/v2\/woo-feed-brand?post=15485"}],"curies":[{"name":"wp","href":"https:\/\/api.w.org\/{rel}","templated":true}]}}