{"id":15471,"date":"2020-04-29T15:49:00","date_gmt":"2020-04-29T14:49:00","guid":{"rendered":"https:\/\/www.ateti.pt\/loja\/?post_type=product&#038;p=15471"},"modified":"2026-02-18T16:22:18","modified_gmt":"2026-02-18T16:22:18","slug":"spray-com-lixivia-power-shine-750ml-cif","status":"publish","type":"product","link":"https:\/\/www.ateti.pt\/loja\/produto\/spray-com-lixivia-power-shine-750ml-cif\/","title":{"rendered":"Spray com L\u00edxivia Power &amp; Shine 750ml Cif"},"content":{"rendered":"<p><strong>Spray L\u00edxivia Power &amp; Shine Cif<\/strong><\/p>\n<p>Quantidade: 750mL<\/p>\n<div class=\"intro\">\n<p>Desde sempre que a preocupa\u00e7\u00e3o com o resultado final, tem sido a constante da marca Cif. Com conhecimento profundo da sujidade e das superf\u00edcies, desenvolve os melhores produtos de limpeza, para os consumidores mais exigentes.<\/p>\n<\/div>\n<section>Dentro do universo dos detergentes, Cif apresenta uma gama bastante alargada e diversificada, capaz de responder \u00e0s mais variadas necessidades dos consumidores, estando por isso presente em v\u00e1rios segmentos.Por exemplo, o segmento de Sprays com o Cif Spray Casa de Banho, o Cif Spray Cozinha, o Cif Spray Limpa Vidros e o Cif Spray activo com Lix\u00edvia. Da gama Basic fazem parte os sprays Ultra desengordurante e Casa de Banho e para terminar temos os Cif Sprays Inox e Limpa Fornos.<\/p>\n<div class=\"productDetailArea\">\n<div class=\"productDetailSubArea\">\n<div class=\"body\">\n<p><b>Descri\u00e7\u00e3o:<\/b><\/p>\n<p>As poderosas mol\u00e9culas do <strong>Spray Multiusos com L\u00edxivia Power &amp; Shine Cif<\/strong> limpam instant\u00e2nea e profundamente, eliminando os diferentes tipos de sujidade da casa. Deixa a sua casa brilhante e higienicamente limpa, sem manchas nem marcas de \u00e1gua. Remove at\u00e9 100% de remo\u00e7\u00e3o de manchas de bolor e gordura*.<\/p>\n<p><b>Benef\u00edcios:<\/b><\/p>\n<p>&#8211; 100% remo\u00e7\u00e3o de sujidade entranhada*;<\/p>\n<p>&#8211; 100% brilho sem manchas;<\/p>\n<p>&#8211; Com o poder da lix\u00edvia.<\/p>\n<p>* Testado em laborat\u00f3rio, com sujidades t\u00edpicas, em cer\u00e2mica, inox e superf\u00edcies laminadas.<\/p>\n<p><b>Modo de utiliza\u00e7\u00e3o:<\/b><\/p>\n<p>Para alcan\u00e7ar 100% de higiene e brilho sem manchas, aplique na superf\u00edcie. Deixe atuar durante alguns segundos. Passe de seguida com um pano h\u00famido<\/p>\n<p><b>Precau\u00e7\u00f5es:<\/b><\/p>\n<p>Evite o contacto com as roupas, carpetes e t\u00eaxteis. N\u00e3o utilize em lin\u00f3leo, alum\u00ednio, madeira pintada, superf\u00edcies gastas ou riscadas. Em superf\u00edcies cromadas ou prateadas, enxague logo ap\u00f3s utiliza\u00e7\u00e3o. Em caso de d\u00favida ou de utiliza\u00e7\u00e3o em superf\u00edcies novas ou pouco usuais, teste primeiro numa pequena \u00e1rea escondida.<\/p>\n<p>Manter fora do alcance das crian\u00e7as. Evitar o contacto com os olhos. Em caso de contacto com os olhos, lavar abundantemente com \u00e1gua.<\/p>\n<p>Veja mais em <a href=\"https:\/\/www.ateti.pt\/loja\/categoria\/higiene-e-limpeza\/limpeza\/\">Limpeza<\/a><\/p>\n<\/div>\n<\/div>\n<\/div>\n<\/section>\n","protected":false},"excerpt":{"rendered":"<p>4.85\u20ac\/lt<\/p>\n","protected":false},"featured_media":57460,"comment_status":"closed","ping_status":"closed","template":"","meta":{"_themeisle_gutenberg_block_has_review":false},"product_brand":[],"product_cat":[210,209,190,204],"product_tag":[],"woo-feed-brand":[],"class_list":{"0":"post-15471","1":"product","2":"type-product","3":"status-publish","4":"has-post-thumbnail","6":"product_cat-casa-de-banho","7":"product_cat-cozinha","8":"product_cat-desinfetantes-e-limpeza","9":"product_cat-limpeza","10":"ts_product_brand-cif","12":"first","13":"instock","14":"taxable","15":"shipping-taxable","16":"purchasable","17":"product-type-simple"},"_links":{"self":[{"href":"https:\/\/www.ateti.pt\/loja\/wp-json\/wp\/v2\/product\/15471","targetHints":{"allow":["GET"]}}],"collection":[{"href":"https:\/\/www.ateti.pt\/loja\/wp-json\/wp\/v2\/product"}],"about":[{"href":"https:\/\/www.ateti.pt\/loja\/wp-json\/wp\/v2\/types\/product"}],"replies":[{"embeddable":true,"href":"https:\/\/www.ateti.pt\/loja\/wp-json\/wp\/v2\/comments?post=15471"}],"wp:featuredmedia":[{"embeddable":true,"href":"https:\/\/www.ateti.pt\/loja\/wp-json\/wp\/v2\/media\/57460"}],"wp:attachment":[{"href":"https:\/\/www.ateti.pt\/loja\/wp-json\/wp\/v2\/media?parent=15471"}],"wp:term":[{"taxonomy":"product_brand","embeddable":true,"href":"https:\/\/www.ateti.pt\/loja\/wp-json\/wp\/v2\/product_brand?post=15471"},{"taxonomy":"product_cat","embeddable":true,"href":"https:\/\/www.ateti.pt\/loja\/wp-json\/wp\/v2\/product_cat?post=15471"},{"taxonomy":"product_tag","embeddable":true,"href":"https:\/\/www.ateti.pt\/loja\/wp-json\/wp\/v2\/product_tag?post=15471"},{"taxonomy":"woo-feed-brand","embeddable":true,"href":"https:\/\/www.ateti.pt\/loja\/wp-json\/wp\/v2\/woo-feed-brand?post=15471"}],"curies":[{"name":"wp","href":"https:\/\/api.w.org\/{rel}","templated":true}]}}