{"id":15469,"date":"2020-04-29T15:50:45","date_gmt":"2020-04-29T15:50:45","guid":{"rendered":"https:\/\/www.ateti.pt\/loja\/?post_type=product&#038;p=15469"},"modified":"2026-03-12T15:20:29","modified_gmt":"2026-03-12T15:20:29","slug":"multisuperficies-brilhante-desinfetante-sonasol-1100ml","status":"publish","type":"product","link":"https:\/\/www.ateti.pt\/loja\/produto\/multisuperficies-brilhante-desinfetante-sonasol-1100ml\/","title":{"rendered":"Lava Tudo Multiusos Sonasol 1100mL"},"content":{"rendered":"<p><strong>Lava Tudo Multiusos Sonasol<\/strong><\/p>\n<p>Quantidade: 1100mL<\/p>\n<h5>Descri\u00e7\u00e3o<\/h5>\n<p>Lava Tudo Brilho Multiusos Sonasol \u00e9 o produto ideal para a limpeza de todas as superf\u00edcies lav\u00e1veis, como azulejos ou m\u00e1rmores. Garante uma secagem ultra r\u00e1pida para uma limpeza brilhante numa s\u00f3 passagem. Gra\u00e7as \u00e0 sua f\u00f3rmula inovadora, proporciona uma limpeza perfeita e repara gradualmente as fissuras e o desgaste respons\u00e1veis pela perda de brilho nas superf\u00edcies. Com o novo Sonasol Brilhante Desinfetante, consiga 100% mais brilho instant\u00e2neo desde a primeira passagem.<\/p>\n<h5><b>Conselhos de utiliza\u00e7\u00e3o:<\/b><\/h5>\n<p>Uso dilu\u00eddo: diluir 2 tampas de produto num balde de \u00e1gua (8L).<\/p>\n<p>Uso direto: aplicar o produto num pano e limpar a superf\u00edcie desejada.<\/p>\n<h5>Caracter\u00edsticas:<\/h5>\n<p>Efeito reparador, com perfume duradouro, que repara gradualmente as fissuras e o desgaste 100% mais brilho duradouro. Secagem r\u00e1pida, sem enxaguar.<\/p>\n<p>Veja mais em <a href=\"https:\/\/www.ateti.pt\/loja\/categoria\/higiene-e-limpeza\/limpeza\/lava-tudo\/\">Lava Tudo<\/a><\/p>\n","protected":false},"excerpt":{"rendered":"<p>3.54\u20ac\/lt<\/p>\n","protected":false},"featured_media":79445,"comment_status":"closed","ping_status":"closed","template":"","meta":{"_themeisle_gutenberg_block_has_review":false},"product_brand":[],"product_cat":[210,209,190,204],"product_tag":[],"woo-feed-brand":[],"class_list":{"0":"post-15469","1":"product","2":"type-product","3":"status-publish","4":"has-post-thumbnail","6":"product_cat-casa-de-banho","7":"product_cat-cozinha","8":"product_cat-desinfetantes-e-limpeza","9":"product_cat-limpeza","10":"ts_product_brand-sonasol","12":"first","13":"instock","14":"taxable","15":"shipping-taxable","16":"purchasable","17":"product-type-simple"},"_links":{"self":[{"href":"https:\/\/www.ateti.pt\/loja\/wp-json\/wp\/v2\/product\/15469","targetHints":{"allow":["GET"]}}],"collection":[{"href":"https:\/\/www.ateti.pt\/loja\/wp-json\/wp\/v2\/product"}],"about":[{"href":"https:\/\/www.ateti.pt\/loja\/wp-json\/wp\/v2\/types\/product"}],"replies":[{"embeddable":true,"href":"https:\/\/www.ateti.pt\/loja\/wp-json\/wp\/v2\/comments?post=15469"}],"wp:featuredmedia":[{"embeddable":true,"href":"https:\/\/www.ateti.pt\/loja\/wp-json\/wp\/v2\/media\/79445"}],"wp:attachment":[{"href":"https:\/\/www.ateti.pt\/loja\/wp-json\/wp\/v2\/media?parent=15469"}],"wp:term":[{"taxonomy":"product_brand","embeddable":true,"href":"https:\/\/www.ateti.pt\/loja\/wp-json\/wp\/v2\/product_brand?post=15469"},{"taxonomy":"product_cat","embeddable":true,"href":"https:\/\/www.ateti.pt\/loja\/wp-json\/wp\/v2\/product_cat?post=15469"},{"taxonomy":"product_tag","embeddable":true,"href":"https:\/\/www.ateti.pt\/loja\/wp-json\/wp\/v2\/product_tag?post=15469"},{"taxonomy":"woo-feed-brand","embeddable":true,"href":"https:\/\/www.ateti.pt\/loja\/wp-json\/wp\/v2\/woo-feed-brand?post=15469"}],"curies":[{"name":"wp","href":"https:\/\/api.w.org\/{rel}","templated":true}]}}