{"id":15452,"date":"2020-04-29T15:32:30","date_gmt":"2020-04-29T14:32:30","guid":{"rendered":"https:\/\/www.ateti.pt\/loja\/?post_type=product&#038;p=15452"},"modified":"2026-03-10T14:27:03","modified_gmt":"2026-03-10T14:27:03","slug":"cillit-bang-lixiviahigiene-500ml","status":"publish","type":"product","link":"https:\/\/www.ateti.pt\/loja\/produto\/cillit-bang-lixiviahigiene-500ml\/","title":{"rendered":"Spray Lixivia&amp;Higiene 500ml Cillit Bang"},"content":{"rendered":"<p><strong>Cillit Bang Lixivia&amp;Higiene<\/strong><\/p>\n<p>Quantidade: 500mL<\/p>\n<p>A poderosa f\u00f3rmula de<strong> Cillit Bang Lixivia&amp;Higiene<\/strong> desinfeta e elimina rapidamente a sujidade sem necessidade de esfregar, sendo o seu aliado para as zonas com mais sujidade. Poder instant\u00e2neo*. Cillit Bang, uma solu\u00e7\u00e3o eficaz para todo o tipo de sujidade.<\/p>\n<p><strong>Benef\u00edcios:<\/strong><\/p>\n<p>&#8211; Lix\u00edvia e Higiene<\/p>\n<p>&#8211; Limpa 10x melhor que a lix\u00edvia pura<\/p>\n<p>&#8211; Higieniza e limpa em profundidade<\/p>\n<p>-Remove manchas incrustadas.<\/p>\n<p><b>Utiliza\u00e7\u00e3o:<\/b><\/p>\n<p>1. Rode a ponta do pulverizador para a posi\u00e7\u00e3o ON;<\/p>\n<p>2. Pulverize a 20-30cm de dist\u00e2ncia da zona onde quer aplicar o produto;<\/p>\n<p>3. Deixe atuar no m\u00e1ximo por 5 segundos e de seguida passe com uma esponja\/pano e enxague abundantemente com \u00e1gua para evitar que o produto seque na superf\u00edcie. Em superf\u00edcies met\u00e1licas (a\u00e7o inoxid\u00e1vel, cromadas) pulverize o produto para uma esponja passe a esponja na superf\u00edcie e enxague. Para manchas dif\u00edceis repita o processo as vezes necess\u00e1rias;<\/p>\n<p>4. Quando terminar rode a ponta do pulverizador para a posi\u00e7\u00e3o OFF.<\/p>\n<p><b>Uso recomendado em:<\/b><\/p>\n<p>\u2022 Juntas de paredes na casa de banho;<\/p>\n<p>\u2022 Banheiras e Lavat\u00f3rios;<\/p>\n<p>\u2022 Cortinas de Chuveiros;<\/p>\n<p>\u2022 Bancadas;<\/p>\n<p>\u2022 Portas de Frigor\u00edficos;<\/p>\n<p>\u2022 Caixotes do Lixo.<\/p>\n<p><b>Precau\u00e7\u00f5es:<\/b><\/p>\n<p>Antes de utilizar leia atentamente o r\u00f3tulo. N\u00e3o misturar com outros produtos de limpeza. N\u00e3o apontar para a cara. Utilize os biocidas com cuidado. Leia sempre o r\u00f3tulo e a informa\u00e7\u00e3o relativa ao produto antes de o utilizar.<\/p>\n<p>Veja mais em <a href=\"https:\/\/www.ateti.pt\/loja\/categoria\/higiene-e-limpeza\/\">Higiene e Limpeza<\/a><\/p>\n","protected":false},"excerpt":{"rendered":"<p>7.70\u20ac\/lt<\/p>\n","protected":false},"featured_media":58153,"comment_status":"closed","ping_status":"closed","template":"","meta":{"_themeisle_gutenberg_block_has_review":false},"product_brand":[],"product_cat":[210,209,190,204,681,543],"product_tag":[],"woo-feed-brand":[],"class_list":{"0":"post-15452","1":"product","2":"type-product","3":"status-publish","4":"has-post-thumbnail","6":"product_cat-casa-de-banho","7":"product_cat-cozinha","8":"product_cat-desinfetantes-e-limpeza","9":"product_cat-limpeza","10":"product_cat-limpeza-higiene-e-limpeza-office","11":"product_cat-limpeza-higiene","12":"ts_product_brand-cilit-bang","14":"first","15":"instock","16":"taxable","17":"shipping-taxable","18":"purchasable","19":"product-type-simple"},"_links":{"self":[{"href":"https:\/\/www.ateti.pt\/loja\/wp-json\/wp\/v2\/product\/15452","targetHints":{"allow":["GET"]}}],"collection":[{"href":"https:\/\/www.ateti.pt\/loja\/wp-json\/wp\/v2\/product"}],"about":[{"href":"https:\/\/www.ateti.pt\/loja\/wp-json\/wp\/v2\/types\/product"}],"replies":[{"embeddable":true,"href":"https:\/\/www.ateti.pt\/loja\/wp-json\/wp\/v2\/comments?post=15452"}],"wp:featuredmedia":[{"embeddable":true,"href":"https:\/\/www.ateti.pt\/loja\/wp-json\/wp\/v2\/media\/58153"}],"wp:attachment":[{"href":"https:\/\/www.ateti.pt\/loja\/wp-json\/wp\/v2\/media?parent=15452"}],"wp:term":[{"taxonomy":"product_brand","embeddable":true,"href":"https:\/\/www.ateti.pt\/loja\/wp-json\/wp\/v2\/product_brand?post=15452"},{"taxonomy":"product_cat","embeddable":true,"href":"https:\/\/www.ateti.pt\/loja\/wp-json\/wp\/v2\/product_cat?post=15452"},{"taxonomy":"product_tag","embeddable":true,"href":"https:\/\/www.ateti.pt\/loja\/wp-json\/wp\/v2\/product_tag?post=15452"},{"taxonomy":"woo-feed-brand","embeddable":true,"href":"https:\/\/www.ateti.pt\/loja\/wp-json\/wp\/v2\/woo-feed-brand?post=15452"}],"curies":[{"name":"wp","href":"https:\/\/api.w.org\/{rel}","templated":true}]}}