{"id":15378,"date":"2020-04-29T13:47:17","date_gmt":"2020-04-29T12:47:17","guid":{"rendered":"https:\/\/www.ateti.pt\/loja\/?post_type=product&#038;p=15378"},"modified":"2026-02-05T23:44:13","modified_gmt":"2026-02-05T23:44:13","slug":"amaciador-roupa-conc-violetas-76d-quanto","status":"publish","type":"product","link":"https:\/\/www.ateti.pt\/loja\/produto\/amaciador-roupa-conc-violetas-76d-quanto\/","title":{"rendered":"Amaciador Roupa Violetas Quanto 76D"},"content":{"rendered":"<h5>Amaciador Roupa Violetas Quanto<\/h5>\n<p>Quantidade: 76D<\/p>\n<p>Assim, o Amaciador Roupa Violetas Quanto proporciona uma experi\u00eancia de frescura duradoura e uma sensa\u00e7\u00e3o de suavidade na pele. Com o seu efeito anti-est\u00e1tico sobre as fibras faz com que sinta as suas roupas sempre frescas e macias. Delicie-se com a frescura aut\u00eantica de Violetas do Bosque e desfrute de uma sensa\u00e7\u00e3o de roupa fresca e perfumada.<\/p>\n<p>Benef\u00edcios na sua utiliza\u00e7\u00e3o:<\/p>\n<p>&#8211; Amaciador Concentrado;<\/p>\n<p>&#8211; 24h de frescura;<\/p>\n<p>&#8211; Roupas frescas e macias;<\/p>\n<p>&#8211; Experi\u00eancia de frescura duradoura;<\/p>\n<p>&#8211; Sensa\u00e7\u00e3o de suavidade na pele;<\/p>\n<p><strong>Precau\u00e7\u00f5es:<\/strong><\/p>\n<p>Manter fora do alcance das crian\u00e7as. N\u00e3o ingerir. Se entrar em contacto com os olhos: enxaguar cuidadosamente com \u00e1gua durante alguns minutos. Se usar lentes de contacto, retire-as, se lhe for poss\u00edvel.<\/p>\n<p>Veja mais em <a href=\"https:\/\/www.ateti.pt\/loja\/categoria\/higiene-e-limpeza\/limpeza\/roupa\/\">Roupa<\/a><\/p>\n<p>&nbsp;<\/p>\n","protected":false},"excerpt":{"rendered":"<p>0.06\u20ac\/DOSE<\/p>\n<p>&nbsp;<\/p>\n","protected":false},"featured_media":57520,"comment_status":"closed","ping_status":"closed","template":"","meta":{"_themeisle_gutenberg_block_has_review":false},"product_brand":[],"product_cat":[190,204,208],"product_tag":[],"woo-feed-brand":[],"class_list":{"0":"post-15378","1":"product","2":"type-product","3":"status-publish","4":"has-post-thumbnail","6":"product_cat-desinfetantes-e-limpeza","7":"product_cat-limpeza","8":"product_cat-roupa","9":"ts_product_brand-quanto","11":"first","12":"instock","13":"taxable","14":"shipping-taxable","15":"purchasable","16":"product-type-simple"},"_links":{"self":[{"href":"https:\/\/www.ateti.pt\/loja\/wp-json\/wp\/v2\/product\/15378","targetHints":{"allow":["GET"]}}],"collection":[{"href":"https:\/\/www.ateti.pt\/loja\/wp-json\/wp\/v2\/product"}],"about":[{"href":"https:\/\/www.ateti.pt\/loja\/wp-json\/wp\/v2\/types\/product"}],"replies":[{"embeddable":true,"href":"https:\/\/www.ateti.pt\/loja\/wp-json\/wp\/v2\/comments?post=15378"}],"wp:featuredmedia":[{"embeddable":true,"href":"https:\/\/www.ateti.pt\/loja\/wp-json\/wp\/v2\/media\/57520"}],"wp:attachment":[{"href":"https:\/\/www.ateti.pt\/loja\/wp-json\/wp\/v2\/media?parent=15378"}],"wp:term":[{"taxonomy":"product_brand","embeddable":true,"href":"https:\/\/www.ateti.pt\/loja\/wp-json\/wp\/v2\/product_brand?post=15378"},{"taxonomy":"product_cat","embeddable":true,"href":"https:\/\/www.ateti.pt\/loja\/wp-json\/wp\/v2\/product_cat?post=15378"},{"taxonomy":"product_tag","embeddable":true,"href":"https:\/\/www.ateti.pt\/loja\/wp-json\/wp\/v2\/product_tag?post=15378"},{"taxonomy":"woo-feed-brand","embeddable":true,"href":"https:\/\/www.ateti.pt\/loja\/wp-json\/wp\/v2\/woo-feed-brand?post=15378"}],"curies":[{"name":"wp","href":"https:\/\/api.w.org\/{rel}","templated":true}]}}