{"id":15363,"date":"2020-04-29T13:26:32","date_gmt":"2020-04-29T12:26:32","guid":{"rendered":"https:\/\/www.ateti.pt\/loja\/?post_type=product&#038;p=15363"},"modified":"2023-10-16T19:25:02","modified_gmt":"2023-10-16T18:25:02","slug":"pickles-de-vinagre-ferbar-345g","status":"publish","type":"product","link":"https:\/\/www.ateti.pt\/loja\/produto\/pickles-de-vinagre-ferbar-345g\/","title":{"rendered":"Pickles de Vinagre Ferbar 345g"},"content":{"rendered":"<h5>Pickles de Vinagre Ferbar<\/h5>\n<h5>Descri\u00e7\u00e3o:<\/h5>\n<p>Pickles de Vinagre Ferbar s\u00e3o feitos com vegetais de primeira qualidade, acondicionados em vinagre puro de vinho, pasteurizado e sem corantes nem conservantes. Embaladas em frasco de vidro, de forma a visualizar melhor o produto e a poder abrir e fech\u00e1-lo ap\u00f3s cada utiliza\u00e7\u00e3o, a sua embalagem oferece garantias de integridade e hermeticidade.<\/p>\n<h5>Momentos de Consumo:<\/h5>\n<ul>\n<li>Molhos de acompanhamento<\/li>\n<li>Carne de porco \u00e0 alentejana com pickles<\/li>\n<li>T\u00e1rtaro com pickles<\/li>\n<li>Rolinhos de salm\u00e3o com pickles<\/li>\n<li>Salada de del\u00edcias do mar com pickles<\/li>\n<\/ul>\n<h5>Conserva\u00e7\u00e3o:<\/h5>\n<p>Proteger da luz. Conservar no frigor\u00edfico depois de aberto e consumir, de prefer\u00eancia, no prazo de 15 dias.<\/p>\n<p>Quantidade: 345g<\/p>\n<p>Encontre aqui mais produtos em <a href=\"https:\/\/www.ateti.pt\/loja\/categoria\/mercearia\/frascos-e-latas\/\">frascos e latas<\/a>.<\/p>\n","protected":false},"excerpt":{"rendered":"<p>5.24\u20ac\/kg<\/p>\n","protected":false},"featured_media":57203,"comment_status":"closed","ping_status":"closed","template":"","meta":{"_themeisle_gutenberg_block_has_review":false},"product_brand":[],"product_cat":[155,199,132],"product_tag":[],"woo-feed-brand":[],"class_list":{"0":"post-15363","1":"product","2":"type-product","3":"status-publish","4":"has-post-thumbnail","6":"product_cat-conservas","7":"product_cat-frascos-e-latas","8":"product_cat-mercearia","9":"ts_product_brand-ferbar","11":"first","12":"instock","13":"taxable","14":"shipping-taxable","15":"purchasable","16":"product-type-simple"},"_links":{"self":[{"href":"https:\/\/www.ateti.pt\/loja\/wp-json\/wp\/v2\/product\/15363","targetHints":{"allow":["GET"]}}],"collection":[{"href":"https:\/\/www.ateti.pt\/loja\/wp-json\/wp\/v2\/product"}],"about":[{"href":"https:\/\/www.ateti.pt\/loja\/wp-json\/wp\/v2\/types\/product"}],"replies":[{"embeddable":true,"href":"https:\/\/www.ateti.pt\/loja\/wp-json\/wp\/v2\/comments?post=15363"}],"wp:featuredmedia":[{"embeddable":true,"href":"https:\/\/www.ateti.pt\/loja\/wp-json\/wp\/v2\/media\/57203"}],"wp:attachment":[{"href":"https:\/\/www.ateti.pt\/loja\/wp-json\/wp\/v2\/media?parent=15363"}],"wp:term":[{"taxonomy":"product_brand","embeddable":true,"href":"https:\/\/www.ateti.pt\/loja\/wp-json\/wp\/v2\/product_brand?post=15363"},{"taxonomy":"product_cat","embeddable":true,"href":"https:\/\/www.ateti.pt\/loja\/wp-json\/wp\/v2\/product_cat?post=15363"},{"taxonomy":"product_tag","embeddable":true,"href":"https:\/\/www.ateti.pt\/loja\/wp-json\/wp\/v2\/product_tag?post=15363"},{"taxonomy":"woo-feed-brand","embeddable":true,"href":"https:\/\/www.ateti.pt\/loja\/wp-json\/wp\/v2\/woo-feed-brand?post=15363"}],"curies":[{"name":"wp","href":"https:\/\/api.w.org\/{rel}","templated":true}]}}