{"id":15355,"date":"2020-04-29T11:57:35","date_gmt":"2020-04-29T10:57:35","guid":{"rendered":"https:\/\/www.ateti.pt\/loja\/?post_type=product&#038;p=15355"},"modified":"2024-12-30T17:13:16","modified_gmt":"2024-12-30T17:13:16","slug":"cereais-choco-flakes-cuetara-500-gr","status":"publish","type":"product","link":"https:\/\/www.ateti.pt\/loja\/produto\/cereais-choco-flakes-cuetara-500-gr\/","title":{"rendered":"Cereais Choco Flakes Cu\u00e9tara 500g"},"content":{"rendered":"<p><strong>Cereais Choco Flakes Cu\u00e9tara<\/strong><\/p>\n<p>Quantidade: 500g<\/p>\n<p><strong>Ingredientes:<\/strong> bolacha 75% [farinha de TRIGO, a\u00e7\u00facar, \u00f3leos vegetais de girassol alto oleico e palma, xarope de glucose e frutose, sal, levedantes (carbonato de s\u00f3dio e carbonato de c\u00e1lcio), vitaminas e sais minerais (A,D, E, Tiamina (B1), Riboflavina (B2), Niacina (B3), B6, \u00e1cido pantot\u00e9nico, carbonato de c\u00e1lcio e ferro elementar), emulsionante (lecitina), aroma, corante (E150d), agente de tratamento da farinha (METABISULFITO de s\u00f3dio)], chips de chocolate 16% (a\u00e7\u00facar, pasta de cacau 48%, manteiga de cacau 3%, emulsionante (lecitina de SOJA) e aroma), arroz tufado achocolatado 9%, (arroz, milho, a\u00e7\u00facar, cacau magro em p\u00f3 4%, extracto de malte de CEVADA, xarope de glucose e frutose, \u00f3leo vegetal de palma, sal, emulsionante (lecitina de SOJA) e aroma)<\/p>\n<p><strong>Valores nutricionais:\u00a0<\/strong>Energia: 1874kj\/445kcal; L\u00edpidos: 13h, dos quais saturados: 4.6g, dos quais monoinsaturados: 7.3g, dos quais polinsaturados: 1.2g; Hidratos de Carbono: 75g, dos quais a\u00e7\u00facares: 29g; Prote\u00ednas: 6g; Sal:0.6g.<\/p>\n<p>Veja mais em <a href=\"https:\/\/www.ateti.pt\/loja\/categoria\/mercearia\/chocolates-biscoitos-e-cereais\/pequeno-almoco-e-cereais\/\">Pequeno Almo\u00e7o e Cereais<\/a><\/p>\n","protected":false},"excerpt":{"rendered":"<p>8.58\u20ac\/kg<\/p>\n","protected":false},"featured_media":61131,"comment_status":"closed","ping_status":"closed","template":"","meta":{"_themeisle_gutenberg_block_has_review":false},"product_brand":[],"product_cat":[144,132,145],"product_tag":[],"woo-feed-brand":[],"class_list":{"0":"post-15355","1":"product","2":"type-product","3":"status-publish","4":"has-post-thumbnail","6":"product_cat-chocolates-biscoitos-e-cereais","7":"product_cat-mercearia","8":"product_cat-pequeno-almoco-e-cereais","9":"ts_product_brand-cuetara","11":"first","12":"instock","13":"sale","14":"taxable","15":"shipping-taxable","16":"purchasable","17":"product-type-simple"},"_links":{"self":[{"href":"https:\/\/www.ateti.pt\/loja\/wp-json\/wp\/v2\/product\/15355","targetHints":{"allow":["GET"]}}],"collection":[{"href":"https:\/\/www.ateti.pt\/loja\/wp-json\/wp\/v2\/product"}],"about":[{"href":"https:\/\/www.ateti.pt\/loja\/wp-json\/wp\/v2\/types\/product"}],"replies":[{"embeddable":true,"href":"https:\/\/www.ateti.pt\/loja\/wp-json\/wp\/v2\/comments?post=15355"}],"wp:featuredmedia":[{"embeddable":true,"href":"https:\/\/www.ateti.pt\/loja\/wp-json\/wp\/v2\/media\/61131"}],"wp:attachment":[{"href":"https:\/\/www.ateti.pt\/loja\/wp-json\/wp\/v2\/media?parent=15355"}],"wp:term":[{"taxonomy":"product_brand","embeddable":true,"href":"https:\/\/www.ateti.pt\/loja\/wp-json\/wp\/v2\/product_brand?post=15355"},{"taxonomy":"product_cat","embeddable":true,"href":"https:\/\/www.ateti.pt\/loja\/wp-json\/wp\/v2\/product_cat?post=15355"},{"taxonomy":"product_tag","embeddable":true,"href":"https:\/\/www.ateti.pt\/loja\/wp-json\/wp\/v2\/product_tag?post=15355"},{"taxonomy":"woo-feed-brand","embeddable":true,"href":"https:\/\/www.ateti.pt\/loja\/wp-json\/wp\/v2\/woo-feed-brand?post=15355"}],"curies":[{"name":"wp","href":"https:\/\/api.w.org\/{rel}","templated":true}]}}