{"id":15330,"date":"2020-04-29T11:39:48","date_gmt":"2020-04-29T10:39:48","guid":{"rendered":"https:\/\/www.ateti.pt\/loja\/?post_type=product&#038;p=15330"},"modified":"2026-03-10T16:05:52","modified_gmt":"2026-03-10T16:05:52","slug":"after-shave-balsamo-100ml-nivea","status":"publish","type":"product","link":"https:\/\/www.ateti.pt\/loja\/produto\/after-shave-balsamo-100ml-nivea\/","title":{"rendered":"After Shave B\u00e1lsamo Nivea 100mL"},"content":{"rendered":"<p><strong>After Shave B\u00e1lsamo Nivea<\/strong><\/p>\n<p><strong>Quantidade:<\/strong> 100ml<\/p>\n<section class=\"nx-advantages nx-u-section nx-u-section--mob-separator nx-expand-section--hide-on-desktop nx-expand-section nx-expand-section--active nx-u-motion--animate nx-u-motion--applied\" data-anchor-text=\"Benef\u00edcios\" data-anchor-id=\"benefcios\" data-module=\"ExpandableSection\" data-test=\"advantages\" data-module-initialized=\"true\">\n<div class=\"nx-u-container nx-expand-section__container nx-expand-section__container--with-fade\">\n<div class=\"nx-benefits-list nx-benefits-list__advantages\">\n<ul class=\"nx-benefits-list__block\">\n<li class=\"nx-benefits-list__item\">Cuida da pele e protege-a dos factores externos que causam a desidrata\u00e7\u00e3o<\/li>\n<li class=\"nx-benefits-list__item\">\u00a0Suaviza e regenera a pele imediatamente ap\u00f3s o barbear<\/li>\n<li class=\"nx-benefits-list__item\">\u00a0Reduz a vermelhid\u00e3o e a sensa\u00e7\u00e3o de pele tensa<\/li>\n<li class=\"nx-benefits-list__item\">\u00a0Hidrata a pele, fortalecendo a sua barreira natural<\/li>\n<li class=\"nx-benefits-list__item\">\u00a0N\u00e3o gorduroso, de r\u00e1pida absor\u00e7\u00e3o<\/li>\n<\/ul>\n<\/div>\n<\/div>\n<\/section>\n<section class=\"nx-u-section nx-u-section--mob-separator nx-expand-section--hide-on-desktop nx-expand-section nx-u-motion--animate nx-u-motion--applied\" data-options=\"\" data-anchor-text=\"Saiba mais sobre este produto\" data-anchor-id=\"saiba-mais-sobre-este-produto\" data-module=\"ExpandableSection\" data-test=\"productInformationAndAwards\" data-module-initialized=\"true\">\n<div class=\"nx-u-container nx-expand-section__container nx-expand-section__container--with-fade\">\n<div class=\"nx-product-information\" data-product-id=\"DAC20C594EA71B6B3F42774DCFE04835\">\n<div class=\"nx-product-information__section\" data-test=\"productInformation\">\n<p>As constantes altera\u00e7\u00f5es da temperatura podem ser um desafio para a tua pele! NIVEA MEN After Shave B\u00e1lsamo Protect &amp; Care suaviza e regenera a pele ap\u00f3s o barbear. Uma f\u00f3rmula com Aloe Vera e Pr\u00f3-Vitamina B5, hidrata a tua pele fortalecendo a sua barreira natural, reduzindo a vermelhid\u00e3o e tens\u00e3o. A tua pele fica suave e protegida dos fatores externos que causam desidrata\u00e7\u00e3o. After Shave n\u00e3o gorduroso, e de r\u00e1pida absor\u00e7\u00e3o.<\/p>\n<p class=\"nx-u-section__headline nx-expand-section__headline\"><strong>Modo de Utiliza\u00e7\u00e3o:<\/strong><\/p>\n<div id=\"tns1-ow\" class=\"tns-outer\">\n<div id=\"tns1-mw\" class=\"tns-ovh\">\n<div id=\"tns1-iw\" class=\"tns-inner\">\n<div id=\"tns1\" class=\"nx-slider  tns-slider tns-carousel tns-subpixel tns-calc tns-horizontal\" data-module=\"SliderPagination\" data-no-lazy-load=\"\" data-module-initialized=\"true\">\n<div id=\"tns1-item0\" class=\"nx-how-to nx-how-to-list__item nx-u-image tns-item tns-slide-active\" data-test=\"howToText\">\n<h4 class=\"nx-how-to__heading\"><span class=\"nx-u-counter\">1- <\/span>Antes de barbear<\/h4>\n<p class=\"nx-how-to__description nx-cpy-1\">Para um barbear suave, aplica um Gel ou Espuma de Barbear Protect&amp;Care antes do barbear.<\/p>\n<\/div>\n<div id=\"tns1-item1\" class=\"nx-how-to nx-how-to-list__item nx-u-image tns-item tns-slide-active\" data-test=\"howToText\">\n<h4 class=\"nx-how-to__heading\"><span class=\"nx-u-counter\">2- <\/span>Depois de barbear<\/h4>\n<p class=\"nx-how-to__description nx-cpy-1\">Aplica este B\u00e1lsamo generosamente para acalmar e regenerar a pele.<\/p>\n<p><strong>Ingredientes:\u00a0<\/strong><\/p>\n<section class=\"nx-ingredients-section nx-u-section nx-u-section--mob-separator nx-expand-section--hide-on-desktop nx-expand-section nx-u-motion--animate nx-u-motion--applied\" data-anchor-text=\"Lista de ingredientes\" data-anchor-id=\"lista-de-ingredientes\" data-module=\"ExpandableSection\" data-module-initialized=\"true\">\n<div class=\"nx-u-container nx-expand-section__container nx-expand-section__container--with-fade\">\n<div class=\"nx-ingredients\" data-tooltip-mobile=\"\">\n<p class=\"nx-ingredients__section nx-ingredients--breaks-always\" data-options=\"{&quot;ctaLabel&quot;:&quot;Read more&quot;, &quot;glossaryLink&quot;:&quot;\/sobre-nos\/sustentabilidade-nivea\/glossario-ingredientes&quot;, &quot;glossaryLabel&quot;:&quot;Ingredients glossary&quot;}\" data-module=\"Ingredient\" data-module-initialized=\"true\">Aqua, Alcohol Denat. (14.00% ), Glycerin, Distarch Phosphate, Ethylhexyl Cocoate, Parfum, Aloe Barbadensis Leaf Juice Powder, Panthenol, Dimethicone, Triceteareth-4 Phosphate, Carbomer, Sodium Hydroxide, Limonene, Linalool, Citronellol, Coumarin, Alpha-Isomethyl Ionone, Geraniol<\/p>\n<\/div>\n<\/div>\n<\/section>\n<section class=\"nx-content-area\" data-test=\"contentArea\"><\/section>\n<section class=\"nx-u-section nx-u-section--background\" data-test=\"smallTeaserSlider\">\n<div class=\"nx-u-container nx-u-motion--animate nx-u-motion--applied\" data-anchor-text=\"Gama\" data-anchor-id=\"gama\">Veja mais em <a href=\"https:\/\/www.ateti.pt\/loja\/categoria\/higiene-e-limpeza\/higiene\/higiene-masculina\/\">Higiene Masculina<\/a><\/div>\n<\/section>\n<\/div>\n<\/div>\n<\/div>\n<\/div>\n<\/div>\n<\/div>\n<\/div>\n<\/div>\n<\/section>\n","protected":false},"excerpt":{"rendered":"<p>65.90\u20ac\/LT<\/p>\n","protected":false},"featured_media":57519,"comment_status":"closed","ping_status":"closed","template":"","meta":{"_themeisle_gutenberg_block_has_review":false},"product_brand":[],"product_cat":[203,212,190,231],"product_tag":[],"woo-feed-brand":[],"class_list":{"0":"post-15330","1":"product","2":"type-product","3":"status-publish","4":"has-post-thumbnail","6":"product_cat-beleza-e-higiene","7":"product_cat-corpo","8":"product_cat-desinfetantes-e-limpeza","9":"product_cat-higiene-masculina","10":"ts_product_brand-nivea","12":"first","13":"instock","14":"taxable","15":"shipping-taxable","16":"purchasable","17":"product-type-simple"},"_links":{"self":[{"href":"https:\/\/www.ateti.pt\/loja\/wp-json\/wp\/v2\/product\/15330","targetHints":{"allow":["GET"]}}],"collection":[{"href":"https:\/\/www.ateti.pt\/loja\/wp-json\/wp\/v2\/product"}],"about":[{"href":"https:\/\/www.ateti.pt\/loja\/wp-json\/wp\/v2\/types\/product"}],"replies":[{"embeddable":true,"href":"https:\/\/www.ateti.pt\/loja\/wp-json\/wp\/v2\/comments?post=15330"}],"wp:featuredmedia":[{"embeddable":true,"href":"https:\/\/www.ateti.pt\/loja\/wp-json\/wp\/v2\/media\/57519"}],"wp:attachment":[{"href":"https:\/\/www.ateti.pt\/loja\/wp-json\/wp\/v2\/media?parent=15330"}],"wp:term":[{"taxonomy":"product_brand","embeddable":true,"href":"https:\/\/www.ateti.pt\/loja\/wp-json\/wp\/v2\/product_brand?post=15330"},{"taxonomy":"product_cat","embeddable":true,"href":"https:\/\/www.ateti.pt\/loja\/wp-json\/wp\/v2\/product_cat?post=15330"},{"taxonomy":"product_tag","embeddable":true,"href":"https:\/\/www.ateti.pt\/loja\/wp-json\/wp\/v2\/product_tag?post=15330"},{"taxonomy":"woo-feed-brand","embeddable":true,"href":"https:\/\/www.ateti.pt\/loja\/wp-json\/wp\/v2\/woo-feed-brand?post=15330"}],"curies":[{"name":"wp","href":"https:\/\/api.w.org\/{rel}","templated":true}]}}