{"id":15296,"date":"2020-04-29T10:57:36","date_gmt":"2020-04-29T09:57:36","guid":{"rendered":"https:\/\/www.ateti.pt\/loja\/?post_type=product&#038;p=15296"},"modified":"2025-11-06T17:09:11","modified_gmt":"2025-11-06T17:09:11","slug":"creme-limpeza-limao-com-micro-cristais-500ml-cif","status":"publish","type":"product","link":"https:\/\/www.ateti.pt\/loja\/produto\/creme-limpeza-limao-com-micro-cristais-500ml-cif\/","title":{"rendered":"Creme Limpeza Lim\u00e3o com Micro Cristais 500ml Cif"},"content":{"rendered":"<p><strong>Creme Limpeza Lim\u00e3o com Micro Cristais Cif<\/strong><\/p>\n<p>Quantidade: 500mL<\/p>\n<p>Desde sempre que a preocupa\u00e7\u00e3o com o resultado final, tem sido a constante da marca Cif. Com conhecimento profundo da sujidade e das superf\u00edcies, desenvolve os melhores produtos de limpeza, para os consumidores mais exigentes.<\/p>\n<p>\u00c9 no segmento de abrasivos, onde encontramos Cif Creme (Cl\u00e1ssico, Lim\u00e3o, com Lix\u00edvia, o Activo com Lix\u00edvia e o Pink Flowers). Com fragr\u00e2ncias delicadas, em embalagens ergon\u00f3micas, com uma tampa que n\u00e3o deixa secar o produto, este \u00e9 o produto por excel\u00eancia preferido pelas consumidoras.<\/p>\n<p>Apesar de Cif procurar sempre as respostas mais eficazes para os seus produtos, a marca sabe que a m\u00e1xima efic\u00e1cia n\u00e3o deve ser obtida a qualquer custo. Desde o seu lan\u00e7amento que Cif acredita que cuidar e respeitar as superf\u00edcies onde actua \u00e9 t\u00e3o importante quanto a m\u00e1xima efic\u00e1cia dos seus produtos. S\u00f3 assim reconhecidas marcas de cozinha e casa de banho (Hotpoint, Hoover, Electrolux, Samsung e AEG) continuam a recomendar Cif.<\/p>\n<p><strong>Creme Limpeza Lim\u00e3o com Micro Cristais Cif <\/strong>remove a sujidade a 100%* e garante uma limpeza brilhante. Os milh\u00f5es de micropart\u00edculas contidas em cada gota limpam cozinhas, casas de banho e muito mais.<\/p>\n<p>*Remo\u00e7\u00e3o total da sujidade, em testes com sujidades t\u00edpicas de cozinha e casa de banho.<\/p>\n<p><strong>Benef\u00edcios:<\/strong><\/p>\n<p>&#8211; Remove restos de comida queimada;<\/p>\n<p>&#8211; Remove sujidade incrustada e gordura dif\u00edcil.<\/p>\n<p>-Garante uma limpeza brilhante.<\/p>\n<p><strong>Utiliza\u00e7\u00e3o:<\/strong><\/p>\n<p>Aplique na superf\u00edcie, utilizando um pano h\u00famido. Em seguida, enxague o excesso e limpe suavemente.<\/p>\n<p>Veja mais em <a href=\"https:\/\/www.ateti.pt\/loja\/categoria\/higiene-e-limpeza\/limpeza\/\">Limpeza<\/a><\/p>\n","protected":false},"excerpt":{"rendered":"<p>5.38\u20ac\/lt<\/p>\n","protected":false},"featured_media":60550,"comment_status":"closed","ping_status":"closed","template":"","meta":{"_themeisle_gutenberg_block_has_review":false},"product_brand":[],"product_cat":[210,209,190,204],"product_tag":[],"woo-feed-brand":[],"class_list":{"0":"post-15296","1":"product","2":"type-product","3":"status-publish","4":"has-post-thumbnail","6":"product_cat-casa-de-banho","7":"product_cat-cozinha","8":"product_cat-desinfetantes-e-limpeza","9":"product_cat-limpeza","10":"ts_product_brand-cif","12":"first","13":"instock","14":"taxable","15":"shipping-taxable","16":"purchasable","17":"product-type-simple"},"_links":{"self":[{"href":"https:\/\/www.ateti.pt\/loja\/wp-json\/wp\/v2\/product\/15296","targetHints":{"allow":["GET"]}}],"collection":[{"href":"https:\/\/www.ateti.pt\/loja\/wp-json\/wp\/v2\/product"}],"about":[{"href":"https:\/\/www.ateti.pt\/loja\/wp-json\/wp\/v2\/types\/product"}],"replies":[{"embeddable":true,"href":"https:\/\/www.ateti.pt\/loja\/wp-json\/wp\/v2\/comments?post=15296"}],"wp:featuredmedia":[{"embeddable":true,"href":"https:\/\/www.ateti.pt\/loja\/wp-json\/wp\/v2\/media\/60550"}],"wp:attachment":[{"href":"https:\/\/www.ateti.pt\/loja\/wp-json\/wp\/v2\/media?parent=15296"}],"wp:term":[{"taxonomy":"product_brand","embeddable":true,"href":"https:\/\/www.ateti.pt\/loja\/wp-json\/wp\/v2\/product_brand?post=15296"},{"taxonomy":"product_cat","embeddable":true,"href":"https:\/\/www.ateti.pt\/loja\/wp-json\/wp\/v2\/product_cat?post=15296"},{"taxonomy":"product_tag","embeddable":true,"href":"https:\/\/www.ateti.pt\/loja\/wp-json\/wp\/v2\/product_tag?post=15296"},{"taxonomy":"woo-feed-brand","embeddable":true,"href":"https:\/\/www.ateti.pt\/loja\/wp-json\/wp\/v2\/woo-feed-brand?post=15296"}],"curies":[{"name":"wp","href":"https:\/\/api.w.org\/{rel}","templated":true}]}}