{"id":15290,"date":"2020-04-29T10:41:23","date_gmt":"2020-04-29T09:41:23","guid":{"rendered":"https:\/\/www.ateti.pt\/loja\/?post_type=product&#038;p=15290"},"modified":"2026-02-24T16:54:46","modified_gmt":"2026-02-24T16:54:46","slug":"tira-gorduras-brilhante-em-spray-sonasol-500ml","status":"publish","type":"product","link":"https:\/\/www.ateti.pt\/loja\/produto\/tira-gorduras-brilhante-em-spray-sonasol-500ml\/","title":{"rendered":"Tira Gorduras Brilhante Sonasol 500mL"},"content":{"rendered":"<h5>Tira Gorduras Brilhante Sonasol<\/h5>\n<p>Quantidade: 500mL<\/p>\n<p>Tira Gorduras Brilhante Sonasol elimina eficazmente as manchas de gordura mais profundas e deixa a sua cozinha limpa e brilhante.<\/p>\n<p><strong>Modo de utiliza\u00e7\u00e3o:<\/strong><\/p>\n<p>Pulverize diretamente na superf\u00edcie a limpar e passe um pano ou esponja h\u00famidos para retirar o produto. Para superf\u00edcies mais delicadas, aplique o produto no pano ou esponja e limpe a superf\u00edcie desejada. Enxaguar com \u00e1gua se necess\u00e1rio. Para manchas, aplicar e deixar durante 5 minutos. Proceder \u00e0 lavagem regular.<\/p>\n<p><strong>Precau\u00e7\u00f5es:<\/strong><\/p>\n<p>N\u00e3o utilizar em pl\u00e1sticos LCDs. Para qualquer superf\u00edcie, recomendamos realizar sempre uma prova de resist\u00eancia numa \u00e1rea pouco vis\u00edvel. Se a manter inalterada e conservar o brilho, utilizar sem problema.<\/p>\n<p>Manter fora do alcance das crian\u00e7as.<\/p>\n<p>Veja mais em <a href=\"https:\/\/www.ateti.pt\/loja\/categoria\/higiene-e-limpeza\/limpeza\/\">Limpeza<\/a><\/p>\n","protected":false},"excerpt":{"rendered":"<p>5.32\u20ac\/lt<\/p>\n","protected":false},"featured_media":57517,"comment_status":"closed","ping_status":"closed","template":"","meta":{"_themeisle_gutenberg_block_has_review":false},"product_brand":[],"product_cat":[209,190,204],"product_tag":[],"woo-feed-brand":[],"class_list":{"0":"post-15290","1":"product","2":"type-product","3":"status-publish","4":"has-post-thumbnail","6":"product_cat-cozinha","7":"product_cat-desinfetantes-e-limpeza","8":"product_cat-limpeza","9":"ts_product_brand-sonasol","11":"first","12":"outofstock","13":"taxable","14":"shipping-taxable","15":"purchasable","16":"product-type-simple"},"_links":{"self":[{"href":"https:\/\/www.ateti.pt\/loja\/wp-json\/wp\/v2\/product\/15290","targetHints":{"allow":["GET"]}}],"collection":[{"href":"https:\/\/www.ateti.pt\/loja\/wp-json\/wp\/v2\/product"}],"about":[{"href":"https:\/\/www.ateti.pt\/loja\/wp-json\/wp\/v2\/types\/product"}],"replies":[{"embeddable":true,"href":"https:\/\/www.ateti.pt\/loja\/wp-json\/wp\/v2\/comments?post=15290"}],"wp:featuredmedia":[{"embeddable":true,"href":"https:\/\/www.ateti.pt\/loja\/wp-json\/wp\/v2\/media\/57517"}],"wp:attachment":[{"href":"https:\/\/www.ateti.pt\/loja\/wp-json\/wp\/v2\/media?parent=15290"}],"wp:term":[{"taxonomy":"product_brand","embeddable":true,"href":"https:\/\/www.ateti.pt\/loja\/wp-json\/wp\/v2\/product_brand?post=15290"},{"taxonomy":"product_cat","embeddable":true,"href":"https:\/\/www.ateti.pt\/loja\/wp-json\/wp\/v2\/product_cat?post=15290"},{"taxonomy":"product_tag","embeddable":true,"href":"https:\/\/www.ateti.pt\/loja\/wp-json\/wp\/v2\/product_tag?post=15290"},{"taxonomy":"woo-feed-brand","embeddable":true,"href":"https:\/\/www.ateti.pt\/loja\/wp-json\/wp\/v2\/woo-feed-brand?post=15290"}],"curies":[{"name":"wp","href":"https:\/\/api.w.org\/{rel}","templated":true}]}}