{"id":15275,"date":"2021-04-28T10:20:01","date_gmt":"2021-04-28T09:20:01","guid":{"rendered":"https:\/\/www.ateti.pt\/loja\/?post_type=product&#038;p=15275"},"modified":"2026-02-20T15:24:18","modified_gmt":"2026-02-20T15:24:18","slug":"anti-calcario-perfect-finish-435ml-cif","status":"publish","type":"product","link":"https:\/\/www.ateti.pt\/loja\/produto\/anti-calcario-perfect-finish-435ml-cif\/","title":{"rendered":"Anti Calc\u00e1rio Perfect Finish 435ml Cif"},"content":{"rendered":"<h5>Anti Calc\u00e1rio Perfect Finish Cif<\/h5>\n<p>Quantidade: 435ml<\/p>\n<p><strong>Curiosidade:<\/strong><\/p>\n<p>Desde sempre que a preocupa\u00e7\u00e3o com o resultado final, tem sido a constante da marca Cif. Com conhecimento profundo da sujidade e das superf\u00edcies, desenvolve os melhores produtos de limpeza, para os consumidores mais exigentes.<\/p>\n<p>Dentro do universo dos detergentes, Cif apresenta uma gama bastante alargada e diversificada, capaz de responder \u00e0s mais variadas necessidades dos consumidores, estando por isso presente em v\u00e1rios segmentos.<\/p>\n<p>Um dos segmento \u00e9 o de Sprays com o Cif Spray Casa de Banho, o Cif Spray Cozinha, o Cif Spray Limpa Vidros e o Cif Spray activo com Lix\u00edvia. Da gama Basic fazem parte os sprays Ultra desengordurante e Casa de Banho e para terminar temos os Cif Sprays Inox e Limpa Fornos.<\/p>\n<p>Veja mais em <a href=\"https:\/\/www.ateti.pt\/loja\/categoria\/higiene-e-limpeza\/limpeza\/cozinha\/\">Cozinha<\/a><\/p>\n<p>&nbsp;<\/p>\n","protected":false},"excerpt":{"rendered":"<p>8.94\u20ac\/lt<\/p>\n","protected":false},"featured_media":56869,"comment_status":"closed","ping_status":"closed","template":"","meta":{"_themeisle_gutenberg_block_has_review":false},"product_brand":[],"product_cat":[210,190,204],"product_tag":[],"woo-feed-brand":[],"class_list":{"0":"post-15275","1":"product","2":"type-product","3":"status-publish","4":"has-post-thumbnail","6":"product_cat-casa-de-banho","7":"product_cat-desinfetantes-e-limpeza","8":"product_cat-limpeza","9":"ts_product_brand-cif","11":"first","12":"instock","13":"taxable","14":"shipping-taxable","15":"purchasable","16":"product-type-simple"},"_links":{"self":[{"href":"https:\/\/www.ateti.pt\/loja\/wp-json\/wp\/v2\/product\/15275","targetHints":{"allow":["GET"]}}],"collection":[{"href":"https:\/\/www.ateti.pt\/loja\/wp-json\/wp\/v2\/product"}],"about":[{"href":"https:\/\/www.ateti.pt\/loja\/wp-json\/wp\/v2\/types\/product"}],"replies":[{"embeddable":true,"href":"https:\/\/www.ateti.pt\/loja\/wp-json\/wp\/v2\/comments?post=15275"}],"wp:featuredmedia":[{"embeddable":true,"href":"https:\/\/www.ateti.pt\/loja\/wp-json\/wp\/v2\/media\/56869"}],"wp:attachment":[{"href":"https:\/\/www.ateti.pt\/loja\/wp-json\/wp\/v2\/media?parent=15275"}],"wp:term":[{"taxonomy":"product_brand","embeddable":true,"href":"https:\/\/www.ateti.pt\/loja\/wp-json\/wp\/v2\/product_brand?post=15275"},{"taxonomy":"product_cat","embeddable":true,"href":"https:\/\/www.ateti.pt\/loja\/wp-json\/wp\/v2\/product_cat?post=15275"},{"taxonomy":"product_tag","embeddable":true,"href":"https:\/\/www.ateti.pt\/loja\/wp-json\/wp\/v2\/product_tag?post=15275"},{"taxonomy":"woo-feed-brand","embeddable":true,"href":"https:\/\/www.ateti.pt\/loja\/wp-json\/wp\/v2\/woo-feed-brand?post=15275"}],"curies":[{"name":"wp","href":"https:\/\/api.w.org\/{rel}","templated":true}]}}