{"id":15271,"date":"2020-04-28T18:38:49","date_gmt":"2020-04-28T17:38:49","guid":{"rendered":"https:\/\/www.ateti.pt\/loja\/?post_type=product&#038;p=15271"},"modified":"2026-02-18T14:56:05","modified_gmt":"2026-02-18T14:56:05","slug":"saco-de-lixo-vileda-ecobag-limao","status":"publish","type":"product","link":"https:\/\/www.ateti.pt\/loja\/produto\/saco-de-lixo-vileda-ecobag-limao\/","title":{"rendered":"Saco Lixo Ecobag Lim\u00e3o 50L 10un Vileda"},"content":{"rendered":"<h5>Saco de Lixo Ecobag Lim\u00e3o Vileda<\/h5>\n<p><strong>Quantidade:\u00a0<\/strong>10un.<\/p>\n<p>Os sacos do lixo Ecobag pertencem \u00e0 gama mais b\u00e1sica e econ\u00f3mica da Vileda. Estes sacos para o lixo s\u00e3o resistentes ao rasgar e perfurar, com sistema anti pingos e tamb\u00e9m fecho f\u00e1cil, para que a sua utiliza\u00e7\u00e3o seja c\u00f3moda e f\u00e1cil.<\/p>\n<h4>1. Camada tripla<\/h4>\n<p>Com 3 camadas de materiais de alta e baixa densidade e materiais mais espessos s\u00e3o por isso mais resistentes.<\/p>\n<h4>2. Sistema Anti Pingos<\/h4>\n<p>O sistema anti pingos dos Vileda Ecobag \u00e9 conseguido devido \u00e0 aus\u00eancia de selagem inferior. Evita o derrame de l\u00edquidos.<\/p>\n<h4>3. Fecho f\u00e1cil para maior comodidade<\/h4>\n<p>Sacos do lixo refor\u00e7ados e com fecho f\u00e1cil para maior comodidade. Evitam o contato com o lixo e facilitam o transporte.<\/p>\n<p>O saco do lixo Ecobag tem capacidade de 20L, 30L e 50L Sendo ideal para ser usado em baldes do lixo de cozinha.<\/p>\n<p>Este saco do lixo pertence \u00e0 gama Ecobag, a gama de sacos do lixo mais econ\u00f3mica da Vileda. Com 3 camadas de materiais de alta e baixa densidade,\u00a0<strong>estes sacos do lixo s\u00e3o mais resistentes e menos propensos a serem rasgados e perfurados<\/strong>.\u00a0 Os materiais de alta densidade fazem com que os sacos sejam mais resistentes ao rasgar, enquanto que os materiais de baixa densidade fazem com que os sacos sejam mais resistentes ao perfurar. Evitando, desta forma, que o saco perfure quando deitamos algum produto mais agu\u00e7ado no lixo, ou que este se rasgue quando o retiramos do balde.<\/p>\n<p>Estes sacos do lixo t\u00eam:<\/p>\n<ul>\n<li>Fecho-f\u00e1cil, basta puxar os atilhos dispon\u00edveis para um transporte mais f\u00e1cil<\/li>\n<li>Sistema Anti-Pingos, devido \u00e0 soldadura lateral, para que o saco n\u00e3o verta l\u00edquidos para o seu balde.<\/li>\n<\/ul>\n<p>&nbsp;<\/p>\n<p>Veja mais em <a href=\"https:\/\/www.ateti.pt\/loja\/categoria\/higiene-e-limpeza\/acessorios-de-cozinha-casa-de-banho\/\">Acess\u00f3rios de Cozinha<\/a><\/p>\n","protected":false},"excerpt":{"rendered":"<p>0.28\u20ac\/un<\/p>\n","protected":false},"featured_media":78975,"comment_status":"closed","ping_status":"closed","template":"","meta":{"_themeisle_gutenberg_block_has_review":false},"product_brand":[],"product_cat":[192,190],"product_tag":[],"woo-feed-brand":[],"class_list":{"0":"post-15271","1":"product","2":"type-product","3":"status-publish","4":"has-post-thumbnail","6":"product_cat-acessorios-de-cozinha-casa-de-banho","7":"product_cat-desinfetantes-e-limpeza","8":"ts_product_brand-vileda","10":"first","11":"instock","12":"taxable","13":"shipping-taxable","14":"purchasable","15":"product-type-simple"},"_links":{"self":[{"href":"https:\/\/www.ateti.pt\/loja\/wp-json\/wp\/v2\/product\/15271","targetHints":{"allow":["GET"]}}],"collection":[{"href":"https:\/\/www.ateti.pt\/loja\/wp-json\/wp\/v2\/product"}],"about":[{"href":"https:\/\/www.ateti.pt\/loja\/wp-json\/wp\/v2\/types\/product"}],"replies":[{"embeddable":true,"href":"https:\/\/www.ateti.pt\/loja\/wp-json\/wp\/v2\/comments?post=15271"}],"wp:featuredmedia":[{"embeddable":true,"href":"https:\/\/www.ateti.pt\/loja\/wp-json\/wp\/v2\/media\/78975"}],"wp:attachment":[{"href":"https:\/\/www.ateti.pt\/loja\/wp-json\/wp\/v2\/media?parent=15271"}],"wp:term":[{"taxonomy":"product_brand","embeddable":true,"href":"https:\/\/www.ateti.pt\/loja\/wp-json\/wp\/v2\/product_brand?post=15271"},{"taxonomy":"product_cat","embeddable":true,"href":"https:\/\/www.ateti.pt\/loja\/wp-json\/wp\/v2\/product_cat?post=15271"},{"taxonomy":"product_tag","embeddable":true,"href":"https:\/\/www.ateti.pt\/loja\/wp-json\/wp\/v2\/product_tag?post=15271"},{"taxonomy":"woo-feed-brand","embeddable":true,"href":"https:\/\/www.ateti.pt\/loja\/wp-json\/wp\/v2\/woo-feed-brand?post=15271"}],"curies":[{"name":"wp","href":"https:\/\/api.w.org\/{rel}","templated":true}]}}