{"id":15263,"date":"2020-04-28T18:28:50","date_gmt":"2020-04-28T17:28:50","guid":{"rendered":"https:\/\/www.ateti.pt\/loja\/?post_type=product&#038;p=15263"},"modified":"2026-02-25T07:43:07","modified_gmt":"2026-02-25T07:43:07","slug":"bravo-desengordurante-6-un","status":"publish","type":"product","link":"https:\/\/www.ateti.pt\/loja\/produto\/bravo-desengordurante-6-un\/","title":{"rendered":"Esfreg\u00e3o Bravo Desengordurante 6un."},"content":{"rendered":"<p>Esfreg\u00e3o Bravo Desengordurante<\/p>\n<p>Quantidade: 6un.<\/p>\n<p><b>Utiliza\u00e7\u00e3o: <\/b>Para manter o poder desengordurante de Bravo, utilize-o seco, molhando apenas a loi\u00e7a ou superf\u00edcie a limpar.<\/p>\n<p><strong>Benef\u00edcios: <\/strong>Esfreg\u00e3o Super Desengordurante impregnado com um poderoso sab\u00e3o de ac\u00e7\u00e3o penetrante que deixa toda a loi\u00e7a Super Brilhante.<\/p>\n<p><strong>Precau\u00e7\u00f5es: <\/strong>Manter fora do alcance das crian\u00e7as. Provoca irrita\u00e7\u00e3o ocular grave. Se entrar em contacto com os olhos, enxaguar cuidadosamente com \u00e1gua durante v\u00e1rios minutos. Caso a irrita\u00e7\u00e3o persista: consulte um m\u00e9dico.<\/p>\n<p>Veja mais em <a href=\"https:\/\/www.ateti.pt\/loja\/categoria\/higiene-e-limpeza\/limpeza\/\">Higiene e Limpeza<\/a><\/p>\n","protected":false},"excerpt":{"rendered":"<p>0.17\u20ac\/un.<\/p>\n","protected":false},"featured_media":57513,"comment_status":"closed","ping_status":"closed","template":"","meta":{"_themeisle_gutenberg_block_has_review":false},"product_brand":[],"product_cat":[209,190,204],"product_tag":[],"woo-feed-brand":[],"class_list":{"0":"post-15263","1":"product","2":"type-product","3":"status-publish","4":"has-post-thumbnail","6":"product_cat-cozinha","7":"product_cat-desinfetantes-e-limpeza","8":"product_cat-limpeza","9":"ts_product_brand-bravo","11":"first","12":"instock","13":"taxable","14":"shipping-taxable","15":"purchasable","16":"product-type-simple"},"_links":{"self":[{"href":"https:\/\/www.ateti.pt\/loja\/wp-json\/wp\/v2\/product\/15263","targetHints":{"allow":["GET"]}}],"collection":[{"href":"https:\/\/www.ateti.pt\/loja\/wp-json\/wp\/v2\/product"}],"about":[{"href":"https:\/\/www.ateti.pt\/loja\/wp-json\/wp\/v2\/types\/product"}],"replies":[{"embeddable":true,"href":"https:\/\/www.ateti.pt\/loja\/wp-json\/wp\/v2\/comments?post=15263"}],"wp:featuredmedia":[{"embeddable":true,"href":"https:\/\/www.ateti.pt\/loja\/wp-json\/wp\/v2\/media\/57513"}],"wp:attachment":[{"href":"https:\/\/www.ateti.pt\/loja\/wp-json\/wp\/v2\/media?parent=15263"}],"wp:term":[{"taxonomy":"product_brand","embeddable":true,"href":"https:\/\/www.ateti.pt\/loja\/wp-json\/wp\/v2\/product_brand?post=15263"},{"taxonomy":"product_cat","embeddable":true,"href":"https:\/\/www.ateti.pt\/loja\/wp-json\/wp\/v2\/product_cat?post=15263"},{"taxonomy":"product_tag","embeddable":true,"href":"https:\/\/www.ateti.pt\/loja\/wp-json\/wp\/v2\/product_tag?post=15263"},{"taxonomy":"woo-feed-brand","embeddable":true,"href":"https:\/\/www.ateti.pt\/loja\/wp-json\/wp\/v2\/woo-feed-brand?post=15263"}],"curies":[{"name":"wp","href":"https:\/\/api.w.org\/{rel}","templated":true}]}}