{"id":15243,"date":"2022-04-28T18:05:46","date_gmt":"2022-04-28T17:05:46","guid":{"rendered":"https:\/\/www.ateti.pt\/loja\/?post_type=product&#038;p=15243"},"modified":"2026-02-18T16:56:42","modified_gmt":"2026-02-18T16:56:42","slug":"limpa-vidros-cristal-com-amonio-anti-embaciamento-500ml","status":"publish","type":"product","link":"https:\/\/www.ateti.pt\/loja\/produto\/limpa-vidros-cristal-com-amonio-anti-embaciamento-500ml\/","title":{"rendered":"Limpa Vidros Cristal Com Am\u00f3nio Anti Embaciamento 500ml Ajax"},"content":{"rendered":"<p><strong>Limpa Vidros Anti Embaciamento Ajax<\/strong><\/p>\n<p><strong>Quantidade:<\/strong> 500ml<\/p>\n<p>Descubra a efic\u00e1cia de Ajax Limpa Vidros Cristal Anti Embaciamento.<\/p>\n<p><strong>Modo de utiliza\u00e7\u00e3o:<\/strong><\/p>\n<p>-Colocar a pistola na posi\u00e7\u00e3o de pulveriza\u00e7\u00e3o;<\/p>\n<p>-Para vidros e espelhos pulverizar na vertical;<\/p>\n<p>-Para superf\u00edcies lacadas, limpar com um pano h\u00famido<\/p>\n<p>-Limpar com um pano macio<\/p>\n<p><strong>Precau\u00e7\u00f5es:<\/strong><\/p>\n<p>Manter fora do alcance das crian\u00e7as. N\u00e3o ingerir. Se entrar em contacto com os olhos: enxaguar cuidadosamente com \u00e1gua durante alguns minutos. Se usar lentes de contacto, retire-as, se lhe for poss\u00edvel.<\/p>\n<p>Veja mais em <a href=\"https:\/\/www.ateti.pt\/loja\/categoria\/higiene-e-limpeza\/limpeza\/diversos-limpeza\/\">Diversos<\/a><\/p>\n","protected":false},"excerpt":{"rendered":"<p>5,80\u20ac\/l<\/p>\n","protected":false},"featured_media":56756,"comment_status":"closed","ping_status":"closed","template":"","meta":{"_themeisle_gutenberg_block_has_review":false},"product_brand":[],"product_cat":[190,233,204],"product_tag":[],"woo-feed-brand":[],"class_list":{"0":"post-15243","1":"product","2":"type-product","3":"status-publish","4":"has-post-thumbnail","6":"product_cat-desinfetantes-e-limpeza","7":"product_cat-diversos-limpeza","8":"product_cat-limpeza","9":"ts_product_brand-ajax","11":"first","12":"instock","13":"taxable","14":"shipping-taxable","15":"purchasable","16":"product-type-simple"},"_links":{"self":[{"href":"https:\/\/www.ateti.pt\/loja\/wp-json\/wp\/v2\/product\/15243","targetHints":{"allow":["GET"]}}],"collection":[{"href":"https:\/\/www.ateti.pt\/loja\/wp-json\/wp\/v2\/product"}],"about":[{"href":"https:\/\/www.ateti.pt\/loja\/wp-json\/wp\/v2\/types\/product"}],"replies":[{"embeddable":true,"href":"https:\/\/www.ateti.pt\/loja\/wp-json\/wp\/v2\/comments?post=15243"}],"wp:featuredmedia":[{"embeddable":true,"href":"https:\/\/www.ateti.pt\/loja\/wp-json\/wp\/v2\/media\/56756"}],"wp:attachment":[{"href":"https:\/\/www.ateti.pt\/loja\/wp-json\/wp\/v2\/media?parent=15243"}],"wp:term":[{"taxonomy":"product_brand","embeddable":true,"href":"https:\/\/www.ateti.pt\/loja\/wp-json\/wp\/v2\/product_brand?post=15243"},{"taxonomy":"product_cat","embeddable":true,"href":"https:\/\/www.ateti.pt\/loja\/wp-json\/wp\/v2\/product_cat?post=15243"},{"taxonomy":"product_tag","embeddable":true,"href":"https:\/\/www.ateti.pt\/loja\/wp-json\/wp\/v2\/product_tag?post=15243"},{"taxonomy":"woo-feed-brand","embeddable":true,"href":"https:\/\/www.ateti.pt\/loja\/wp-json\/wp\/v2\/woo-feed-brand?post=15243"}],"curies":[{"name":"wp","href":"https:\/\/api.w.org\/{rel}","templated":true}]}}