{"id":15228,"date":"2020-04-28T17:16:55","date_gmt":"2020-04-28T16:16:55","guid":{"rendered":"https:\/\/www.ateti.pt\/loja\/?post_type=product&#038;p=15228"},"modified":"2026-03-25T12:50:43","modified_gmt":"2026-03-25T12:50:43","slug":"sonasol-brilhante-universal-1-1lt","status":"publish","type":"product","link":"https:\/\/www.ateti.pt\/loja\/produto\/sonasol-brilhante-universal-1-1lt\/","title":{"rendered":"Sonasol Brilhante Universal 1100mL"},"content":{"rendered":"<h5>Sonasol Brilhante Universal<\/h5>\n<h5>Descri\u00e7\u00e3o:<\/h5>\n<p>Sonasol Brilhante Universal \u00e9 o lava-tudo ideal para a limpeza de todas as superf\u00edcies lav\u00e1veis, como azulejos ou m\u00e1rmores. Garante uma secagem ultra r\u00e1pida para uma limpeza brilhante numa s\u00f3 passagem. Gra\u00e7as \u00e0 sua f\u00f3rmula inovadora, proporciona uma limpeza perfeita e repara gradualmente as fissuras e o desgaste respons\u00e1veis pela perda de brilho nas superf\u00edcies. Consiga 100% mais brilho instant\u00e2neo desde a primeira passagem.<\/p>\n<h5>Principais benef\u00edcios:<\/h5>\n<ul>\n<li>Efeito reparador: repara gradualmente as fissuras e o desgaste<\/li>\n<li>100% mais brilho<\/li>\n<li>Secagem ultra r\u00e1pida, sem enxaguar.<\/li>\n<\/ul>\n<h5>CONSELHOS DE UTILIZA\u00c7\u00c3O:<\/h5>\n<p><strong>USO DILU\u00cdDO:<\/strong>\u00a0Diluir 2 tampas de produto num balde de \u00e1gua (8L).<\/p>\n<p><b>USO DIRETO:<\/b>\u00a0Aplicar o produto num pano e limpar a superf\u00edcie desejada.<\/p>\n<p>Quantidade: 1100mL<\/p>\n<p>Encontre aqui mais produtos de <a href=\"https:\/\/www.ateti.pt\/loja\/categoria\/higiene-e-limpeza\/limpeza\/\">Limpeza<\/a>.<\/p>\n","protected":false},"excerpt":{"rendered":"<p>2.35\u20ac\/lt<\/p>\n","protected":false},"featured_media":61214,"comment_status":"closed","ping_status":"closed","template":"","meta":{"_themeisle_gutenberg_block_has_review":false},"product_brand":[],"product_cat":[190,232,204],"product_tag":[],"woo-feed-brand":[],"class_list":{"0":"post-15228","1":"product","2":"type-product","3":"status-publish","4":"has-post-thumbnail","6":"product_cat-desinfetantes-e-limpeza","7":"product_cat-lava-tudo","8":"product_cat-limpeza","9":"ts_product_brand-sonasol","11":"first","12":"instock","13":"taxable","14":"shipping-taxable","15":"purchasable","16":"product-type-simple"},"_links":{"self":[{"href":"https:\/\/www.ateti.pt\/loja\/wp-json\/wp\/v2\/product\/15228","targetHints":{"allow":["GET"]}}],"collection":[{"href":"https:\/\/www.ateti.pt\/loja\/wp-json\/wp\/v2\/product"}],"about":[{"href":"https:\/\/www.ateti.pt\/loja\/wp-json\/wp\/v2\/types\/product"}],"replies":[{"embeddable":true,"href":"https:\/\/www.ateti.pt\/loja\/wp-json\/wp\/v2\/comments?post=15228"}],"wp:featuredmedia":[{"embeddable":true,"href":"https:\/\/www.ateti.pt\/loja\/wp-json\/wp\/v2\/media\/61214"}],"wp:attachment":[{"href":"https:\/\/www.ateti.pt\/loja\/wp-json\/wp\/v2\/media?parent=15228"}],"wp:term":[{"taxonomy":"product_brand","embeddable":true,"href":"https:\/\/www.ateti.pt\/loja\/wp-json\/wp\/v2\/product_brand?post=15228"},{"taxonomy":"product_cat","embeddable":true,"href":"https:\/\/www.ateti.pt\/loja\/wp-json\/wp\/v2\/product_cat?post=15228"},{"taxonomy":"product_tag","embeddable":true,"href":"https:\/\/www.ateti.pt\/loja\/wp-json\/wp\/v2\/product_tag?post=15228"},{"taxonomy":"woo-feed-brand","embeddable":true,"href":"https:\/\/www.ateti.pt\/loja\/wp-json\/wp\/v2\/woo-feed-brand?post=15228"}],"curies":[{"name":"wp","href":"https:\/\/api.w.org\/{rel}","templated":true}]}}