{"id":15226,"date":"2020-04-28T17:09:48","date_gmt":"2020-04-28T16:09:48","guid":{"rendered":"https:\/\/www.ateti.pt\/loja\/?post_type=product&#038;p=15226"},"modified":"2026-02-18T15:01:32","modified_gmt":"2026-02-18T15:01:32","slug":"sonasol-brilhante-madeiras-11lt","status":"publish","type":"product","link":"https:\/\/www.ateti.pt\/loja\/produto\/sonasol-brilhante-madeiras-11lt\/","title":{"rendered":"Sonasol Brilhante Madeiras 1100mL"},"content":{"rendered":"<p><strong>Sonasol Brilhante Madeiras 1100mL<\/strong><\/p>\n<p class=\"mb-20\">Sonasol brilhante madeiras \u00e9 o lava tudo ideal para a limpeza de todas as superf\u00edcies de madeira ou paquet. Garante uma secagem ultra r\u00e1pida para uma limpeza brilhante numa s\u00f3 passagem. Gra\u00e7as \u00e0 sua f\u00f3rmula inovadora, proporciona uma limpeza perfeita e repara gradualmente as fissuras e o desgaste, que s\u00e3o respons\u00e1veis pela perda de brilho das superf\u00edcies. Al\u00e9m disso, a sua f\u00f3rmula, com pH neutro de r\u00e1pida evapora\u00e7\u00e3o, evita que a humidade danifique a madeira.<\/p>\n<p><strong>Quantidade:<\/strong> 1100mL<\/p>\n","protected":false},"excerpt":{"rendered":"<p>2.35\u20ac\/l<\/p>\n","protected":false},"featured_media":61215,"comment_status":"closed","ping_status":"closed","template":"","meta":{"_themeisle_gutenberg_block_has_review":false},"product_brand":[],"product_cat":[190,232,204],"product_tag":[],"woo-feed-brand":[],"class_list":{"0":"post-15226","1":"product","2":"type-product","3":"status-publish","4":"has-post-thumbnail","6":"product_cat-desinfetantes-e-limpeza","7":"product_cat-lava-tudo","8":"product_cat-limpeza","9":"ts_product_brand-sonasol","11":"first","12":"instock","13":"taxable","14":"shipping-taxable","15":"purchasable","16":"product-type-simple"},"_links":{"self":[{"href":"https:\/\/www.ateti.pt\/loja\/wp-json\/wp\/v2\/product\/15226","targetHints":{"allow":["GET"]}}],"collection":[{"href":"https:\/\/www.ateti.pt\/loja\/wp-json\/wp\/v2\/product"}],"about":[{"href":"https:\/\/www.ateti.pt\/loja\/wp-json\/wp\/v2\/types\/product"}],"replies":[{"embeddable":true,"href":"https:\/\/www.ateti.pt\/loja\/wp-json\/wp\/v2\/comments?post=15226"}],"wp:featuredmedia":[{"embeddable":true,"href":"https:\/\/www.ateti.pt\/loja\/wp-json\/wp\/v2\/media\/61215"}],"wp:attachment":[{"href":"https:\/\/www.ateti.pt\/loja\/wp-json\/wp\/v2\/media?parent=15226"}],"wp:term":[{"taxonomy":"product_brand","embeddable":true,"href":"https:\/\/www.ateti.pt\/loja\/wp-json\/wp\/v2\/product_brand?post=15226"},{"taxonomy":"product_cat","embeddable":true,"href":"https:\/\/www.ateti.pt\/loja\/wp-json\/wp\/v2\/product_cat?post=15226"},{"taxonomy":"product_tag","embeddable":true,"href":"https:\/\/www.ateti.pt\/loja\/wp-json\/wp\/v2\/product_tag?post=15226"},{"taxonomy":"woo-feed-brand","embeddable":true,"href":"https:\/\/www.ateti.pt\/loja\/wp-json\/wp\/v2\/woo-feed-brand?post=15226"}],"curies":[{"name":"wp","href":"https:\/\/api.w.org\/{rel}","templated":true}]}}