{"id":15192,"date":"2020-04-28T16:31:35","date_gmt":"2020-04-28T15:31:35","guid":{"rendered":"https:\/\/www.ateti.pt\/loja\/?post_type=product&#038;p=15192"},"modified":"2026-02-24T10:23:05","modified_gmt":"2026-02-24T10:23:05","slug":"solucao-higienizante-70-hidroalcoolica-actoner","status":"publish","type":"product","link":"https:\/\/www.ateti.pt\/loja\/produto\/solucao-higienizante-70-hidroalcoolica-actoner\/","title":{"rendered":"Solu\u00e7\u00e3o Higienizante 70% Hidroalco\u00f3lica Actoner 800mL"},"content":{"rendered":"<h5>Solu\u00e7\u00e3o Higienizante 70% Hidroalco\u00f3lica Actoner<\/h5>\n<p>Quantidade: 800mL<\/p>\n<p>Gel desinfetante para as m\u00e3os para evitar a propaga\u00e7\u00e3o de bact\u00e9rias e v\u00edrus contagiosos. Para uso di\u00e1rio.<\/p>\n<p><strong>Actoner Solu\u00e7\u00e3o Hidroalco\u00f3lica Higienizante<\/strong>\u00a0\u00e9 uma \u00f3ptima solu\u00e7\u00e3o para a higiene das m\u00e3os.<\/p>\n<p><strong>Caracter\u00edsticas:<\/strong><\/p>\n<ul>\n<li>Conte\u00fado em \u00e1lcool 70%p\/p<\/li>\n<li>Com glicerina vegetal hidratante<\/li>\n<li>Perfume c\u00edtrico<\/li>\n<li>Ingredientes: Alcohol Denat; Glycerin; Aqua; Parfum: Linalool, Limonene; Butylphenyl Methylpropional, Benzyl Alcohol; Citral.<\/li>\n<\/ul>\n<p><strong>Conselhos de utiliza\u00e7\u00e3o:<\/strong><\/p>\n<p>Aplicar o produto sobre as m\u00e3os secas e espalhar at\u00e9 \u00e0 sua completa absor\u00e7\u00e3o.<\/p>\n<p>Veja mais em <a href=\"https:\/\/www.ateti.pt\/loja\/categoria\/higiene-e-limpeza\/desinfetantes\/\">Desinfetantes<\/a><\/p>\n","protected":false},"excerpt":{"rendered":"<p>9.86\u20ac\/lt<\/p>\n","protected":false},"featured_media":60612,"comment_status":"closed","ping_status":"closed","template":"","meta":{"_themeisle_gutenberg_block_has_review":false},"product_brand":[],"product_cat":[203,212,243,224,190],"product_tag":[],"woo-feed-brand":[],"class_list":{"0":"post-15192","1":"product","2":"type-product","3":"status-publish","4":"has-post-thumbnail","6":"product_cat-beleza-e-higiene","7":"product_cat-corpo","8":"product_cat-covid-19","9":"product_cat-desinfetantes","10":"product_cat-desinfetantes-e-limpeza","11":"ts_product_brand-actoner","13":"first","14":"instock","15":"taxable","16":"shipping-taxable","17":"purchasable","18":"product-type-simple"},"_links":{"self":[{"href":"https:\/\/www.ateti.pt\/loja\/wp-json\/wp\/v2\/product\/15192","targetHints":{"allow":["GET"]}}],"collection":[{"href":"https:\/\/www.ateti.pt\/loja\/wp-json\/wp\/v2\/product"}],"about":[{"href":"https:\/\/www.ateti.pt\/loja\/wp-json\/wp\/v2\/types\/product"}],"replies":[{"embeddable":true,"href":"https:\/\/www.ateti.pt\/loja\/wp-json\/wp\/v2\/comments?post=15192"}],"wp:featuredmedia":[{"embeddable":true,"href":"https:\/\/www.ateti.pt\/loja\/wp-json\/wp\/v2\/media\/60612"}],"wp:attachment":[{"href":"https:\/\/www.ateti.pt\/loja\/wp-json\/wp\/v2\/media?parent=15192"}],"wp:term":[{"taxonomy":"product_brand","embeddable":true,"href":"https:\/\/www.ateti.pt\/loja\/wp-json\/wp\/v2\/product_brand?post=15192"},{"taxonomy":"product_cat","embeddable":true,"href":"https:\/\/www.ateti.pt\/loja\/wp-json\/wp\/v2\/product_cat?post=15192"},{"taxonomy":"product_tag","embeddable":true,"href":"https:\/\/www.ateti.pt\/loja\/wp-json\/wp\/v2\/product_tag?post=15192"},{"taxonomy":"woo-feed-brand","embeddable":true,"href":"https:\/\/www.ateti.pt\/loja\/wp-json\/wp\/v2\/woo-feed-brand?post=15192"}],"curies":[{"name":"wp","href":"https:\/\/api.w.org\/{rel}","templated":true}]}}