{"id":15186,"date":"2021-08-24T08:46:19","date_gmt":"2021-08-24T07:46:19","guid":{"rendered":"https:\/\/www.ateti.pt\/loja\/?post_type=product&#038;p=15186"},"modified":"2024-02-06T16:57:28","modified_gmt":"2024-02-06T16:57:28","slug":"napolitana-de-chocolate-dulca-6-un","status":"publish","type":"product","link":"https:\/\/www.ateti.pt\/loja\/produto\/napolitana-de-chocolate-dulca-6-un\/","title":{"rendered":"Napolitana de Chocolate Schoko Brotchen Dulca 6un."},"content":{"rendered":"<p><strong>Napolitana de Chocolate Dulca<\/strong><\/p>\n<p>Quantidade: 6un.<\/p>\n<p>Napolitana com creme de cacau.<\/p>\n<p><strong>Ingredientes:<\/strong> farinha de trigo, \u00e1gua, a\u00e7ucar, margarina (\u00f3leos e gorduras vegetais (palma, coco, girassol), \u00e1gua, emulsionante (E471, lecitina), acidulante (E330)), fermento, gl\u00faten de trigo, sal, emulsionantes (E471, E472e), lactose, espessante (E415), fibra de trigo, acidulante (E330), antioxidante (E300), aroma, conservantes (E200, E282), colora\u00e7\u00e3o (160a) e ovos. Creme de cacau (14%): a\u00e7ucar, gordura vegetal (coco, palma) em por\u00e7\u00f5es vari\u00e1veis, cacau em p\u00f3 desengordurado (8%), amido modificado, gordura vegetal (girassol), emulsionante (lecitina de soja) e aroma. Cont\u00e9m gl\u00faten, leite, soja e ovos. Pode conter vest\u00edgios de ovos e nozes.<\/p>\n<p><strong>Declara\u00e7\u00e3o Nutricional (por 100g):<\/strong> Energia:1785kj\/427kcal; L\u00edpidos: 21,5g; dos quais Saturados: 10,04g; Hidratos de Carbono: 48,9g; dos quais A\u00e7ucares: 18,4g; Prote\u00edna: 7,4g; Fibra:4g; sal: 0,75g.<\/p>\n<p>Veja mais em <a href=\"https:\/\/www.ateti.pt\/loja\/categoria\/mercearia\/chocolates-biscoitos-e-cereais\/pequeno-almoco-e-cereais\/\">Pequeno Almo\u00e7o e Cereais<\/a><\/p>\n","protected":false},"excerpt":{"rendered":"<p>0.39\u20ac\/un.<\/p>\n","protected":false},"featured_media":35089,"comment_status":"closed","ping_status":"closed","template":"","meta":{"_themeisle_gutenberg_block_has_review":false},"product_brand":[],"product_cat":[144,132,145],"product_tag":[],"woo-feed-brand":[],"class_list":{"0":"post-15186","1":"product","2":"type-product","3":"status-publish","4":"has-post-thumbnail","6":"product_cat-chocolates-biscoitos-e-cereais","7":"product_cat-mercearia","8":"product_cat-pequeno-almoco-e-cereais","9":"ts_product_brand-dulca","11":"first","12":"instock","13":"taxable","14":"shipping-taxable","15":"purchasable","16":"product-type-simple"},"_links":{"self":[{"href":"https:\/\/www.ateti.pt\/loja\/wp-json\/wp\/v2\/product\/15186","targetHints":{"allow":["GET"]}}],"collection":[{"href":"https:\/\/www.ateti.pt\/loja\/wp-json\/wp\/v2\/product"}],"about":[{"href":"https:\/\/www.ateti.pt\/loja\/wp-json\/wp\/v2\/types\/product"}],"replies":[{"embeddable":true,"href":"https:\/\/www.ateti.pt\/loja\/wp-json\/wp\/v2\/comments?post=15186"}],"wp:featuredmedia":[{"embeddable":true,"href":"https:\/\/www.ateti.pt\/loja\/wp-json\/wp\/v2\/media\/35089"}],"wp:attachment":[{"href":"https:\/\/www.ateti.pt\/loja\/wp-json\/wp\/v2\/media?parent=15186"}],"wp:term":[{"taxonomy":"product_brand","embeddable":true,"href":"https:\/\/www.ateti.pt\/loja\/wp-json\/wp\/v2\/product_brand?post=15186"},{"taxonomy":"product_cat","embeddable":true,"href":"https:\/\/www.ateti.pt\/loja\/wp-json\/wp\/v2\/product_cat?post=15186"},{"taxonomy":"product_tag","embeddable":true,"href":"https:\/\/www.ateti.pt\/loja\/wp-json\/wp\/v2\/product_tag?post=15186"},{"taxonomy":"woo-feed-brand","embeddable":true,"href":"https:\/\/www.ateti.pt\/loja\/wp-json\/wp\/v2\/woo-feed-brand?post=15186"}],"curies":[{"name":"wp","href":"https:\/\/api.w.org\/{rel}","templated":true}]}}