{"id":15183,"date":"2020-04-28T15:42:38","date_gmt":"2020-04-28T15:42:38","guid":{"rendered":"https:\/\/www.ateti.pt\/loja\/?post_type=product&#038;p=15183"},"modified":"2024-02-19T12:15:44","modified_gmt":"2024-02-19T12:15:44","slug":"pao-de-leite-com-pepitas-de-chocolate-8-un","status":"publish","type":"product","link":"https:\/\/www.ateti.pt\/loja\/produto\/pao-de-leite-com-pepitas-de-chocolate-8-un\/","title":{"rendered":"P\u00e3o de Leite com Pepitas de Chocolate Dulca 8un"},"content":{"rendered":"<p><strong>P\u00e3o de Leite com Pepitas de Chocolate Dulca<\/strong><\/p>\n<p><strong>Ingredientes:<\/strong> Farinha de trigo, \u00e1gua, ovos, margarina (\u00f3leos e gorduras vegetais (palma, coco, girassol), \u00e1gua, emulsionantes (E471, lecitina, acidulante: E330), a\u00e7ucar, \u00f3leo de girassol, fermento, fibra de trigo, sal, gl\u00faten de trigo, leite em p\u00f3, umectante (sorbitol), emulsionantes (E471, E481), espessante (E466, goma de celulose), antioxidante (E300), conservantes (E200, E282) e aroma. Pepitas de chocolate (15%): a\u00e7ucar, cacau, dextrose, manteiga de cacau, emulsionante (lecitina de soja). Cont\u00e9m gl\u00faten, ovos, leite e soja. Pode conter tra\u00e7os de nozes.<\/p>\n<p><strong>Declara\u00e7\u00e3o Nutricional (por 100g):<\/strong> Energia: 1587kj\/378kcal; L\u00edpidos: 15,1g; dos quais Saturados: 6,3g; Hidartos de Carbono: 51,6g; dos quais A\u00e7ucares: 13,8g; Prote\u00edna: 8,9g; Fibra: 0,9g; Sal: 0,36g.<\/p>\n<p>Veja mais em <a href=\"https:\/\/www.ateti.pt\/loja\/categoria\/mercearia\/chocolates-biscoitos-e-cereais\/pequeno-almoco-e-cereais\/\">Pequeno Almo\u00e7o e Cereais<\/a><\/p>\n","protected":false},"excerpt":{"rendered":"<p>0.31\u20ac\/un<\/p>\n","protected":false},"featured_media":61578,"comment_status":"closed","ping_status":"closed","template":"","meta":{"_themeisle_gutenberg_block_has_review":false},"product_brand":[],"product_cat":[144,132,665,598,145],"product_tag":[],"woo-feed-brand":[],"class_list":{"0":"post-15183","1":"product","2":"type-product","3":"status-publish","4":"has-post-thumbnail","6":"product_cat-chocolates-biscoitos-e-cereais","7":"product_cat-mercearia","8":"product_cat-padaria","9":"product_cat-padaria-pastelaria","10":"product_cat-pequeno-almoco-e-cereais","11":"ts_product_brand-dulca","13":"first","14":"instock","15":"taxable","16":"shipping-taxable","17":"purchasable","18":"product-type-simple"},"_links":{"self":[{"href":"https:\/\/www.ateti.pt\/loja\/wp-json\/wp\/v2\/product\/15183","targetHints":{"allow":["GET"]}}],"collection":[{"href":"https:\/\/www.ateti.pt\/loja\/wp-json\/wp\/v2\/product"}],"about":[{"href":"https:\/\/www.ateti.pt\/loja\/wp-json\/wp\/v2\/types\/product"}],"replies":[{"embeddable":true,"href":"https:\/\/www.ateti.pt\/loja\/wp-json\/wp\/v2\/comments?post=15183"}],"wp:featuredmedia":[{"embeddable":true,"href":"https:\/\/www.ateti.pt\/loja\/wp-json\/wp\/v2\/media\/61578"}],"wp:attachment":[{"href":"https:\/\/www.ateti.pt\/loja\/wp-json\/wp\/v2\/media?parent=15183"}],"wp:term":[{"taxonomy":"product_brand","embeddable":true,"href":"https:\/\/www.ateti.pt\/loja\/wp-json\/wp\/v2\/product_brand?post=15183"},{"taxonomy":"product_cat","embeddable":true,"href":"https:\/\/www.ateti.pt\/loja\/wp-json\/wp\/v2\/product_cat?post=15183"},{"taxonomy":"product_tag","embeddable":true,"href":"https:\/\/www.ateti.pt\/loja\/wp-json\/wp\/v2\/product_tag?post=15183"},{"taxonomy":"woo-feed-brand","embeddable":true,"href":"https:\/\/www.ateti.pt\/loja\/wp-json\/wp\/v2\/woo-feed-brand?post=15183"}],"curies":[{"name":"wp","href":"https:\/\/api.w.org\/{rel}","templated":true}]}}