{"id":15176,"date":"2020-04-28T15:38:14","date_gmt":"2020-04-28T14:38:14","guid":{"rendered":"https:\/\/www.ateti.pt\/loja\/?post_type=product&#038;p=15176"},"modified":"2025-05-07T17:48:58","modified_gmt":"2025-05-07T16:48:58","slug":"acucar-amarelo-1-kg-rar","status":"publish","type":"product","link":"https:\/\/www.ateti.pt\/loja\/produto\/acucar-amarelo-1-kg-rar\/","title":{"rendered":"A\u00e7\u00facar Amarelo 1Kg RAR"},"content":{"rendered":"<h5>A\u00e7\u00facar Amarelo RAR<\/h5>\n<p><strong>Quantidade:<\/strong> 1Kg<\/p>\n<p>O a\u00e7\u00facar amarelo tem uma cor, sabor e aroma caracter\u00edsticos, pois mant\u00e9m parte dos corantes naturais da cana-de-a\u00e7\u00facar. Sendo um a\u00e7\u00facar mais h\u00famido e de f\u00e1cil dissolu\u00e7\u00e3o \u00e9 ideal para massas onde o teor de humidade \u00e9 importante, como por exemplo, nos doces regionais e tradicionais. Este a\u00e7\u00facar confere tamb\u00e9m um sabor especial ao ch\u00e1, caf\u00e9 e caipirinhas.<\/p>\n<p>Sugest\u00e3o de receita<\/p>\n<h5>Bolo de cenoura<\/h5>\n<p><strong>Ingredientes:<\/strong><\/p>\n<div class=\"ingredient-list__steps\">\n<ul class=\"brand-body-copy-recipe\">\n<li>2 cenouras raladas<\/li>\n<li>2 ch\u00e1venas de A\u00e7\u00facar Amarelo<\/li>\n<li>2 ch\u00e1venas de farinha<\/li>\n<li>4 ovos<\/li>\n<li>1 colher de fermento<\/li>\n<\/ul>\n<\/div>\n<div class=\"ingredient-list__steps\">\n<h3 class=\"brand-sub-subheading\">COBERTURA<\/h3>\n<ul class=\"brand-body-copy-recipe\">\n<li>2 colheres de sopa de \u00e1gua<\/li>\n<li>2 colheres de sopa de A\u00e7\u00facar em P\u00f3<\/li>\n<li>2 colheres de sopa de chocolate<\/li>\n<li>2 colheres de sopa de margarina<\/li>\n<\/ul>\n<p><strong>Prepara\u00e7\u00e3o:<\/strong><\/p>\n<p>1. Misture a farinha, o A\u00e7\u00facar Amarelo , os ovos e o fermento. Bata tudo muito bem e por fim junte as cenouras raladas.<\/p>\n<p>2. Leve ao forno a cozer durante 30 minutos.<\/p>\n<p>3. Enquanto o bolo est\u00e1 no forno pode preparar a cobertura. Coloque a \u00e1gua, a margarina, o\u00a0A\u00e7\u00facar em P\u00f3 e o chocolate ao lume. Mexa at\u00e9 ficar bem ligado.<\/p>\n<p>4. Fa\u00e7a uns furos no bolo e regue-o com a cobertura de chocolate.<\/p>\n<p>Veja mais em <a href=\"https:\/\/www.ateti.pt\/loja\/categoria\/mercearia\/farinhaeacucares\/\">Farinhas e A\u00e7\u00facares<\/a><\/p>\n<\/div>\n","protected":false},"excerpt":{"rendered":"<p>2.19\u20ac\/KG<\/p>\n","protected":false},"featured_media":45022,"comment_status":"closed","ping_status":"closed","template":"","meta":{"_themeisle_gutenberg_block_has_review":false},"product_brand":[],"product_cat":[188,132],"product_tag":[],"woo-feed-brand":[],"class_list":{"0":"post-15176","1":"product","2":"type-product","3":"status-publish","4":"has-post-thumbnail","6":"product_cat-farinhaeacucares","7":"product_cat-mercearia","8":"ts_product_brand-rar","10":"first","11":"instock","12":"taxable","13":"shipping-taxable","14":"purchasable","15":"product-type-simple"},"_links":{"self":[{"href":"https:\/\/www.ateti.pt\/loja\/wp-json\/wp\/v2\/product\/15176","targetHints":{"allow":["GET"]}}],"collection":[{"href":"https:\/\/www.ateti.pt\/loja\/wp-json\/wp\/v2\/product"}],"about":[{"href":"https:\/\/www.ateti.pt\/loja\/wp-json\/wp\/v2\/types\/product"}],"replies":[{"embeddable":true,"href":"https:\/\/www.ateti.pt\/loja\/wp-json\/wp\/v2\/comments?post=15176"}],"wp:featuredmedia":[{"embeddable":true,"href":"https:\/\/www.ateti.pt\/loja\/wp-json\/wp\/v2\/media\/45022"}],"wp:attachment":[{"href":"https:\/\/www.ateti.pt\/loja\/wp-json\/wp\/v2\/media?parent=15176"}],"wp:term":[{"taxonomy":"product_brand","embeddable":true,"href":"https:\/\/www.ateti.pt\/loja\/wp-json\/wp\/v2\/product_brand?post=15176"},{"taxonomy":"product_cat","embeddable":true,"href":"https:\/\/www.ateti.pt\/loja\/wp-json\/wp\/v2\/product_cat?post=15176"},{"taxonomy":"product_tag","embeddable":true,"href":"https:\/\/www.ateti.pt\/loja\/wp-json\/wp\/v2\/product_tag?post=15176"},{"taxonomy":"woo-feed-brand","embeddable":true,"href":"https:\/\/www.ateti.pt\/loja\/wp-json\/wp\/v2\/woo-feed-brand?post=15176"}],"curies":[{"name":"wp","href":"https:\/\/api.w.org\/{rel}","templated":true}]}}